{"id":11674,"date":"2025-12-05T10:43:44","date_gmt":"2025-12-05T10:43:44","guid":{"rendered":"https:\/\/www.biotrial.com\/?page_id=11674"},"modified":"2025-12-10T14:51:04","modified_gmt":"2025-12-10T14:51:04","slug":"modelisation-pop-pk-et-pk-pd","status":"publish","type":"page","link":"https:\/\/www.biotrial.com\/fr-ca\/modelisation-pop-pk-et-pk-pd\/","title":{"rendered":"Mod\u00e9lisation Pop-PK et PK\/PD"},"content":{"rendered":"\n    <section class=\"acf anchors-depth-3 positionStickyElement\" id=\"\">\n        <div class=\"container\">\n            <div class=\"left\">\n                                    <a href=\"https:\/\/www.biotrial.com\/fr-ca\/\" class=\"link return\">Retour<\/a>\n                            <\/div>\n            <div class=\"right\">\n                                    <a class=\"anchor\" href=\"#blockservices\">\n                        <span>Services<\/span>\n                    <\/a>\n                                    <a class=\"anchor\" href=\"#blockb\u00e9n\u00e9fices\">\n                        <span>B\u00e9n\u00e9fices<\/span>\n                    <\/a>\n                                    <a class=\"anchor\" href=\"#blockD\u00e9couvrir\u00e9galement\">\n                        <span>D\u00e9couvrir \u00e9galement<\/span>\n                    <\/a>\n                            <\/div>\n        <\/div>\n    <\/section>\n\n\n\n<section class=\"acf header-depth-3\" id=\"blockservices\">\n    <div class=\"container large\">\n                    <div class=\"container\">\n                <div class=\"content\">\n                                            <h1>Mod\u00e9lisation Pop-PK et PK\/PD<\/h1>\n                                                                <p>Chez Biotrial, nos services de <strong>mod\u00e9lisation Pop-PK et PK\/PD<\/strong> constituent la pierre angulaire d\u2019une strat\u00e9gie de <strong>d\u00e9veloppement de m\u00e9dicament guid\u00e9 par la mod\u00e9lisation (MIDD \u2013 Model-Informed Drug Development).<\/strong><\/p>\n<p>Gr\u00e2ce \u00e0 des <strong>approches pharmacom\u00e9triques avanc\u00e9es<\/strong>, nous vous aidons \u00e0 approfondir la compr\u00e9hension du <strong>profil pharmacocin\u00e9tique (PK)<\/strong> de votre mol\u00e9cule, \u00e0 <strong>concevoir des essais cliniques<\/strong> plus efficaces, \u00e0 <strong>optimiser les sch\u00e9mas posologiques<\/strong> et \u00e0 <strong>r\u00e9duire les risques<\/strong> tout au long du d\u00e9veloppement \u2014 des <strong>phases I \u00e0 III<\/strong> jusqu\u2019\u00e0 la p\u00e9riode post-commercialisation.<\/p>\n\n                                    <\/div>\n            <\/div>\n                            <picture>\n                <source type=\"image\/webp\"\n                    srcset=\"https:\/\/www.biotrial.com\/app\/uploads\/2025\/05\/pexels-energepic-com-27411-159888-1060x400.webp, https:\/\/www.biotrial.com\/app\/uploads\/2025\/05\/pexels-energepic-com-27411-159888-1060x400@2x.webp 2x\">\n                <source type=\"image\/jpeg\"\n                    srcset=\"https:\/\/www.biotrial.com\/app\/uploads\/2025\/05\/pexels-energepic-com-27411-159888-1060x400.jpg, https:\/\/www.biotrial.com\/app\/uploads\/2025\/05\/pexels-energepic-com-27411-159888-1060x400@2x.jpg 2x\">\n                <img decoding=\"async\" src=\"https:\/\/www.biotrial.com\/app\/uploads\/2025\/05\/pexels-energepic-com-27411-159888-1060x400.jpg\" alt=\"Biotrial_Datascience_in_silico_trials\"\n                    width=\"1060\" height=\"400\" loading=\"lazy\" \/>\n            <\/picture>\n            <\/div>\n<\/section>\n\n\n<section class=\"acf text-rounded-image\" style=\"background-color:#179e74\" id=\"blockSolutions\">\n    <div class=\"container\">\n                    <div class=\"left\">\n                <picture>\n                    <source type=\"image\/webp\"\n                        srcset=\"https:\/\/www.biotrial.com\/app\/uploads\/2023\/10\/2211023-biotrial-pdv-reportage-01-186-1-scaled-540x540-c-default.webp, https:\/\/www.biotrial.com\/app\/uploads\/2023\/10\/2211023-biotrial-pdv-reportage-01-186-1-scaled-540x540-c-default@2x.webp 2x\">\n                    <source type=\"image\/jpeg\"\n                        srcset=\"https:\/\/www.biotrial.com\/app\/uploads\/2023\/10\/2211023-biotrial-pdv-reportage-01-186-1-scaled-540x540-c-default.jpg, https:\/\/www.biotrial.com\/app\/uploads\/2023\/10\/2211023-biotrial-pdv-reportage-01-186-1-scaled-540x540-c-default@2x.jpg 2x\">\n                    <img decoding=\"async\" loading=\"lazy\" src=\"https:\/\/www.biotrial.com\/app\/uploads\/2023\/10\/2211023-biotrial-pdv-reportage-01-186-1-scaled-540x540-c-default.jpg\" alt=\"Biotrial_datascience_in_silico_trials\"\n                        width=\"540\" height=\"540\" \/>\n                <\/picture>\n            <\/div>\n                <div class=\"right\">\n                            <h2>Qu\u2019est-ce que la mod\u00e9lisation et la simulation cliniques ?<\/h2>\n                                        <p>La <strong>mod\u00e9lisation et simulation en recherche clinique<\/strong> repose sur l\u2019utilisation de <strong>mod\u00e8les math\u00e9matiques<\/strong> permettant de pr\u00e9dire la mani\u00e8re dont un m\u00e9dicament se comporte dans l\u2019organisme (<strong>PK<\/strong>) et comment il agit sur celui-ci (<strong>PD<\/strong>). Ces pr\u00e9dictions s\u2019appuient sur des <strong>donn\u00e9es pr\u00e9cliniques et cliniques<\/strong>, offrant aux sponsors la possibilit\u00e9 de simuler diff\u00e9rents sc\u00e9narios hypoth\u00e9tiques (\u201c<strong><em>what-if<\/em><\/strong>\u201d) sans avoir \u00e0 r\u00e9aliser d\u2019essais suppl\u00e9mentaires.<\/p>\n\n                    <\/div>\n    <\/div>\n<\/section>\n\n<section class=\"core-inline core-heading\" ><div class=\"container\">\n<h4 class=\"wp-block-heading\" style=\"font-style:normal;font-weight:400\"><strong>L\u2019\u00e9quipe de Biotrial allie rigueur scientifique et outils de pointe pour fournir des analyses strat\u00e9giques, notamment :<\/strong><\/h4>\n<\/div><\/section>\n\n<div class=\"core core-columns\" ><div class=\"container\">\n<div class=\"wp-block-columns is-layout-flex wp-container-core-columns-is-layout-9d6595d7 wp-block-columns-is-layout-flex\">\n<div class=\"wp-block-column is-layout-flow wp-block-column-is-layout-flow\">\n<h2 class=\"wp-block-heading\" style=\"font-style:normal;font-weight:400\"><strong>Mod\u00e9lisation de la pharmacocin\u00e9tique de population (Pop-PK)<\/strong><\/h2>\n\n\n\n<p>Comprendre la <strong>variabilit\u00e9 interindividuelle<\/strong> de l\u2019exposition au m\u00e9dicament au sein de diff\u00e9rents sous-groupes de patients, et simuler les profils concentration-temps selon diverses populations (par exemple : sujets sains, personnes \u00e2g\u00e9es, patients p\u00e9diatriques ou pr\u00e9sentant une insuffisance organique).<\/p>\n<\/div>\n\n\n\n<div class=\"wp-block-column is-layout-flow wp-block-column-is-layout-flow\">\n<h2 class=\"wp-block-heading\" style=\"font-style:normal;font-weight:400\"><strong>Mod\u00e9lisation PK\/PD<\/strong> <br><\/h2>\n\n\n\n<p>\u00c9tablir le lien entre l\u2019<strong>exposition au m\u00e9dicament<\/strong> et ses effets th\u00e9rapeutiques ou ind\u00e9sirables, afin d\u2019identifier pr\u00e9cocement le sch\u00e9ma posologique optimal.<\/p>\n<\/div>\n<\/div>\n<\/div><\/div>\n\n\n<section class=\"acf grid-content\" id=\"blockb\u00e9n\u00e9fices\">\n    <div class=\"container large\">\n                    <div class=\"left\">\n                                    <h2>Valeurs ajout\u00e9es<\/h2>\n                                            <\/div>\n                            <div class=\"right\">\n                                                            <div class=\"row\">\n                                        <div class=\"block\">\n                                                    <div class=\"contain-img\">\n                                <picture>\n                                    <source type=\"image\/jpeg\"\n                                        srcset=\"https:\/\/www.biotrial.com\/app\/uploads\/2025\/05\/temps-restant.png, https:\/\/www.biotrial.com\/app\/uploads\/2025\/05\/temps-restant@2x.png 2x\">\n                                    <img decoding=\"async\" src=\"https:\/\/www.biotrial.com\/app\/uploads\/2025\/05\/temps-restant.png\" alt=\"timelines\"\n                                        width=\"45\" height=\"45\" loading=\"lazy\" \/>\n                                <\/picture>\n                            <\/div>\n                                                                            <h3>Acc\u00e9l\u00e9ration des d\u00e9lais de d\u00e9veloppement<\/h3>\n                                                                            <div class=\"contain-txt\">\n                                <p>R\u00e9duisez le nombre d\u2019<strong>essais inutiles<\/strong> en pr\u00e9disant les <strong>performances du m\u00e9dicament<\/strong> avant les tests chez l\u2019humain.<\/p>\n\n                            <\/div>\n                                            <\/div>\n                                                                                                <div class=\"block\">\n                                                    <div class=\"contain-img\">\n                                <picture>\n                                    <source type=\"image\/jpeg\"\n                                        srcset=\"https:\/\/www.biotrial.com\/app\/uploads\/2025\/05\/base-de-donnees.png, https:\/\/www.biotrial.com\/app\/uploads\/2025\/05\/base-de-donnees@2x.png 2x\">\n                                    <img decoding=\"async\" src=\"https:\/\/www.biotrial.com\/app\/uploads\/2025\/05\/base-de-donnees.png\" alt=\"data\"\n                                        width=\"45\" height=\"45\" loading=\"lazy\" \/>\n                                <\/picture>\n                            <\/div>\n                                                                            <h3>Prise de d\u00e9cision \u00e9clair\u00e9e<\/h3>\n                                                                            <div class=\"contain-txt\">\n                                <p>Prendre des d\u00e9cisions \u00ab <strong>go\/no-go<\/strong> \u00bb fond\u00e9es sur les <strong>donn\u00e9es<\/strong> \u00e0 chaque \u00e9tape du d\u00e9veloppement.<\/p>\n\n                            <\/div>\n                                            <\/div>\n                                            <\/div>\n                                                                                                    <div class=\"row\">\n                                        <div class=\"block\">\n                                                    <div class=\"contain-img\">\n                                <picture>\n                                    <source type=\"image\/jpeg\"\n                                        srcset=\"https:\/\/www.biotrial.com\/app\/uploads\/2025\/05\/conformite-reglementaire.png, https:\/\/www.biotrial.com\/app\/uploads\/2025\/05\/conformite-reglementaire@2x.png 2x\">\n                                    <img decoding=\"async\" src=\"https:\/\/www.biotrial.com\/app\/uploads\/2025\/05\/conformite-reglementaire.png\" alt=\"regulatory\"\n                                        width=\"45\" height=\"45\" loading=\"lazy\" \/>\n                                <\/picture>\n                            <\/div>\n                                                                            <h3>Confiance r\u00e9glementaire<\/h3>\n                                                                            <div class=\"contain-txt\">\n                                <p>Les <strong>agences r\u00e9glementaires<\/strong>, notamment la <strong>FDA<\/strong> et l\u2019<strong>EMA<\/strong>, encouragent activement les approches fond\u00e9es sur la <strong>mod\u00e9lisation<\/strong> pour la <strong>justification des doses<\/strong> et la <strong>conception des essais cliniques<\/strong>.<\/p>\n\n                            <\/div>\n                                            <\/div>\n                                                                                                <div class=\"block\">\n                                                    <div class=\"contain-img\">\n                                <picture>\n                                    <source type=\"image\/jpeg\"\n                                        srcset=\"https:\/\/www.biotrial.com\/app\/uploads\/2025\/05\/money-management.png, https:\/\/www.biotrial.com\/app\/uploads\/2025\/05\/money-management@2x.png 2x\">\n                                    <img decoding=\"async\" src=\"https:\/\/www.biotrial.com\/app\/uploads\/2025\/05\/money-management.png\" alt=\"\"\n                                        width=\"45\" height=\"45\" loading=\"lazy\" \/>\n                                <\/picture>\n                            <\/div>\n                                                                            <h3>Efficience \u00e9conomique<\/h3>\n                                                                            <div class=\"contain-txt\">\n                                <p>R\u00e9duisez les <strong>co\u00fbts<\/strong> en \u00e9liminant les <strong>\u00e9tudes redondantes<\/strong> et en optimisant l\u2019<strong>allocation des ressources<\/strong> gr\u00e2ce \u00e0 des strat\u00e9gies <strong>guid\u00e9es par la simulation<\/strong>.<\/p>\n\n                            <\/div>\n                                            <\/div>\n                                            <\/div>\n                                                                    <\/div>\n            <\/div>\n<\/section>\n\n<section class=\"core-inline core-heading\" ><div class=\"container\">\n<h2 class=\"wp-block-heading\">Notre approche : strat\u00e9gique, adaptative et int\u00e9gr\u00e9e<\/h2>\n<\/div><\/section>\n\n<section class=\"core-inline core-paragraph\" ><div class=\"container\">\n<p class=\"has-gris-clair-background-color has-background\">Les services de <strong>mod\u00e9lisation et simulation <\/strong>de Biotrial sont pleinement int\u00e9gr\u00e9s \u00e0 nos \u00e9quipes de <strong>pharmacologie clinique<\/strong>, de <strong>biostatistique<\/strong> et de <strong>Data Science<\/strong>.<br>Que vous ayez besoin d\u2019un <strong>mod\u00e8le PK\/PD<\/strong> autonome ou d\u2019un <strong>accompagnement complet<\/strong> <strong>en<\/strong> <strong>M&amp;S<\/strong> depuis les \u00e9tudes de <strong>premi\u00e8re administration chez l\u2019homme (FIH)<\/strong> jusqu\u2019aux phases avanc\u00e9es de d\u00e9veloppement, nous adaptons notre strat\u00e9gie \u00e0 vos besoins.<\/p>\n<\/div><\/section>\n\n\n<section class=\"acf links\" id=\"blockD\u00e9couvrir\u00e9galement\">\n    <div class=\"container\">\n                    <h2>D\u00e9couvrir \u00e9galement<\/h2>\n                <div class=\"links\">\n                            <a class=\"link-slider\" href=\"https:\/\/www.biotrial.com\/fr-ca\/donnees-de-vie-reelle\/\">\n                                            <span class=\"label\">Donn\u00e9es de vie r\u00e9elle<\/span>\n                                    <\/a>\n                            <a class=\"link-slider\" href=\"https:\/\/www.biotrial.com\/fr-ca\/essais-cliniques-in-silico\/\">\n                                            <span class=\"label\">Essais cliniques In-Silico<\/span>\n                                    <\/a>\n                            <a class=\"link-slider\" href=\"https:\/\/www.biotrial.com\/fr-ca\/solutions-services\/biometrie\/capture-electronique-donnees\/\">\n                                            <span class=\"label\">La capture \u00e9lectronique de Donn\u00e9es (EDC)<\/span>\n                                    <\/a>\n                            <a class=\"link-slider\" href=\"https:\/\/www.biotrial.com\/fr-ca\/solutions-services\/biometrie\/gestion-des-donnees\/\">\n                                            <span class=\"label\">Gestion des donn\u00e9es<\/span>\n                                    <\/a>\n                            <a class=\"link-slider\" href=\"https:\/\/www.biotrial.com\/fr-ca\/solutions-services\/biometrie\/biostatistique\/\">\n                                            <span class=\"label\">Biostatistique<\/span>\n                                    <\/a>\n                            <a class=\"link-slider\" href=\"https:\/\/www.biotrial.com\/fr-ca\/solutions-services\/biometrie\/redaction-medicale\/\" target=\"_blank\">\n                                            <span class=\"label\">R\u00e9daction m\u00e9dicale<\/span>\n                                    <\/a>\n                    <\/div>\n    <\/div>\n<\/section>","protected":false},"excerpt":{"rendered":"<p>L\u2019\u00e9quipe de Biotrial allie rigueur scientifique et outils de pointe pour fournir des analyses strat\u00e9giques, notamment : Mod\u00e9lisation de la pharmacocin\u00e9tique de population (Pop-PK) Comprendre la variabilit\u00e9 interindividuelle de l\u2019exposition au m\u00e9dicament au sein de diff\u00e9rents sous-groupes de patients, et simuler les profils concentration-temps selon diverses populations (par exemple : sujets sains, personnes \u00e2g\u00e9es, patients [&hellip;]<\/p>\n","protected":false},"author":10,"featured_media":0,"parent":0,"menu_order":0,"comment_status":"closed","ping_status":"closed","template":"","meta":{"_acf_changed":false,"footnotes":""},"class_list":["post-11674","page","type-page","status-publish","hentry"],"acf":[],"yoast_head":"<!-- This site is optimized with the Yoast SEO plugin v27.4 - https:\/\/yoast.com\/product\/yoast-seo-wordpress\/ -->\n<title>CRO | Services de Data Science | Mod\u00e9lisation Pop-PK &amp; PK\/PD | Biotrial<\/title>\n<meta name=\"description\" content=\"La mod\u00e9lisation Pop-PK et PK\/PD est essentielle pour comprendre le comportement d\u2019un m\u00e9dicament dans des populations de patients diverses.\" \/>\n<meta name=\"robots\" content=\"index, follow, max-snippet:-1, max-image-preview:large, max-video-preview:-1\" \/>\n<link rel=\"canonical\" href=\"https:\/\/www.biotrial.com\/fr-ca\/modelisation-pop-pk-et-pk-pd\/\" \/>\n<meta property=\"og:locale\" content=\"fr_CA\" \/>\n<meta property=\"og:type\" content=\"article\" \/>\n<meta property=\"og:title\" content=\"CRO | Services de Data Science | Mod\u00e9lisation Pop-PK &amp; PK\/PD | Biotrial\" \/>\n<meta property=\"og:description\" content=\"La mod\u00e9lisation Pop-PK et PK\/PD est essentielle pour comprendre le comportement d\u2019un m\u00e9dicament dans des populations de patients diverses.\" \/>\n<meta property=\"og:url\" content=\"https:\/\/www.biotrial.com\/fr-ca\/modelisation-pop-pk-et-pk-pd\/\" \/>\n<meta property=\"og:site_name\" content=\"Biotrial\" \/>\n<meta property=\"article:modified_time\" content=\"2025-12-10T14:51:04+00:00\" \/>\n<meta name=\"twitter:card\" content=\"summary_large_image\" \/>\n<meta name=\"twitter:label1\" content=\"Est. reading time\" \/>\n\t<meta name=\"twitter:data1\" content=\"1 minute\" \/>\n<script type=\"application\/ld+json\" class=\"yoast-schema-graph\">{\"@context\":\"https:\\\/\\\/schema.org\",\"@graph\":[{\"@type\":\"WebPage\",\"@id\":\"https:\\\/\\\/www.biotrial.com\\\/fr-ca\\\/modelisation-pop-pk-et-pk-pd\\\/\",\"url\":\"https:\\\/\\\/www.biotrial.com\\\/fr-ca\\\/modelisation-pop-pk-et-pk-pd\\\/\",\"name\":\"CRO | Services de Data Science | Mod\u00e9lisation Pop-PK & PK\\\/PD | Biotrial\",\"isPartOf\":{\"@id\":\"https:\\\/\\\/www.biotrial.com\\\/fr-ca\\\/#website\"},\"datePublished\":\"2025-12-05T10:43:44+00:00\",\"dateModified\":\"2025-12-10T14:51:04+00:00\",\"description\":\"La mod\u00e9lisation Pop-PK et PK\\\/PD est essentielle pour comprendre le comportement d\u2019un m\u00e9dicament dans des populations de patients diverses.\",\"breadcrumb\":{\"@id\":\"https:\\\/\\\/www.biotrial.com\\\/fr-ca\\\/modelisation-pop-pk-et-pk-pd\\\/#breadcrumb\"},\"inLanguage\":\"fr-CA\",\"potentialAction\":[{\"@type\":\"ReadAction\",\"target\":[\"https:\\\/\\\/www.biotrial.com\\\/fr-ca\\\/modelisation-pop-pk-et-pk-pd\\\/\"]}]},{\"@type\":\"BreadcrumbList\",\"@id\":\"https:\\\/\\\/www.biotrial.com\\\/fr-ca\\\/modelisation-pop-pk-et-pk-pd\\\/#breadcrumb\",\"itemListElement\":[{\"@type\":\"ListItem\",\"position\":1,\"name\":\"Home\",\"item\":\"https:\\\/\\\/www.biotrial.com\\\/fr-ca\\\/\"},{\"@type\":\"ListItem\",\"position\":2,\"name\":\"Mod\u00e9lisation Pop-PK et PK\\\/PD\"}]},{\"@type\":\"WebSite\",\"@id\":\"https:\\\/\\\/www.biotrial.com\\\/fr-ca\\\/#website\",\"url\":\"https:\\\/\\\/www.biotrial.com\\\/fr-ca\\\/\",\"name\":\"Biotrial\",\"description\":\"Just another WordPress site\",\"potentialAction\":[{\"@type\":\"SearchAction\",\"target\":{\"@type\":\"EntryPoint\",\"urlTemplate\":\"https:\\\/\\\/www.biotrial.com\\\/fr-ca\\\/?s={search_term_string}\"},\"query-input\":{\"@type\":\"PropertyValueSpecification\",\"valueRequired\":true,\"valueName\":\"search_term_string\"}}],\"inLanguage\":\"fr-CA\"}]}<\/script>\n<!-- \/ Yoast SEO plugin. -->","yoast_head_json":{"title":"CRO | Services de Data Science | Mod\u00e9lisation Pop-PK & PK\/PD | Biotrial","description":"La mod\u00e9lisation Pop-PK et PK\/PD est essentielle pour comprendre le comportement d\u2019un m\u00e9dicament dans des populations de patients diverses.","robots":{"index":"index","follow":"follow","max-snippet":"max-snippet:-1","max-image-preview":"max-image-preview:large","max-video-preview":"max-video-preview:-1"},"canonical":"https:\/\/www.biotrial.com\/fr-ca\/modelisation-pop-pk-et-pk-pd\/","og_locale":"fr_CA","og_type":"article","og_title":"CRO | Services de Data Science | Mod\u00e9lisation Pop-PK & PK\/PD | Biotrial","og_description":"La mod\u00e9lisation Pop-PK et PK\/PD est essentielle pour comprendre le comportement d\u2019un m\u00e9dicament dans des populations de patients diverses.","og_url":"https:\/\/www.biotrial.com\/fr-ca\/modelisation-pop-pk-et-pk-pd\/","og_site_name":"Biotrial","article_modified_time":"2025-12-10T14:51:04+00:00","twitter_card":"summary_large_image","twitter_misc":{"Est. reading time":"1 minute"},"schema":{"@context":"https:\/\/schema.org","@graph":[{"@type":"WebPage","@id":"https:\/\/www.biotrial.com\/fr-ca\/modelisation-pop-pk-et-pk-pd\/","url":"https:\/\/www.biotrial.com\/fr-ca\/modelisation-pop-pk-et-pk-pd\/","name":"CRO | Services de Data Science | Mod\u00e9lisation Pop-PK & PK\/PD | Biotrial","isPartOf":{"@id":"https:\/\/www.biotrial.com\/fr-ca\/#website"},"datePublished":"2025-12-05T10:43:44+00:00","dateModified":"2025-12-10T14:51:04+00:00","description":"La mod\u00e9lisation Pop-PK et PK\/PD est essentielle pour comprendre le comportement d\u2019un m\u00e9dicament dans des populations de patients diverses.","breadcrumb":{"@id":"https:\/\/www.biotrial.com\/fr-ca\/modelisation-pop-pk-et-pk-pd\/#breadcrumb"},"inLanguage":"fr-CA","potentialAction":[{"@type":"ReadAction","target":["https:\/\/www.biotrial.com\/fr-ca\/modelisation-pop-pk-et-pk-pd\/"]}]},{"@type":"BreadcrumbList","@id":"https:\/\/www.biotrial.com\/fr-ca\/modelisation-pop-pk-et-pk-pd\/#breadcrumb","itemListElement":[{"@type":"ListItem","position":1,"name":"Home","item":"https:\/\/www.biotrial.com\/fr-ca\/"},{"@type":"ListItem","position":2,"name":"Mod\u00e9lisation Pop-PK et PK\/PD"}]},{"@type":"WebSite","@id":"https:\/\/www.biotrial.com\/fr-ca\/#website","url":"https:\/\/www.biotrial.com\/fr-ca\/","name":"Biotrial","description":"Just another WordPress site","potentialAction":[{"@type":"SearchAction","target":{"@type":"EntryPoint","urlTemplate":"https:\/\/www.biotrial.com\/fr-ca\/?s={search_term_string}"},"query-input":{"@type":"PropertyValueSpecification","valueRequired":true,"valueName":"search_term_string"}}],"inLanguage":"fr-CA"}]}},"_links":{"self":[{"href":"https:\/\/www.biotrial.com\/fr-ca\/wp-json\/wp\/v2\/pages\/11674","targetHints":{"allow":["GET"]}}],"collection":[{"href":"https:\/\/www.biotrial.com\/fr-ca\/wp-json\/wp\/v2\/pages"}],"about":[{"href":"https:\/\/www.biotrial.com\/fr-ca\/wp-json\/wp\/v2\/types\/page"}],"author":[{"embeddable":true,"href":"https:\/\/www.biotrial.com\/fr-ca\/wp-json\/wp\/v2\/users\/10"}],"replies":[{"embeddable":true,"href":"https:\/\/www.biotrial.com\/fr-ca\/wp-json\/wp\/v2\/comments?post=11674"}],"version-history":[{"count":16,"href":"https:\/\/www.biotrial.com\/fr-ca\/wp-json\/wp\/v2\/pages\/11674\/revisions"}],"predecessor-version":[{"id":11818,"href":"https:\/\/www.biotrial.com\/fr-ca\/wp-json\/wp\/v2\/pages\/11674\/revisions\/11818"}],"wp:attachment":[{"href":"https:\/\/www.biotrial.com\/fr-ca\/wp-json\/wp\/v2\/media?parent=11674"}],"curies":[{"name":"wp","href":"https:\/\/api.w.org\/{rel}","templated":true}]}}