{"id":11675,"date":"2025-12-05T10:12:57","date_gmt":"2025-12-05T10:12:57","guid":{"rendered":"https:\/\/www.biotrial.com\/?page_id=11675"},"modified":"2025-12-10T14:42:43","modified_gmt":"2025-12-10T14:42:43","slug":"essais-cliniques-in-silico","status":"publish","type":"page","link":"https:\/\/www.biotrial.com\/fr-ca\/essais-cliniques-in-silico\/","title":{"rendered":"Essais cliniques In-Silico"},"content":{"rendered":"\n    <section class=\"acf anchors-depth-3 positionStickyElement\" id=\"\">\n        <div class=\"container\">\n            <div class=\"left\">\n                                    <a href=\"https:\/\/www.biotrial.com\/fr-ca\/\" class=\"link return\">Retour<\/a>\n                            <\/div>\n            <div class=\"right\">\n                                    <a class=\"anchor\" href=\"#blockServices\">\n                        <span>Services<\/span>\n                    <\/a>\n                                    <a class=\"anchor\" href=\"#blockB\u00e9n\u00e9fices\">\n                        <span>B\u00e9n\u00e9fices<\/span>\n                    <\/a>\n                                    <a class=\"anchor\" href=\"#blockD\u00e9couvrir\u00e9galement\">\n                        <span>D\u00e9couvrir \u00e9galement<\/span>\n                    <\/a>\n                            <\/div>\n        <\/div>\n    <\/section>\n\n\n\n<section class=\"acf header-depth-3\" id=\"\">\n    <div class=\"container large\">\n                    <div class=\"container\">\n                <div class=\"content\">\n                                            <h1>Essais In-Silico <\/h1>\n                                                                <p>Acc\u00e9l\u00e9rez le d\u00e9veloppement de vos m\u00e9dicaments gr\u00e2ce aux essais cliniques in silico<\/p>\n<p>Chez <strong>Biotrial<\/strong>, nous proposons <strong>essais In-Silico<\/strong> \u2014 \u00e9galement appel\u00e9s <strong>essais cliniques synth\u00e9tiques<\/strong> \u2014 pour simuler et pr\u00e9dire les performances des m\u00e9dicaments et interventions m\u00e9dicales \u00e0 l\u2019aide de mod\u00e9lisations avanc\u00e9es. Ces simulations digitales permettent d\u2019optimiser la conception des \u00e9tudes, de r\u00e9duire les co\u00fbts de d\u00e9veloppement, d\u2019am\u00e9liorer la s\u00e9curit\u00e9 des patients et d\u2019acc\u00e9l\u00e9rer la prise de d\u00e9cision tout au long du d\u00e9veloppement clinique.<\/p>\n<p>&nbsp;<\/p>\n\n                                    <\/div>\n            <\/div>\n                            <picture>\n                <source type=\"image\/webp\"\n                    srcset=\"https:\/\/www.biotrial.com\/app\/uploads\/2025\/07\/design-sans-titre5-1060x400.webp, https:\/\/www.biotrial.com\/app\/uploads\/2025\/07\/design-sans-titre5-1060x400@2x.webp 2x\">\n                <source type=\"image\/jpeg\"\n                    srcset=\"https:\/\/www.biotrial.com\/app\/uploads\/2025\/07\/design-sans-titre5-1060x400.jpg, https:\/\/www.biotrial.com\/app\/uploads\/2025\/07\/design-sans-titre5-1060x400@2x.jpg 2x\">\n                <img decoding=\"async\" src=\"https:\/\/www.biotrial.com\/app\/uploads\/2025\/07\/design-sans-titre5-1060x400.jpg\" alt=\"\"\n                    width=\"1060\" height=\"400\" loading=\"lazy\" \/>\n            <\/picture>\n            <\/div>\n<\/section>\n\n\n<section class=\"acf text-rounded-image\" style=\"background-color:#179e74\" id=\"blockSolutions\">\n    <div class=\"container\">\n                    <div class=\"left\">\n                <picture>\n                    <source type=\"image\/webp\"\n                        srcset=\"https:\/\/www.biotrial.com\/app\/uploads\/2023\/10\/2211023-biotrial-pdv-reportage-01-186-1-scaled-540x540-c-default.webp, https:\/\/www.biotrial.com\/app\/uploads\/2023\/10\/2211023-biotrial-pdv-reportage-01-186-1-scaled-540x540-c-default@2x.webp 2x\">\n                    <source type=\"image\/jpeg\"\n                        srcset=\"https:\/\/www.biotrial.com\/app\/uploads\/2023\/10\/2211023-biotrial-pdv-reportage-01-186-1-scaled-540x540-c-default.jpg, https:\/\/www.biotrial.com\/app\/uploads\/2023\/10\/2211023-biotrial-pdv-reportage-01-186-1-scaled-540x540-c-default@2x.jpg 2x\">\n                    <img decoding=\"async\" loading=\"lazy\" src=\"https:\/\/www.biotrial.com\/app\/uploads\/2023\/10\/2211023-biotrial-pdv-reportage-01-186-1-scaled-540x540-c-default.jpg\" alt=\"Biotrial_datascience_in_silico_trials\"\n                        width=\"540\" height=\"540\" \/>\n                <\/picture>\n            <\/div>\n                <div class=\"right\">\n                            <h2>Qu\u2019est-ce qu\u2019un essai In-Silico ?<\/h2>\n                                        <p>Les essais <strong>In-Silico<\/strong> utilisent des environnements simul\u00e9s par ordinateur pour mod\u00e9liser la mani\u00e8re dont un m\u00e9dicament interagit avec le corps humain. Ces simulations reposent sur des donn\u00e9es biologiques, pharmacologiques et cliniques, permettant aux chercheurs de pr\u00e9voir des r\u00e9sultats tels que l\u2019efficacit\u00e9, la s\u00e9curit\u00e9, la r\u00e9ponse \u00e0 la dose et les effets ind\u00e9sirables \u2014 offrant ainsi des informations pr\u00e9cieuses avant m\u00eame de r\u00e9aliser l\u2019essai r\u00e9el.<\/p>\n<p>&nbsp;<\/p>\n\n                    <\/div>\n    <\/div>\n<\/section>\n\n<div class=\"core core-columns\" ><div class=\"container\">\n<div class=\"wp-block-columns are-vertically-aligned-center is-layout-flex wp-container-core-columns-is-layout-9d6595d7 wp-block-columns-is-layout-flex\" id=\"blockServices\">\n<div class=\"wp-block-column is-vertically-aligned-center is-layout-flow wp-block-column-is-layout-flow\" style=\"flex-basis:33.33%\">\n<h2 class=\"wp-block-heading\" style=\"font-style:normal;font-weight:400\"><strong>Cas d\u2019utilisation typiques des essais in silico<\/strong><\/h2>\n\n\n\n<p>Les essais In-Silico sont particuli\u00e8rement pr\u00e9cieux lorsque les essais cliniques r\u00e9els ou randomis\u00e9s sont limit\u00e9s par des contraintes pratiques ou \u00e9thiques.<br>Ils pr\u00e9sentent \u00e9galement un int\u00e9r\u00eat strat\u00e9gique pour tout essai visant \u00e0 r\u00e9duire les risques et pour choisir la bonne dose, des crit\u00e8res d\u2019inclusion\/exclusion ou des param\u00e8tres d\u2019\u00e9valuation.<\/p>\n<\/div>\n\n\n\n<div class=\"wp-block-column is-vertically-aligned-center has-gris-clair-2-background-color has-background is-layout-flow wp-block-column-is-layout-flow\" style=\"flex-basis:66.66%\">\n<div class=\"wp-block-columns are-vertically-aligned-top is-layout-flex wp-container-core-columns-is-layout-9d6595d7 wp-block-columns-is-layout-flex\">\n<div class=\"wp-block-column is-vertically-aligned-top is-layout-flow wp-block-column-is-layout-flow\">\n<p><strong>Exemples d\u2019application :<\/strong><\/p>\n\n\n\n<ul class=\"wp-block-list\">\n<li>Maladies rares, o\u00f9 le recrutement de patients est limit\u00e9.<\/li>\n\n\n\n<li>Sous-populations sp\u00e9cifiques, telles que les patients ob\u00e8ses, les nourrissons, les femmes enceintes ou les patients pr\u00e9sentant une insuffisance h\u00e9patique ou r\u00e9nale.<\/li>\n\n\n\n<li>Enjeux \u00e9thiques, lorsqu\u2019il serait inacceptable de priver un patient d\u2019un traitement actif.<\/li>\n\n\n\n<li>Estimation du risque<strong> <\/strong>entre les phases (par ex. transition de la Phase I \u00e0 la Phase II, ou de la Phase II \u00e0 la Phase III).<\/li>\n\n\n\n<li>S\u00e9lection de la dose pour les \u00e9tudes de Phase II ou III.<br><\/li>\n<\/ul>\n\n\n\n<p>Ces applications permettent aux promoteurs de g\u00e9n\u00e9rer des donn\u00e9es critiques l\u00e0 o\u00f9 les \u00e9tudes traditionnelles atteignent leurs limites.<\/p>\n<\/div>\n<\/div>\n<\/div>\n<\/div>\n<\/div><\/div>\n\n<section class=\"core core-group\" ><div class=\"container\">\n<div id=\"blockServices\" class=\"wp-block-group\"><div class=\"wp-block-group__inner-container is-layout-constrained wp-block-group-is-layout-constrained\">\n<h2 class=\"wp-block-heading\" id=\"blockservices\" style=\"font-style:normal;font-weight:400\"><strong>Services In-Silico propos\u00e9s par Biotrial<\/strong><\/h2>\n\n\n\n<div style=\"height:16px\" aria-hidden=\"true\" class=\"wp-block-spacer\"><\/div>\n\n\n\n<div class=\"wp-block-columns is-layout-flex wp-container-core-columns-is-layout-9d6595d7 wp-block-columns-is-layout-flex\" id=\"insilicoservices\">\n<div class=\"wp-block-column is-layout-flow wp-block-column-is-layout-flow\">\n<h4 class=\"wp-block-heading\" style=\"font-style:normal;font-weight:400\"><strong>Simulation d\u2019essais cliniques et optimisation de la conception des \u00e9tudes<\/strong><\/h4>\n\n\n\n<p>Biotrial propose des <strong>simulations d\u00e9taill\u00e9es<\/strong> prenant en compte la variabilit\u00e9 interindividuelle, les sch\u00e9mas posologiques et les r\u00e9ponses au traitement.<br>Ces mod\u00e8les permettent aux promoteurs de :<\/p>\n\n\n\n<ul class=\"wp-block-list\">\n<li>Optimiser les protocoles d\u2019\u00e9tude pour maximiser l\u2019efficacit\u00e9 et le taux de succ\u00e8s ;<\/li>\n\n\n\n<li>R\u00e9duire le nombre de patients n\u00e9cessaires ;<\/li>\n\n\n\n<li>Identifier les risques avant le d\u00e9marrage des essais ;<\/li>\n\n\n\n<li>Adapter les crit\u00e8res d\u2019inclusion\/exclusion pour mieux cibler les patients.<\/li>\n<\/ul>\n<\/div>\n\n\n\n<div class=\"wp-block-column is-layout-flow wp-block-column-is-layout-flow\">\n<h4 class=\"wp-block-heading\" style=\"font-style:normal;font-weight:400\"><strong>Amplification des donn\u00e9es<br><\/strong><\/h4>\n\n\n\n<p>Lorsque les donn\u00e9es sont incompl\u00e8tes ou limit\u00e9es (petites populations, maladies rares), nos mod\u00e8les permettent de <strong>simuler les points de donn\u00e9es manquants<\/strong>, afin de&nbsp;:<\/p>\n\n\n\n<ul class=\"wp-block-list\">\n<li>Favoriser des d\u00e9cisions go\/no-go mieux inform\u00e9es ;<\/li>\n\n\n\n<li>Tirer des conclusions plus robustes en phases pr\u00e9coces ;<\/li>\n\n\n\n<li>Assurer une transition plus fluide vers les \u00e9tudes pivot.<\/li>\n<\/ul>\n<\/div>\n<\/div>\n<\/div><\/div>\n<\/div><\/section>\n\n\n<section class=\"acf grid-content\" id=\"blockB\u00e9n\u00e9fices\">\n    <div class=\"container large\">\n                    <div class=\"left\">\n                                    <h2>Valeurs ajout\u00e9es<\/h2>\n                                            <\/div>\n                            <div class=\"right\">\n                                                            <div class=\"row\">\n                                        <div class=\"block\">\n                                                    <div class=\"contain-img\">\n                                <picture>\n                                    <source type=\"image\/jpeg\"\n                                        srcset=\"https:\/\/www.biotrial.com\/app\/uploads\/2025\/05\/clinique.png, https:\/\/www.biotrial.com\/app\/uploads\/2025\/05\/clinique@2x.png 2x\">\n                                    <img decoding=\"async\" src=\"https:\/\/www.biotrial.com\/app\/uploads\/2025\/05\/clinique.png\" alt=\"clinical\"\n                                        width=\"45\" height=\"45\" loading=\"lazy\" \/>\n                                <\/picture>\n                            <\/div>\n                                                                            <h3>Acc\u00e9l\u00e9ration du d\u00e9veloppement clinique<\/h3>\n                                                                            <div class=\"contain-txt\">\n                                <p>R\u00e9duction des d\u00e9lais gr\u00e2ce \u00e0 l\u2019identification pr\u00e9coce des \u00e9checs potentiels et \u00e0 l\u2019ajustement des protocoles.<\/p>\n\n                            <\/div>\n                                            <\/div>\n                                                                                                <div class=\"block\">\n                                                    <div class=\"contain-img\">\n                                <picture>\n                                    <source type=\"image\/jpeg\"\n                                        srcset=\"https:\/\/www.biotrial.com\/app\/uploads\/2025\/05\/money-management.png, https:\/\/www.biotrial.com\/app\/uploads\/2025\/05\/money-management@2x.png 2x\">\n                                    <img decoding=\"async\" src=\"https:\/\/www.biotrial.com\/app\/uploads\/2025\/05\/money-management.png\" alt=\"\"\n                                        width=\"45\" height=\"45\" loading=\"lazy\" \/>\n                                <\/picture>\n                            <\/div>\n                                                                            <h3>Economie<\/h3>\n                                                                            <div class=\"contain-txt\">\n                                <p>Limiter le recrutement inutile, les co\u00fbts li\u00e9s aux sites et les co\u00fbts op\u00e9rationnels.<\/p>\n\n                            <\/div>\n                                            <\/div>\n                                            <\/div>\n                                                                                                    <div class=\"row\">\n                                        <div class=\"block\">\n                                                    <div class=\"contain-img\">\n                                <picture>\n                                    <source type=\"image\/jpeg\"\n                                        srcset=\"https:\/\/www.biotrial.com\/app\/uploads\/2025\/05\/lethique-des-affaires.png, https:\/\/www.biotrial.com\/app\/uploads\/2025\/05\/lethique-des-affaires@2x.png 2x\">\n                                    <img decoding=\"async\" src=\"https:\/\/www.biotrial.com\/app\/uploads\/2025\/05\/lethique-des-affaires.png\" alt=\"ethical\"\n                                        width=\"45\" height=\"45\" loading=\"lazy\" \/>\n                                <\/picture>\n                            <\/div>\n                                                                            <h3>Protection des patients<\/h3>\n                                                                            <div class=\"contain-txt\">\n                                <p>Protection des patients contre l\u2019exposition inutile \u00e0 des traitements inefficaces.<\/p>\n\n                            <\/div>\n                                            <\/div>\n                                                                                                <div class=\"block\">\n                                                    <div class=\"contain-img\">\n                                <picture>\n                                    <source type=\"image\/jpeg\"\n                                        srcset=\"https:\/\/www.biotrial.com\/app\/uploads\/2025\/05\/conformite-reglementaire.png, https:\/\/www.biotrial.com\/app\/uploads\/2025\/05\/conformite-reglementaire@2x.png 2x\">\n                                    <img decoding=\"async\" src=\"https:\/\/www.biotrial.com\/app\/uploads\/2025\/05\/conformite-reglementaire.png\" alt=\"regulatory\"\n                                        width=\"45\" height=\"45\" loading=\"lazy\" \/>\n                                <\/picture>\n                            <\/div>\n                                                                            <h3>Conformit\u00e9 r\u00e9glementaire<\/h3>\n                                                                            <div class=\"contain-txt\">\n                                <p>Des simulations r\u00e9pondant aux standards internationaux et soutenant les exigences du Model-Informed Drug Development (MIDD).<\/p>\n\n                            <\/div>\n                                            <\/div>\n                                            <\/div>\n                                                                    <\/div>\n            <\/div>\n<\/section>\n\n\n<section class=\"acf links\" id=\"blockD\u00e9couvrir\u00e9galement\">\n    <div class=\"container\">\n                    <h2>D\u00e9couvrir \u00e9galement<\/h2>\n                <div class=\"links\">\n                            <a class=\"link-slider\" href=\"https:\/\/www.biotrial.com\/fr-ca\/donnees-de-vie-reelle\/\">\n                                            <span class=\"label\">Donn\u00e9es de vie r\u00e9elle<\/span>\n                                    <\/a>\n                            <a class=\"link-slider\" href=\"https:\/\/www.biotrial.com\/fr-ca\/modelisation-pop-pk-et-pk-pd\/\">\n                                            <span class=\"label\">Mod\u00e9lisation Pop-PK et PK\/PD<\/span>\n                                    <\/a>\n                            <a class=\"link-slider\" href=\"https:\/\/www.biotrial.com\/fr-ca\/solutions-services\/biometrie\/\">\n                                            <span class=\"label\">Biom\u00e9trie<\/span>\n                                    <\/a>\n                            <a class=\"link-slider\" href=\"https:\/\/www.biotrial.com\/fr-ca\/solutions-services\/biometrie\/capture-electronique-donnees\/\">\n                                            <span class=\"label\">La Capture Electronique de Donn\u00e9es (EDC)<\/span>\n                                    <\/a>\n                            <a class=\"link-slider\" href=\"https:\/\/www.biotrial.com\/fr-ca\/solutions-services\/biometrie\/gestion-des-donnees\/\">\n                                            <span class=\"label\">Gestion des donn\u00e9es<\/span>\n                                    <\/a>\n                            <a class=\"link-slider\" href=\"https:\/\/www.biotrial.com\/fr-ca\/solutions-services\/biometrie\/biostatistique\/\">\n                                            <span class=\"label\">Biostatistique<\/span>\n                                    <\/a>\n                            <a class=\"link-slider\" href=\"https:\/\/www.biotrial.com\/fr-ca\/solutions-services\/biometrie\/redaction-medicale\/\">\n                                            <span class=\"label\">R\u00e9daction m\u00e9dicale<\/span>\n                                    <\/a>\n                    <\/div>\n    <\/div>\n<\/section>","protected":false},"excerpt":{"rendered":"<p>Cas d\u2019utilisation typiques des essais in silico Les essais In-Silico sont particuli\u00e8rement pr\u00e9cieux lorsque les essais cliniques r\u00e9els ou randomis\u00e9s sont limit\u00e9s par des contraintes pratiques ou \u00e9thiques.Ils pr\u00e9sentent \u00e9galement un int\u00e9r\u00eat strat\u00e9gique pour tout essai visant \u00e0 r\u00e9duire les risques et pour choisir la bonne dose, des crit\u00e8res d\u2019inclusion\/exclusion ou des param\u00e8tres d\u2019\u00e9valuation. Exemples [&hellip;]<\/p>\n","protected":false},"author":10,"featured_media":0,"parent":0,"menu_order":0,"comment_status":"closed","ping_status":"closed","template":"","meta":{"_acf_changed":false,"footnotes":""},"class_list":["post-11675","page","type-page","status-publish","hentry"],"acf":[],"yoast_head":"<!-- This site is optimized with the Yoast SEO plugin v27.4 - https:\/\/yoast.com\/product\/yoast-seo-wordpress\/ -->\n<title>CRO | Services Data Science | Essais cliniques in-silico | Biotrial<\/title>\n<meta name=\"description\" content=\"D\u00e9couvrez comment les essais in silico transforment la recherche clinique en simulant la physiologie humaine.\" \/>\n<meta name=\"robots\" content=\"index, follow, max-snippet:-1, max-image-preview:large, max-video-preview:-1\" \/>\n<link rel=\"canonical\" href=\"https:\/\/www.biotrial.com\/fr-ca\/essais-cliniques-in-silico\/\" \/>\n<meta property=\"og:locale\" content=\"fr_CA\" \/>\n<meta property=\"og:type\" content=\"article\" \/>\n<meta property=\"og:title\" content=\"CRO | Services Data Science | Essais cliniques in-silico | Biotrial\" \/>\n<meta property=\"og:description\" content=\"D\u00e9couvrez comment les essais in silico transforment la recherche clinique en simulant la physiologie humaine.\" \/>\n<meta property=\"og:url\" content=\"https:\/\/www.biotrial.com\/fr-ca\/essais-cliniques-in-silico\/\" \/>\n<meta property=\"og:site_name\" content=\"Biotrial\" \/>\n<meta property=\"article:modified_time\" content=\"2025-12-10T14:42:43+00:00\" \/>\n<meta name=\"twitter:card\" content=\"summary_large_image\" \/>\n<meta name=\"twitter:label1\" content=\"Est. reading time\" \/>\n\t<meta name=\"twitter:data1\" content=\"2 minutes\" \/>\n<script type=\"application\/ld+json\" class=\"yoast-schema-graph\">{\"@context\":\"https:\\\/\\\/schema.org\",\"@graph\":[{\"@type\":\"WebPage\",\"@id\":\"https:\\\/\\\/www.biotrial.com\\\/fr-ca\\\/essais-cliniques-in-silico\\\/\",\"url\":\"https:\\\/\\\/www.biotrial.com\\\/fr-ca\\\/essais-cliniques-in-silico\\\/\",\"name\":\"CRO | Services Data Science | Essais cliniques in-silico | Biotrial\",\"isPartOf\":{\"@id\":\"https:\\\/\\\/www.biotrial.com\\\/fr-ca\\\/#website\"},\"datePublished\":\"2025-12-05T10:12:57+00:00\",\"dateModified\":\"2025-12-10T14:42:43+00:00\",\"description\":\"D\u00e9couvrez comment les essais in silico transforment la recherche clinique en simulant la physiologie humaine.\",\"breadcrumb\":{\"@id\":\"https:\\\/\\\/www.biotrial.com\\\/fr-ca\\\/essais-cliniques-in-silico\\\/#breadcrumb\"},\"inLanguage\":\"fr-CA\",\"potentialAction\":[{\"@type\":\"ReadAction\",\"target\":[\"https:\\\/\\\/www.biotrial.com\\\/fr-ca\\\/essais-cliniques-in-silico\\\/\"]}]},{\"@type\":\"BreadcrumbList\",\"@id\":\"https:\\\/\\\/www.biotrial.com\\\/fr-ca\\\/essais-cliniques-in-silico\\\/#breadcrumb\",\"itemListElement\":[{\"@type\":\"ListItem\",\"position\":1,\"name\":\"Home\",\"item\":\"https:\\\/\\\/www.biotrial.com\\\/fr-ca\\\/\"},{\"@type\":\"ListItem\",\"position\":2,\"name\":\"Essais cliniques In-Silico\"}]},{\"@type\":\"WebSite\",\"@id\":\"https:\\\/\\\/www.biotrial.com\\\/fr-ca\\\/#website\",\"url\":\"https:\\\/\\\/www.biotrial.com\\\/fr-ca\\\/\",\"name\":\"Biotrial\",\"description\":\"Just another WordPress site\",\"potentialAction\":[{\"@type\":\"SearchAction\",\"target\":{\"@type\":\"EntryPoint\",\"urlTemplate\":\"https:\\\/\\\/www.biotrial.com\\\/fr-ca\\\/?s={search_term_string}\"},\"query-input\":{\"@type\":\"PropertyValueSpecification\",\"valueRequired\":true,\"valueName\":\"search_term_string\"}}],\"inLanguage\":\"fr-CA\"}]}<\/script>\n<!-- \/ Yoast SEO plugin. -->","yoast_head_json":{"title":"CRO | Services Data Science | Essais cliniques in-silico | Biotrial","description":"D\u00e9couvrez comment les essais in silico transforment la recherche clinique en simulant la physiologie humaine.","robots":{"index":"index","follow":"follow","max-snippet":"max-snippet:-1","max-image-preview":"max-image-preview:large","max-video-preview":"max-video-preview:-1"},"canonical":"https:\/\/www.biotrial.com\/fr-ca\/essais-cliniques-in-silico\/","og_locale":"fr_CA","og_type":"article","og_title":"CRO | Services Data Science | Essais cliniques in-silico | Biotrial","og_description":"D\u00e9couvrez comment les essais in silico transforment la recherche clinique en simulant la physiologie humaine.","og_url":"https:\/\/www.biotrial.com\/fr-ca\/essais-cliniques-in-silico\/","og_site_name":"Biotrial","article_modified_time":"2025-12-10T14:42:43+00:00","twitter_card":"summary_large_image","twitter_misc":{"Est. reading time":"2 minutes"},"schema":{"@context":"https:\/\/schema.org","@graph":[{"@type":"WebPage","@id":"https:\/\/www.biotrial.com\/fr-ca\/essais-cliniques-in-silico\/","url":"https:\/\/www.biotrial.com\/fr-ca\/essais-cliniques-in-silico\/","name":"CRO | Services Data Science | Essais cliniques in-silico | Biotrial","isPartOf":{"@id":"https:\/\/www.biotrial.com\/fr-ca\/#website"},"datePublished":"2025-12-05T10:12:57+00:00","dateModified":"2025-12-10T14:42:43+00:00","description":"D\u00e9couvrez comment les essais in silico transforment la recherche clinique en simulant la physiologie humaine.","breadcrumb":{"@id":"https:\/\/www.biotrial.com\/fr-ca\/essais-cliniques-in-silico\/#breadcrumb"},"inLanguage":"fr-CA","potentialAction":[{"@type":"ReadAction","target":["https:\/\/www.biotrial.com\/fr-ca\/essais-cliniques-in-silico\/"]}]},{"@type":"BreadcrumbList","@id":"https:\/\/www.biotrial.com\/fr-ca\/essais-cliniques-in-silico\/#breadcrumb","itemListElement":[{"@type":"ListItem","position":1,"name":"Home","item":"https:\/\/www.biotrial.com\/fr-ca\/"},{"@type":"ListItem","position":2,"name":"Essais cliniques In-Silico"}]},{"@type":"WebSite","@id":"https:\/\/www.biotrial.com\/fr-ca\/#website","url":"https:\/\/www.biotrial.com\/fr-ca\/","name":"Biotrial","description":"Just another WordPress site","potentialAction":[{"@type":"SearchAction","target":{"@type":"EntryPoint","urlTemplate":"https:\/\/www.biotrial.com\/fr-ca\/?s={search_term_string}"},"query-input":{"@type":"PropertyValueSpecification","valueRequired":true,"valueName":"search_term_string"}}],"inLanguage":"fr-CA"}]}},"_links":{"self":[{"href":"https:\/\/www.biotrial.com\/fr-ca\/wp-json\/wp\/v2\/pages\/11675","targetHints":{"allow":["GET"]}}],"collection":[{"href":"https:\/\/www.biotrial.com\/fr-ca\/wp-json\/wp\/v2\/pages"}],"about":[{"href":"https:\/\/www.biotrial.com\/fr-ca\/wp-json\/wp\/v2\/types\/page"}],"author":[{"embeddable":true,"href":"https:\/\/www.biotrial.com\/fr-ca\/wp-json\/wp\/v2\/users\/10"}],"replies":[{"embeddable":true,"href":"https:\/\/www.biotrial.com\/fr-ca\/wp-json\/wp\/v2\/comments?post=11675"}],"version-history":[{"count":18,"href":"https:\/\/www.biotrial.com\/fr-ca\/wp-json\/wp\/v2\/pages\/11675\/revisions"}],"predecessor-version":[{"id":11812,"href":"https:\/\/www.biotrial.com\/fr-ca\/wp-json\/wp\/v2\/pages\/11675\/revisions\/11812"}],"wp:attachment":[{"href":"https:\/\/www.biotrial.com\/fr-ca\/wp-json\/wp\/v2\/media?parent=11675"}],"curies":[{"name":"wp","href":"https:\/\/api.w.org\/{rel}","templated":true}]}}