{"id":11676,"date":"2025-12-05T11:36:58","date_gmt":"2025-12-05T11:36:58","guid":{"rendered":"https:\/\/www.biotrial.com\/?page_id=11676"},"modified":"2025-12-10T14:08:39","modified_gmt":"2025-12-10T14:08:39","slug":"donnees-de-vie-reelle","status":"publish","type":"page","link":"https:\/\/www.biotrial.com\/fr-ca\/donnees-de-vie-reelle\/","title":{"rendered":"Donn\u00e9es de vie r\u00e9elle"},"content":{"rendered":"\n    <section class=\"acf anchors-depth-3 positionStickyElement\" id=\"\">\n        <div class=\"container\">\n            <div class=\"left\">\n                                    <a href=\"https:\/\/www.biotrial.com\/fr-ca\/\" class=\"link return\">Retour<\/a>\n                            <\/div>\n            <div class=\"right\">\n                                    <a class=\"anchor\" href=\"#blockServices\">\n                        <span>Services<\/span>\n                    <\/a>\n                                    <a class=\"anchor\" href=\"#blockavantages\">\n                        <span>Avantages<\/span>\n                    <\/a>\n                                    <a class=\"anchor\" href=\"#blockd\u00e9couvrir\u00e9galement\">\n                        <span>D\u00e9couvrir \u00e9galement<\/span>\n                    <\/a>\n                            <\/div>\n        <\/div>\n    <\/section>\n\n\n\n<section class=\"acf header-depth-3\" id=\"\">\n    <div class=\"container large\">\n                    <div class=\"container\">\n                <div class=\"content\">\n                                            <h1>Donn\u00e9es de vie r\u00e9elle<\/h1>\n                                                                <p>Chez Biotrial, nous sommes conscients de l\u2019impact des <strong>donn\u00e9es de sant\u00e9 en vie r\u00e9elle<\/strong> <strong>(RWD \u2013 Real-World Data)<\/strong> dans la recherche clinique et l\u2019am\u00e9lioration des r\u00e9sultats pour les patients.<br \/>\nNos services en <strong>RWD<\/strong> visent \u00e0 combler le foss\u00e9 entre les <strong>essais cliniques contr\u00f4l\u00e9s<\/strong> et la <strong>pratique m\u00e9dicale<\/strong> <strong>quotidienne<\/strong>, en fournissant des informations exploitables qui soutiennent une prise de d\u00e9cision claire tout au long du cycle de d\u00e9veloppement du m\u00e9dicament.<\/p>\n\n                                    <\/div>\n            <\/div>\n                            <picture>\n                <source type=\"image\/webp\"\n                    srcset=\"https:\/\/www.biotrial.com\/app\/uploads\/2025\/05\/istock-478065661-1060x400.webp, https:\/\/www.biotrial.com\/app\/uploads\/2025\/05\/istock-478065661-1060x400@2x.webp 2x\">\n                <source type=\"image\/jpeg\"\n                    srcset=\"https:\/\/www.biotrial.com\/app\/uploads\/2025\/05\/istock-478065661-1060x400.jpg, https:\/\/www.biotrial.com\/app\/uploads\/2025\/05\/istock-478065661-1060x400@2x.jpg 2x\">\n                <img decoding=\"async\" src=\"https:\/\/www.biotrial.com\/app\/uploads\/2025\/05\/istock-478065661-1060x400.jpg\" alt=\"Real world data\"\n                    width=\"1060\" height=\"400\" loading=\"lazy\" \/>\n            <\/picture>\n            <\/div>\n<\/section>\n\n\n<section class=\"acf text-rounded-image\" style=\"background-color:#179e74\" id=\"blockSolutions\">\n    <div class=\"container\">\n                    <div class=\"left\">\n                <picture>\n                    <source type=\"image\/webp\"\n                        srcset=\"https:\/\/www.biotrial.com\/app\/uploads\/2025\/07\/minimalist-schedule-for-real-estate-instagram-post-540x540-c-default.webp, https:\/\/www.biotrial.com\/app\/uploads\/2025\/07\/minimalist-schedule-for-real-estate-instagram-post-540x540-c-default@2x.webp 2x\">\n                    <source type=\"image\/jpeg\"\n                        srcset=\"https:\/\/www.biotrial.com\/app\/uploads\/2025\/07\/minimalist-schedule-for-real-estate-instagram-post-540x540-c-default.jpg, https:\/\/www.biotrial.com\/app\/uploads\/2025\/07\/minimalist-schedule-for-real-estate-instagram-post-540x540-c-default@2x.jpg 2x\">\n                    <img decoding=\"async\" loading=\"lazy\" src=\"https:\/\/www.biotrial.com\/app\/uploads\/2025\/07\/minimalist-schedule-for-real-estate-instagram-post-540x540-c-default.jpg\" alt=\"real world data- Biotrial\"\n                        width=\"540\" height=\"540\" \/>\n                <\/picture>\n            <\/div>\n                <div class=\"right\">\n                            <h2>Comprendre les donn\u00e9es de sant\u00e9 en vie r\u00e9elle<\/h2>\n                                        <p>Les <strong>donn\u00e9es de sant\u00e9 en vie r\u00e9elle<\/strong> comprennent les informations relatives \u00e0 la sant\u00e9 recueillies en dehors du cadre des essais cliniques. Elles incluent notamment les donn\u00e9es collect\u00e9es \u00e0 partir des dossiers m\u00e9dicaux \u00e9lectroniques (DME), des demandes de remboursement d&#8217;assurances, des registres de patients, ainsi que la r\u00e9utilisation de donn\u00e9es issues d\u2019\u00e9tudes de cohortes ou d\u2019essais cliniques ant\u00e9rieurs.<\/p>\n\n                    <\/div>\n    <\/div>\n<\/section>\n\n<section class=\"core-inline core-heading\" ><div class=\"container\">\n<h2 class=\"wp-block-heading\" id=\"blockServices\" style=\"font-style:normal;font-weight:400\"><strong>Services Biotrial en donn\u00e9es de vie r\u00e9elle.<\/strong><\/h2>\n<\/div><\/section>\n\n<section class=\"core-inline core-paragraph\" ><div class=\"container\">\n<p><strong>Analyse de sous-populations<\/strong><\/p>\n<\/div><\/section>\n\n<section class=\"core-inline core-paragraph\" ><div class=\"container\">\n<p>Nous identifions et analysons des sous-groupes sp\u00e9cifiques de patients afin de comprendre les diff\u00e9rentes r\u00e9ponses aux traitements. Cette approche permet de d\u00e9velopper des strat\u00e9gies de m\u00e9decine personnalis\u00e9e, garantissant que les th\u00e9rapies soient adapt\u00e9es aux caract\u00e9ristiques uniques de chaque groupe de patients.<\/p>\n<\/div><\/section>\n\n<section class=\"core-inline core-paragraph\" ><div class=\"container\">\n<p><strong>Amplification des donn\u00e9es et bras de contr\u00f4le synth\u00e9tiques<\/strong><\/p>\n<\/div><\/section>\n\n<section class=\"core-inline core-paragraph\" ><div class=\"container\">\n<p>En utilisant des techniques statistiques avanc\u00e9es, nous augmentons la puissance des \u00e9tudes en g\u00e9n\u00e9rant des jumeaux num\u00e9riques des patients existants et des bras de suspension synth\u00e9tiques. Cette m\u00e9thode renforce la robustesse des \u00e9valuations cliniques, notamment dans les situations o\u00f9 il est difficile d\u2019\u00e9tablir des groupes t\u00e9moins traditionnels ou lorsque les patients sont rares.<\/p>\n<\/div><\/section>\n\n<div class=\"core core-columns\" ><div class=\"container\">\n<div class=\"wp-block-columns is-style-marge-normale is-layout-flex wp-container-core-columns-is-layout-9d6595d7 wp-block-columns-is-layout-flex\">\n<div class=\"wp-block-column has-bleu-marine-background-color has-background is-layout-flow wp-block-column-is-layout-flow\">\n<h6 class=\"wp-block-heading has-text-align-center has-blanc-color has-text-color\">Bras de contr\u00f4le externe<\/h6>\n\n\n\n<p class=\"has-text-align-left has-blanc-color has-text-color has-blanc-color has-text-color\">R\u00e9utilisation de donn\u00e9es existantes pour g\u00e9n\u00e9rer des preuves pr\u00e9coces de l\u2019efficacit\u00e9 du traitement et acc\u00e9l\u00e9rer l\u2019autorisation du m\u00e9dicament<\/p>\n<\/div>\n\n\n\n<div class=\"wp-block-column has-bleu-marine-background-color has-background is-layout-flow wp-block-column-is-layout-flow\">\n<h6 class=\"wp-block-heading has-text-align-center has-blanc-color has-text-color\">\u00c9mulation d&#8217;un essai cible<\/h6>\n\n\n\n<p class=\"has-blanc-color has-text-color is-style-body-small has-blanc-color has-text-color\">Application de m\u00e9thodes avanc\u00e9es d&#8217;inf\u00e9rence causale pour \u00e9muler un essai clinique cible \u00e0 partir de donn\u00e9es observationnelles<\/p>\n<\/div>\n\n\n\n<div class=\"wp-block-column has-bleu-marine-background-color has-background is-layout-flow wp-block-column-is-layout-flow\">\n<h6 class=\"wp-block-heading has-text-align-center has-blanc-color has-text-color\">\u00c9tude \u00e0 partir de donn\u00e9es publiques<\/h6>\n\n\n\n<p class=\"has-blanc-color has-text-color is-style-body-small has-blanc-color has-text-color\">Exploiter les bases de donn\u00e9es publiques (par exemple, SNDS, PMSI, ESND) pour g\u00e9n\u00e9rer des informations sur le poids de la maladie et les parcours de soins.<\/p>\n<\/div>\n<\/div>\n<\/div><\/div>\n\n<div class=\"core core-columns\" ><div class=\"container\">\n<div class=\"wp-block-columns is-style-marge-normale is-layout-flex wp-container-core-columns-is-layout-9d6595d7 wp-block-columns-is-layout-flex\">\n<div class=\"wp-block-column is-vertically-aligned-center has-vert-background-color has-background is-layout-flow wp-block-column-is-layout-flow\">\n<h6 class=\"wp-block-heading has-text-align-center has-blanc-color has-text-color\">\u00c9tudes \u00e9pid\u00e9miologiques<\/h6>\n\n\n\n<p class=\"has-text-align-left has-blanc-color has-text-color has-blanc-color has-text-color\">\u00c9tudes sur mesure \u2014 descriptives ou causales \u2014 pour comprendre l\u2019histoire naturelle d\u2019une maladie.<\/p>\n<\/div>\n\n\n\n<div class=\"wp-block-column is-vertically-aligned-center has-vert-background-color has-background is-layout-flow wp-block-column-is-layout-flow\">\n<h6 class=\"wp-block-heading has-text-align-center has-blanc-color has-text-color\">Synth\u00e8se des preuves<\/h6>\n\n\n\n<p class=\"has-text-align-left has-blanc-color has-text-color has-blanc-color has-text-color\">Comparaisons indirectes de traitements \u00e0 partir de donn\u00e9es individuelles ou agr\u00e9g\u00e9es (p. ex. comparaison indirecte ajust\u00e9e par appariement \/ MAIC, m\u00e9ta-analyse en r\u00e9seau \/ NMA).<\/p>\n<\/div>\n<\/div>\n<\/div><\/div>\n\n<div class=\"core core-columns\" ><div class=\"container\">\n<div class=\"wp-block-columns are-vertically-aligned-center is-layout-flex wp-container-core-columns-is-layout-9d6595d7 wp-block-columns-is-layout-flex\" id=\"blockavantages\">\n<div class=\"wp-block-column is-vertically-aligned-center is-layout-flow wp-block-column-is-layout-flow\" style=\"flex-basis:33.33%\">\n<h2 class=\"wp-block-heading\" style=\"font-style:normal;font-weight:400\"><strong>Avantages de l\u2019int\u00e9gration des donn\u00e9es du monde r\u00e9el (Real-World Data, RWD)<\/strong><\/h2>\n\n\n\n<p><\/p>\n<\/div>\n\n\n\n<div class=\"wp-block-column is-vertically-aligned-center has-gris-clair-2-background-color has-background is-layout-flow wp-block-column-is-layout-flow\" style=\"flex-basis:66.66%\">\n<div class=\"wp-block-columns are-vertically-aligned-top is-layout-flex wp-container-core-columns-is-layout-9d6595d7 wp-block-columns-is-layout-flex\">\n<div class=\"wp-block-column is-vertically-aligned-top is-layout-flow wp-block-column-is-layout-flow\">\n<ul class=\"wp-block-list\">\n<li><strong>Am\u00e9lioration de la conception des essais cliniques : <\/strong>l\u2019int\u00e9gration des <strong>RWD <\/strong>dans les protocoles d\u2019essais peut am\u00e9liorer les <strong>strat\u00e9gies de recrutement<\/strong> des patients, optimiser les crit\u00e8res d\u2019\u00e9ligibilit\u00e9 et r\u00e9duire les risques op\u00e9rationnels ainsi que les co\u00fbts de d\u00e9veloppement.<\/li>\n\n\n\n<li><strong>Meilleurs r\u00e9sultats pour les patients : <\/strong>les <strong>RWD<\/strong> fournissent des informations sur les <strong>performances des traitements<\/strong> au sein de <strong>populations plus larges et plus vari\u00e9es<\/strong> sur de longues p\u00e9riodes, permettant une meilleure <strong>prise de d\u00e9cisions th\u00e9rapeutiques<\/strong> et <strong>prise en charge des patients<\/strong>.<\/li>\n\n\n\n<li><strong>Soutien r\u00e9glementaire : <\/strong>les autorit\u00e9s r\u00e9glementaires reconnaissent de plus en plus la valeur des preuves issues du monde r\u00e9el<strong> (Real-World Evidence, RWE)<\/strong> pour appuyer les autorisations de mise sur le march\u00e9 et la surveillance post-commercialisation, facilitant ainsi un parcours plus efficace du d\u00e9veloppement \u00e0 la commercialisation.<\/li>\n<\/ul>\n<\/div>\n<\/div>\n<\/div>\n<\/div>\n<\/div><\/div>\n\n<section class=\"core-inline core-heading\" ><div class=\"container\">\n<h2 class=\"wp-block-heading\" id=\"blockwhyBiotriial\" style=\"font-style:normal;font-weight:400\"><strong>Pourquoi choisir Biotrial pour vos services en RWD ?<\/strong><\/h2>\n<\/div><\/section>\n\n<section class=\"core-inline core-paragraph\" ><div class=\"container\">\n<p>Gr\u00e2ce \u00e0 son exp\u00e9rience en <strong>recherche clinique<\/strong> et \u00e0 sa ma\u00eetrise approfondie de l\u2019<strong>analyse de donn\u00e9es<\/strong>, Biotrial est id\u00e9alement positionn\u00e9e pour exploiter le plein potentiel des <strong>donn\u00e9es de sant\u00e9 en vie r\u00e9elle<\/strong>.<br>Notre \u00e9quipe pluridisciplinaire collabore \u00e9troitement avec les sponsors afin de d\u00e9velopper des <strong>strat\u00e9gies RWD<\/strong> sur mesure, r\u00e9pondant \u00e0 la fois aux objectifs scientifiques et aux exigences r\u00e9glementaires.<\/p>\n<\/div><\/section>\n\n<section class=\"core-inline core-paragraph\" ><div class=\"container\">\n<p>Associez-vous \u00e0 Biotrial pour int\u00e9grer les <strong>donn\u00e9es de sant\u00e9 en vie r\u00e9elle<\/strong> dans vos programmes de d\u00e9veloppement clinique : vous renforcerez la pertinence de vos r\u00e9sultats, am\u00e9liorerez les b\u00e9n\u00e9fices pour les patients et r\u00e9pondrez davantage aux crit\u00e8res r\u00e9glementaires.<\/p>\n<\/div><\/section>\n\n\n<section class=\"acf links\" id=\"blockd\u00e9couvrir\u00e9galement\">\n    <div class=\"container\">\n                    <h2>D\u00e9couvrez \u00e9galement<\/h2>\n                <div class=\"links\">\n                            <a class=\"link-slider\" href=\"https:\/\/www.biotrial.com\/fr-ca\/essais-cliniques-in-silico\/\">\n                                            <span class=\"label\">Essais cliniques In-Silico<\/span>\n                                    <\/a>\n                            <a class=\"link-slider\" href=\"https:\/\/www.biotrial.com\/fr-ca\/modelisation-pop-pk-et-pk-pd\/\">\n                                            <span class=\"label\">Mod\u00e9lisation Pop-PK &#038; PK\/PD <\/span>\n                                    <\/a>\n                            <a class=\"link-slider\" href=\"https:\/\/www.biotrial.com\/fr-ca\/solutions-services\/biometrie\/\">\n                                            <span class=\"label\">Biom\u00e9trie<\/span>\n                                    <\/a>\n                            <a class=\"link-slider\" href=\"https:\/\/www.biotrial.com\/fr-ca\/solutions-services\/biometrie\/biostatistique\/\">\n                                            <span class=\"label\">Biostatistique<\/span>\n                                    <\/a>\n                            <a class=\"link-slider\" href=\"https:\/\/www.biotrial.com\/fr-ca\/solutions-services\/biometrie\/gestion-des-donnees\/\">\n                                            <span class=\"label\">Gestion des donn\u00e9es<\/span>\n                                    <\/a>\n                            <a class=\"link-slider\" href=\"https:\/\/www.biotrial.com\/fr-ca\/solutions-services\/biometrie\/capture-electronique-donnees\/\">\n                                            <span class=\"label\">La Capture Electronique de Donn\u00e9es (EDC)<\/span>\n                                    <\/a>\n                    <\/div>\n    <\/div>\n<\/section>","protected":false},"excerpt":{"rendered":"<p>Services Biotrial en donn\u00e9es de vie r\u00e9elle. Analyse de sous-populations Nous identifions et analysons des sous-groupes sp\u00e9cifiques de patients afin de comprendre les diff\u00e9rentes r\u00e9ponses aux traitements. Cette approche permet de d\u00e9velopper des strat\u00e9gies de m\u00e9decine personnalis\u00e9e, garantissant que les th\u00e9rapies soient adapt\u00e9es aux caract\u00e9ristiques uniques de chaque groupe de patients. Amplification des donn\u00e9es et [&hellip;]<\/p>\n","protected":false},"author":10,"featured_media":0,"parent":0,"menu_order":0,"comment_status":"closed","ping_status":"closed","template":"","meta":{"_acf_changed":false,"footnotes":""},"class_list":["post-11676","page","type-page","status-publish","hentry"],"acf":[],"yoast_head":"<!-- This site is optimized with the Yoast SEO plugin v27.4 - https:\/\/yoast.com\/product\/yoast-seo-wordpress\/ -->\n<title>CRO | Services de Data Science | Donn\u00e9es de vie r\u00e9elle (RWD) | Biotrial<\/title>\n<meta name=\"description\" content=\"D\u00e9couvrez comment les donn\u00e9es de vie r\u00e9elle (RWD) contribuent \u00e0 optimiser les d\u00e9cisions en mati\u00e8re de soins en fournissant des informations issues du v\u00e9cu des patients.\" \/>\n<meta name=\"robots\" content=\"index, follow, max-snippet:-1, max-image-preview:large, max-video-preview:-1\" \/>\n<link rel=\"canonical\" href=\"https:\/\/www.biotrial.com\/fr-ca\/donnees-de-vie-reelle\/\" \/>\n<meta property=\"og:locale\" content=\"fr_CA\" \/>\n<meta property=\"og:type\" content=\"article\" \/>\n<meta property=\"og:title\" content=\"CRO | Services de Data Science | Donn\u00e9es de vie r\u00e9elle (RWD) | Biotrial\" \/>\n<meta property=\"og:description\" content=\"D\u00e9couvrez comment les donn\u00e9es de vie r\u00e9elle (RWD) contribuent \u00e0 optimiser les d\u00e9cisions en mati\u00e8re de soins en fournissant des informations issues du v\u00e9cu des patients.\" \/>\n<meta property=\"og:url\" content=\"https:\/\/www.biotrial.com\/fr-ca\/donnees-de-vie-reelle\/\" \/>\n<meta property=\"og:site_name\" content=\"Biotrial\" \/>\n<meta property=\"article:modified_time\" content=\"2025-12-10T14:08:39+00:00\" \/>\n<meta name=\"twitter:card\" content=\"summary_large_image\" \/>\n<meta name=\"twitter:label1\" content=\"Est. reading time\" \/>\n\t<meta name=\"twitter:data1\" content=\"3 minutes\" \/>\n<script type=\"application\/ld+json\" class=\"yoast-schema-graph\">{\"@context\":\"https:\\\/\\\/schema.org\",\"@graph\":[{\"@type\":\"WebPage\",\"@id\":\"https:\\\/\\\/www.biotrial.com\\\/fr-ca\\\/donnees-de-vie-reelle\\\/\",\"url\":\"https:\\\/\\\/www.biotrial.com\\\/fr-ca\\\/donnees-de-vie-reelle\\\/\",\"name\":\"CRO | Services de Data Science | Donn\u00e9es de vie r\u00e9elle (RWD) | Biotrial\",\"isPartOf\":{\"@id\":\"https:\\\/\\\/www.biotrial.com\\\/fr-ca\\\/#website\"},\"datePublished\":\"2025-12-05T11:36:58+00:00\",\"dateModified\":\"2025-12-10T14:08:39+00:00\",\"description\":\"D\u00e9couvrez comment les donn\u00e9es de vie r\u00e9elle (RWD) contribuent \u00e0 optimiser les d\u00e9cisions en mati\u00e8re de soins en fournissant des informations issues du v\u00e9cu des patients.\",\"breadcrumb\":{\"@id\":\"https:\\\/\\\/www.biotrial.com\\\/fr-ca\\\/donnees-de-vie-reelle\\\/#breadcrumb\"},\"inLanguage\":\"fr-CA\",\"potentialAction\":[{\"@type\":\"ReadAction\",\"target\":[\"https:\\\/\\\/www.biotrial.com\\\/fr-ca\\\/donnees-de-vie-reelle\\\/\"]}]},{\"@type\":\"BreadcrumbList\",\"@id\":\"https:\\\/\\\/www.biotrial.com\\\/fr-ca\\\/donnees-de-vie-reelle\\\/#breadcrumb\",\"itemListElement\":[{\"@type\":\"ListItem\",\"position\":1,\"name\":\"Home\",\"item\":\"https:\\\/\\\/www.biotrial.com\\\/fr-ca\\\/\"},{\"@type\":\"ListItem\",\"position\":2,\"name\":\"Donn\u00e9es de vie r\u00e9elle\"}]},{\"@type\":\"WebSite\",\"@id\":\"https:\\\/\\\/www.biotrial.com\\\/fr-ca\\\/#website\",\"url\":\"https:\\\/\\\/www.biotrial.com\\\/fr-ca\\\/\",\"name\":\"Biotrial\",\"description\":\"Just another WordPress site\",\"potentialAction\":[{\"@type\":\"SearchAction\",\"target\":{\"@type\":\"EntryPoint\",\"urlTemplate\":\"https:\\\/\\\/www.biotrial.com\\\/fr-ca\\\/?s={search_term_string}\"},\"query-input\":{\"@type\":\"PropertyValueSpecification\",\"valueRequired\":true,\"valueName\":\"search_term_string\"}}],\"inLanguage\":\"fr-CA\"}]}<\/script>\n<!-- \/ Yoast SEO plugin. -->","yoast_head_json":{"title":"CRO | Services de Data Science | Donn\u00e9es de vie r\u00e9elle (RWD) | Biotrial","description":"D\u00e9couvrez comment les donn\u00e9es de vie r\u00e9elle (RWD) contribuent \u00e0 optimiser les d\u00e9cisions en mati\u00e8re de soins en fournissant des informations issues du v\u00e9cu des patients.","robots":{"index":"index","follow":"follow","max-snippet":"max-snippet:-1","max-image-preview":"max-image-preview:large","max-video-preview":"max-video-preview:-1"},"canonical":"https:\/\/www.biotrial.com\/fr-ca\/donnees-de-vie-reelle\/","og_locale":"fr_CA","og_type":"article","og_title":"CRO | Services de Data Science | Donn\u00e9es de vie r\u00e9elle (RWD) | Biotrial","og_description":"D\u00e9couvrez comment les donn\u00e9es de vie r\u00e9elle (RWD) contribuent \u00e0 optimiser les d\u00e9cisions en mati\u00e8re de soins en fournissant des informations issues du v\u00e9cu des patients.","og_url":"https:\/\/www.biotrial.com\/fr-ca\/donnees-de-vie-reelle\/","og_site_name":"Biotrial","article_modified_time":"2025-12-10T14:08:39+00:00","twitter_card":"summary_large_image","twitter_misc":{"Est. reading time":"3 minutes"},"schema":{"@context":"https:\/\/schema.org","@graph":[{"@type":"WebPage","@id":"https:\/\/www.biotrial.com\/fr-ca\/donnees-de-vie-reelle\/","url":"https:\/\/www.biotrial.com\/fr-ca\/donnees-de-vie-reelle\/","name":"CRO | Services de Data Science | Donn\u00e9es de vie r\u00e9elle (RWD) | Biotrial","isPartOf":{"@id":"https:\/\/www.biotrial.com\/fr-ca\/#website"},"datePublished":"2025-12-05T11:36:58+00:00","dateModified":"2025-12-10T14:08:39+00:00","description":"D\u00e9couvrez comment les donn\u00e9es de vie r\u00e9elle (RWD) contribuent \u00e0 optimiser les d\u00e9cisions en mati\u00e8re de soins en fournissant des informations issues du v\u00e9cu des patients.","breadcrumb":{"@id":"https:\/\/www.biotrial.com\/fr-ca\/donnees-de-vie-reelle\/#breadcrumb"},"inLanguage":"fr-CA","potentialAction":[{"@type":"ReadAction","target":["https:\/\/www.biotrial.com\/fr-ca\/donnees-de-vie-reelle\/"]}]},{"@type":"BreadcrumbList","@id":"https:\/\/www.biotrial.com\/fr-ca\/donnees-de-vie-reelle\/#breadcrumb","itemListElement":[{"@type":"ListItem","position":1,"name":"Home","item":"https:\/\/www.biotrial.com\/fr-ca\/"},{"@type":"ListItem","position":2,"name":"Donn\u00e9es de vie r\u00e9elle"}]},{"@type":"WebSite","@id":"https:\/\/www.biotrial.com\/fr-ca\/#website","url":"https:\/\/www.biotrial.com\/fr-ca\/","name":"Biotrial","description":"Just another WordPress site","potentialAction":[{"@type":"SearchAction","target":{"@type":"EntryPoint","urlTemplate":"https:\/\/www.biotrial.com\/fr-ca\/?s={search_term_string}"},"query-input":{"@type":"PropertyValueSpecification","valueRequired":true,"valueName":"search_term_string"}}],"inLanguage":"fr-CA"}]}},"_links":{"self":[{"href":"https:\/\/www.biotrial.com\/fr-ca\/wp-json\/wp\/v2\/pages\/11676","targetHints":{"allow":["GET"]}}],"collection":[{"href":"https:\/\/www.biotrial.com\/fr-ca\/wp-json\/wp\/v2\/pages"}],"about":[{"href":"https:\/\/www.biotrial.com\/fr-ca\/wp-json\/wp\/v2\/types\/page"}],"author":[{"embeddable":true,"href":"https:\/\/www.biotrial.com\/fr-ca\/wp-json\/wp\/v2\/users\/10"}],"replies":[{"embeddable":true,"href":"https:\/\/www.biotrial.com\/fr-ca\/wp-json\/wp\/v2\/comments?post=11676"}],"version-history":[{"count":10,"href":"https:\/\/www.biotrial.com\/fr-ca\/wp-json\/wp\/v2\/pages\/11676\/revisions"}],"predecessor-version":[{"id":11792,"href":"https:\/\/www.biotrial.com\/fr-ca\/wp-json\/wp\/v2\/pages\/11676\/revisions\/11792"}],"wp:attachment":[{"href":"https:\/\/www.biotrial.com\/fr-ca\/wp-json\/wp\/v2\/media?parent=11676"}],"curies":[{"name":"wp","href":"https:\/\/api.w.org\/{rel}","templated":true}]}}