{"id":7435,"date":"2023-03-06T21:26:59","date_gmt":"2023-03-06T21:26:59","guid":{"rendered":"https:\/\/www.biotrial.com?page_id=7435"},"modified":"2024-10-11T12:59:57","modified_gmt":"2024-10-11T12:59:57","slug":"mission-biotrial","status":"publish","type":"page","link":"https:\/\/www.biotrial.com\/fr-ca\/a-propos\/mission-biotrial\/","title":{"rendered":"La mission de Biotrial"},"content":{"rendered":"<section class=\"core-inline core-heading\" ><div class=\"container\">\n<h2 class=\"wp-block-heading\"> &nbsp;<\/h2>\n<\/div><\/section>\n\n\n<section class=\"acf text-rounded-image\" style=\"background-color:#179e74\" id=\"blockSolutions\">\n    <div class=\"container\">\n                    <div class=\"left\">\n                <picture>\n                    <source type=\"image\/webp\"\n                        srcset=\"https:\/\/www.biotrial.com\/app\/uploads\/2023\/06\/2nd_shoot_biotrial02_lr-540x540-c-default.webp, https:\/\/www.biotrial.com\/app\/uploads\/2023\/06\/2nd_shoot_biotrial02_lr-540x540-c-default@2x.webp 2x\">\n                    <source type=\"image\/jpeg\"\n                        srcset=\"https:\/\/www.biotrial.com\/app\/uploads\/2023\/06\/2nd_shoot_biotrial02_lr-540x540-c-default.jpg, https:\/\/www.biotrial.com\/app\/uploads\/2023\/06\/2nd_shoot_biotrial02_lr-540x540-c-default@2x.jpg 2x\">\n                    <img decoding=\"async\" loading=\"lazy\" src=\"https:\/\/www.biotrial.com\/app\/uploads\/2023\/06\/2nd_shoot_biotrial02_lr-540x540-c-default.jpg\" alt=\"\"\n                        width=\"540\" height=\"540\" \/>\n                <\/picture>\n            <\/div>\n                <div class=\"right\">\n                            <h2>La mission de Biotrial<\/h2>\n                                        <p>Depuis 1989, Biotrial accompagne les sponsors \u00e0 d\u00e9velopper des <strong>th\u00e9rapies innovantes<\/strong> pour traiter les patients du monde entier.<\/p>\n<p>Depuis sa cr\u00e9ation, Biotrial s&#8217;engage \u00e0 fournir des solutions sur-mesure r\u00e9pondant aux besoins sp\u00e9cifiques de nos partenaires. Nous sommes fiers de b\u00e2tir des relations durables fond\u00e9es sur la <strong>confiance et l&#8217;excellence<\/strong>. Nous offrons une gamme compl\u00e8te de services \u00e0 forte valeur ajout\u00e9e, incluant la Pr\u00e9clinique, la clinique, la biom\u00e9trie, le Core Lab, et les services bioanalytiques, au sein d&#8217;une seule CRO.<\/p>\n\n                    <\/div>\n    <\/div>\n<\/section>\n\n<div class=\"core core-columns\" ><div class=\"container\">\n<div class=\"wp-block-columns is-layout-flex wp-container-core-columns-is-layout-9d6595d7 wp-block-columns-is-layout-flex\">\n<div class=\"wp-block-column is-layout-flow wp-block-column-is-layout-flow\">\n<blockquote class=\"wp-block-quote is-layout-flow wp-block-quote-is-layout-flow\">\n<p>&#8220;<strong><em>Nous excellons dans ce que nous faisons.<\/em><\/strong>&#8220;<\/p>\n<\/blockquote>\n<\/div>\n\n\n\n<div class=\"wp-block-column is-layout-flow wp-block-column-is-layout-flow\">\n<p>Biotrial s&#8217;est d\u00e9velopp\u00e9 autour de collaborateurs <strong>d\u00e9vou\u00e9s et passionn\u00e9s<\/strong>, dont certains font partie de l&#8217;entreprise depuis ses d\u00e9buts. Cet engagement t\u00e9moigne de la confiance qu&#8217;ils ont envers l&#8217;entreprise. L&#8217;expertise et la connaissance scientifique font partie de l&#8217;ADN de l&#8217;entreprise, tout comme sa capacit\u00e9 \u00e0 s&#8217;adapter et \u00e0 \u00e9voluer dans un environnement en constante \u00e9volution.<\/p>\n<\/div>\n<\/div>\n<\/div><\/div>\n\n<div class=\"core core-columns\" ><div class=\"container\">\n<div class=\"wp-block-columns is-layout-flex wp-container-core-columns-is-layout-9d6595d7 wp-block-columns-is-layout-flex\">\n<div class=\"wp-block-column is-vertically-aligned-center is-layout-flow wp-block-column-is-layout-flow\">\n<p>Notre entreprise <strong>\u00e9volue <\/strong>et <strong>\u00e9tend<\/strong> constamment ses activit\u00e9s \u00e0 l&#8217;\u00e9chelle mondiale. Chaque ann\u00e9e, nous accueillons de nouveaux membres dans nos \u00e9quipes, qu&#8217;il s&#8217;agisse de professionnels exp\u00e9riment\u00e9s ou de jeunes dipl\u00f4m\u00e9s et \u00e9tudiants, afin de les accompagner dans le monde professionnel.<\/p>\n\n\n\n<p>Biotrial remercie personnellement ses clients pour leur confiance continue depuis plus de 35 ans, ainsi que son personnel d\u00e9vou\u00e9 et exp\u00e9riment\u00e9. Leur engagement permet \u00e0 l&#8217;entreprise de fournir des services sur-mesure, accompagnant ainsi ses sponsors \u00e0 cr\u00e9er un monde meilleur et plus sain. <\/p>\n\n\n\n<div class=\"wp-block-buttons is-layout-flex wp-block-buttons-is-layout-flex\">\n<div class=\"wp-block-button is-style-link\"><a class=\"wp-block-button__link wp-element-button\" href=\"https:\/\/www.biotrial.com\/fr-ca\/a-propos\/\" target=\"_blank\" rel=\"noreferrer noopener\">D\u00e9couvrez-en davantage sur Biotrial<\/a><\/div>\n<\/div>\n<\/div>\n\n\n\n<div class=\"wp-block-column is-layout-flow wp-block-column-is-layout-flow\">\n<figure class=\"wp-block-image size-large is-style-rounded\"><picture><source srcset=\"https:\/\/www.biotrial.com\/app\/uploads\/2023\/03\/photos_rennes_august_2012-086-1024x685.webp\" type=\"image\/webp\" \/><img src=\"https:\/\/www.biotrial.com\/app\/uploads\/2023\/03\/photos_rennes_august_2012-086-1024x685.jpg\" width=\"1024\"  height=\"685\" class=\"wp-image-2498\" alt=\"\" ><\/picture><\/figure>\n<\/div>\n<\/div>\n<\/div><\/div>\n\n\n<section class=\"acf links\" id=\"\">\n    <div class=\"container\">\n                    <h2>D\u00e9couvrir \u00e9galement<\/h2>\n                <div class=\"links\">\n                            <a class=\"link-slider\" href=\"https:\/\/www.biotrial.com\/fr-ca\/a-propos\/nos-localisations\/\">\n                                            <span class=\"label\">Nos localisations<\/span>\n                                    <\/a>\n                    <\/div>\n    <\/div>\n<\/section>","protected":false},"excerpt":{"rendered":"<p>&nbsp; &#8220;Nous excellons dans ce que nous faisons.&#8220; Biotrial s&#8217;est d\u00e9velopp\u00e9 autour de collaborateurs d\u00e9vou\u00e9s et passionn\u00e9s, dont certains font partie de l&#8217;entreprise depuis ses d\u00e9buts. Cet engagement t\u00e9moigne de la confiance qu&#8217;ils ont envers l&#8217;entreprise. L&#8217;expertise et la connaissance scientifique font partie de l&#8217;ADN de l&#8217;entreprise, tout comme sa capacit\u00e9 \u00e0 s&#8217;adapter et \u00e0 [&hellip;]<\/p>\n","protected":false},"author":1,"featured_media":0,"parent":7375,"menu_order":0,"comment_status":"closed","ping_status":"closed","template":"","meta":{"_acf_changed":false,"footnotes":""},"class_list":["post-7435","page","type-page","status-publish","hentry"],"acf":[],"yoast_head":"<!-- This site is optimized with the Yoast SEO plugin v27.4 - https:\/\/yoast.com\/product\/yoast-seo-wordpress\/ -->\n<title>CRO full-service | Mission | Biotrial<\/title>\n<meta name=\"description\" content=\"La mission de Biotrial est de soutenir les entreprises innovantes tout au long de leur processus de d\u00e9veloppement de m\u00e9dicaments.\" \/>\n<meta name=\"robots\" content=\"index, follow, max-snippet:-1, max-image-preview:large, max-video-preview:-1\" \/>\n<link rel=\"canonical\" href=\"https:\/\/www.biotrial.com\/fr-ca\/a-propos\/mission-biotrial\/\" \/>\n<meta property=\"og:locale\" content=\"fr_CA\" \/>\n<meta property=\"og:type\" content=\"article\" \/>\n<meta property=\"og:title\" content=\"CRO full-service | Mission | Biotrial\" \/>\n<meta property=\"og:description\" content=\"La mission de Biotrial est de soutenir les entreprises innovantes tout au long de leur processus de d\u00e9veloppement de m\u00e9dicaments.\" \/>\n<meta property=\"og:url\" content=\"https:\/\/www.biotrial.com\/fr-ca\/a-propos\/mission-biotrial\/\" \/>\n<meta property=\"og:site_name\" content=\"Biotrial\" \/>\n<meta property=\"article:modified_time\" content=\"2024-10-11T12:59:57+00:00\" \/>\n<meta property=\"og:image\" content=\"https:\/\/www.biotrial.com\/app\/uploads\/2023\/03\/photos_rennes_august_2012-086-1024x685.jpg\" \/>\n<meta name=\"twitter:card\" content=\"summary_large_image\" \/>\n<meta name=\"twitter:label1\" content=\"Est. reading time\" \/>\n\t<meta name=\"twitter:data1\" content=\"1 minute\" \/>\n<script type=\"application\/ld+json\" class=\"yoast-schema-graph\">{\"@context\":\"https:\\\/\\\/schema.org\",\"@graph\":[{\"@type\":\"WebPage\",\"@id\":\"https:\\\/\\\/www.biotrial.com\\\/fr-ca\\\/a-propos\\\/mission-biotrial\\\/\",\"url\":\"https:\\\/\\\/www.biotrial.com\\\/fr-ca\\\/a-propos\\\/mission-biotrial\\\/\",\"name\":\"CRO full-service | Mission | Biotrial\",\"isPartOf\":{\"@id\":\"https:\\\/\\\/www.biotrial.com\\\/fr-ca\\\/#website\"},\"primaryImageOfPage\":{\"@id\":\"https:\\\/\\\/www.biotrial.com\\\/fr-ca\\\/a-propos\\\/mission-biotrial\\\/#primaryimage\"},\"image\":{\"@id\":\"https:\\\/\\\/www.biotrial.com\\\/fr-ca\\\/a-propos\\\/mission-biotrial\\\/#primaryimage\"},\"thumbnailUrl\":\"https:\\\/\\\/www.biotrial.com\\\/app\\\/uploads\\\/2023\\\/03\\\/photos_rennes_august_2012-086-1024x685.jpg\",\"datePublished\":\"2023-03-06T21:26:59+00:00\",\"dateModified\":\"2024-10-11T12:59:57+00:00\",\"description\":\"La mission de Biotrial est de soutenir les entreprises innovantes tout au long de leur processus de d\u00e9veloppement de m\u00e9dicaments.\",\"breadcrumb\":{\"@id\":\"https:\\\/\\\/www.biotrial.com\\\/fr-ca\\\/a-propos\\\/mission-biotrial\\\/#breadcrumb\"},\"inLanguage\":\"fr-CA\",\"potentialAction\":[{\"@type\":\"ReadAction\",\"target\":[\"https:\\\/\\\/www.biotrial.com\\\/fr-ca\\\/a-propos\\\/mission-biotrial\\\/\"]}]},{\"@type\":\"ImageObject\",\"inLanguage\":\"fr-CA\",\"@id\":\"https:\\\/\\\/www.biotrial.com\\\/fr-ca\\\/a-propos\\\/mission-biotrial\\\/#primaryimage\",\"url\":\"https:\\\/\\\/www.biotrial.com\\\/app\\\/uploads\\\/2023\\\/03\\\/photos_rennes_august_2012-086-1024x685.jpg\",\"contentUrl\":\"https:\\\/\\\/www.biotrial.com\\\/app\\\/uploads\\\/2023\\\/03\\\/photos_rennes_august_2012-086-1024x685.jpg\"},{\"@type\":\"BreadcrumbList\",\"@id\":\"https:\\\/\\\/www.biotrial.com\\\/fr-ca\\\/a-propos\\\/mission-biotrial\\\/#breadcrumb\",\"itemListElement\":[{\"@type\":\"ListItem\",\"position\":1,\"name\":\"Home\",\"item\":\"https:\\\/\\\/www.biotrial.com\\\/fr-ca\\\/\"},{\"@type\":\"ListItem\",\"position\":2,\"name\":\"\u00c0 propos de nous\",\"item\":\"https:\\\/\\\/www.biotrial.com\\\/fr-ca\\\/a-propos\\\/\"},{\"@type\":\"ListItem\",\"position\":3,\"name\":\"La mission de Biotrial\"}]},{\"@type\":\"WebSite\",\"@id\":\"https:\\\/\\\/www.biotrial.com\\\/fr-ca\\\/#website\",\"url\":\"https:\\\/\\\/www.biotrial.com\\\/fr-ca\\\/\",\"name\":\"Biotrial\",\"description\":\"Just another WordPress site\",\"potentialAction\":[{\"@type\":\"SearchAction\",\"target\":{\"@type\":\"EntryPoint\",\"urlTemplate\":\"https:\\\/\\\/www.biotrial.com\\\/fr-ca\\\/?s={search_term_string}\"},\"query-input\":{\"@type\":\"PropertyValueSpecification\",\"valueRequired\":true,\"valueName\":\"search_term_string\"}}],\"inLanguage\":\"fr-CA\"}]}<\/script>\n<!-- \/ Yoast SEO plugin. -->","yoast_head_json":{"title":"CRO full-service | Mission | Biotrial","description":"La mission de Biotrial est de soutenir les entreprises innovantes tout au long de leur processus de d\u00e9veloppement de m\u00e9dicaments.","robots":{"index":"index","follow":"follow","max-snippet":"max-snippet:-1","max-image-preview":"max-image-preview:large","max-video-preview":"max-video-preview:-1"},"canonical":"https:\/\/www.biotrial.com\/fr-ca\/a-propos\/mission-biotrial\/","og_locale":"fr_CA","og_type":"article","og_title":"CRO full-service | Mission | Biotrial","og_description":"La mission de Biotrial est de soutenir les entreprises innovantes tout au long de leur processus de d\u00e9veloppement de m\u00e9dicaments.","og_url":"https:\/\/www.biotrial.com\/fr-ca\/a-propos\/mission-biotrial\/","og_site_name":"Biotrial","article_modified_time":"2024-10-11T12:59:57+00:00","og_image":[{"url":"https:\/\/www.biotrial.com\/app\/uploads\/2023\/03\/photos_rennes_august_2012-086-1024x685.jpg","type":"","width":"","height":""}],"twitter_card":"summary_large_image","twitter_misc":{"Est. reading time":"1 minute"},"schema":{"@context":"https:\/\/schema.org","@graph":[{"@type":"WebPage","@id":"https:\/\/www.biotrial.com\/fr-ca\/a-propos\/mission-biotrial\/","url":"https:\/\/www.biotrial.com\/fr-ca\/a-propos\/mission-biotrial\/","name":"CRO full-service | Mission | Biotrial","isPartOf":{"@id":"https:\/\/www.biotrial.com\/fr-ca\/#website"},"primaryImageOfPage":{"@id":"https:\/\/www.biotrial.com\/fr-ca\/a-propos\/mission-biotrial\/#primaryimage"},"image":{"@id":"https:\/\/www.biotrial.com\/fr-ca\/a-propos\/mission-biotrial\/#primaryimage"},"thumbnailUrl":"https:\/\/www.biotrial.com\/app\/uploads\/2023\/03\/photos_rennes_august_2012-086-1024x685.jpg","datePublished":"2023-03-06T21:26:59+00:00","dateModified":"2024-10-11T12:59:57+00:00","description":"La mission de Biotrial est de soutenir les entreprises innovantes tout au long de leur processus de d\u00e9veloppement de m\u00e9dicaments.","breadcrumb":{"@id":"https:\/\/www.biotrial.com\/fr-ca\/a-propos\/mission-biotrial\/#breadcrumb"},"inLanguage":"fr-CA","potentialAction":[{"@type":"ReadAction","target":["https:\/\/www.biotrial.com\/fr-ca\/a-propos\/mission-biotrial\/"]}]},{"@type":"ImageObject","inLanguage":"fr-CA","@id":"https:\/\/www.biotrial.com\/fr-ca\/a-propos\/mission-biotrial\/#primaryimage","url":"https:\/\/www.biotrial.com\/app\/uploads\/2023\/03\/photos_rennes_august_2012-086-1024x685.jpg","contentUrl":"https:\/\/www.biotrial.com\/app\/uploads\/2023\/03\/photos_rennes_august_2012-086-1024x685.jpg"},{"@type":"BreadcrumbList","@id":"https:\/\/www.biotrial.com\/fr-ca\/a-propos\/mission-biotrial\/#breadcrumb","itemListElement":[{"@type":"ListItem","position":1,"name":"Home","item":"https:\/\/www.biotrial.com\/fr-ca\/"},{"@type":"ListItem","position":2,"name":"\u00c0 propos de nous","item":"https:\/\/www.biotrial.com\/fr-ca\/a-propos\/"},{"@type":"ListItem","position":3,"name":"La mission de Biotrial"}]},{"@type":"WebSite","@id":"https:\/\/www.biotrial.com\/fr-ca\/#website","url":"https:\/\/www.biotrial.com\/fr-ca\/","name":"Biotrial","description":"Just another WordPress site","potentialAction":[{"@type":"SearchAction","target":{"@type":"EntryPoint","urlTemplate":"https:\/\/www.biotrial.com\/fr-ca\/?s={search_term_string}"},"query-input":{"@type":"PropertyValueSpecification","valueRequired":true,"valueName":"search_term_string"}}],"inLanguage":"fr-CA"}]}},"_links":{"self":[{"href":"https:\/\/www.biotrial.com\/fr-ca\/wp-json\/wp\/v2\/pages\/7435","targetHints":{"allow":["GET"]}}],"collection":[{"href":"https:\/\/www.biotrial.com\/fr-ca\/wp-json\/wp\/v2\/pages"}],"about":[{"href":"https:\/\/www.biotrial.com\/fr-ca\/wp-json\/wp\/v2\/types\/page"}],"author":[{"embeddable":true,"href":"https:\/\/www.biotrial.com\/fr-ca\/wp-json\/wp\/v2\/users\/1"}],"replies":[{"embeddable":true,"href":"https:\/\/www.biotrial.com\/fr-ca\/wp-json\/wp\/v2\/comments?post=7435"}],"version-history":[{"count":15,"href":"https:\/\/www.biotrial.com\/fr-ca\/wp-json\/wp\/v2\/pages\/7435\/revisions"}],"predecessor-version":[{"id":10644,"href":"https:\/\/www.biotrial.com\/fr-ca\/wp-json\/wp\/v2\/pages\/7435\/revisions\/10644"}],"up":[{"embeddable":true,"href":"https:\/\/www.biotrial.com\/fr-ca\/wp-json\/wp\/v2\/pages\/7375"}],"wp:attachment":[{"href":"https:\/\/www.biotrial.com\/fr-ca\/wp-json\/wp\/v2\/media?parent=7435"}],"curies":[{"name":"wp","href":"https:\/\/api.w.org\/{rel}","templated":true}]}}