{"id":7446,"date":"2022-10-19T13:56:42","date_gmt":"2022-10-19T13:56:42","guid":{"rendered":"https:\/\/www.biotrial.com?page_id=7446"},"modified":"2024-10-29T14:18:26","modified_gmt":"2024-10-29T14:18:26","slug":"contact","status":"publish","type":"page","link":"https:\/\/www.biotrial.com\/fr-ca\/contact\/","title":{"rendered":"Contact"},"content":{"rendered":"\n<section class=\"acf contact-form\" id=\"\">\n    <div class=\"container large\">\n        <div class=\"left\">\n            <div class=\"content loading_item\">\n                <h1>Contactez-nous<\/h1>\n                <div class=\"contain-text\">\n                    <p>Si vous avez besoin de plus d&#8217;informations sur nos services, veuillez nous contacter en remplissant ce formulaire.<\/p>\n\n                <\/div>\n                <a href=\"https:\/\/www.biotrial.com\/fr-ca\/\" class=\"btn white full btn-contactForm\" id=\"btnContactForm-block_1fedfc67c584b63bfa2511f3832971d7\"><span>Retour \u00e0 l&#8217;accueil<\/span><\/a>\n                <div class=\"contain-form\">\n                    \n                        <div id=\"block_1fedfc67c584b63bfa2511f3832971d7_form\" class=\"hubspot-form\"><\/div>\n\n                        <script>\n                            hbspt.forms.create({\n                                portalId: \"144590169\",\n                                formId: \"5e0fd804-b3f0-4564-a9c7-51217306ec42\",\n                                target: \"#block_1fedfc67c584b63bfa2511f3832971d7_form\",\n                                css: '',\n                                onFormSubmitted: function(element, event) {\n                                    console.log(event)\n                                }\n                            });\n                        <\/script>\n\n                                    <\/div>\n            <\/div>\n        <\/div>\n                    <div class=\"right\">\n                                    <a href=\"https:\/\/www.biotrial.com\/fr-ca\/a-propos\/nos-localisations\/\" class=\"title\">Nos localisations<\/a>\n                                <div class=\"locations\">\n                     \n                        <div class=\"location\">\n                                                            <span class=\"location-title\">France<\/span>\n                                                        <address>\n                                                                    <p>7-9 Rue Jean-Louis Bertrand, CS 34246 <\/p>\n                                                                                                    <p>35042 Rennes Cedex<\/p>\n                                                                                                    <p>+33 (0)2 99 59 91 91<\/p>\n                                                            <\/address>\n                        <\/div>\n                     \n                        <div class=\"location\">\n                                                            <span class=\"location-title\">Angleterre<\/span>\n                                                        <address>\n                                                                    <p>Temple Chambers, 3-7 Temple Avenue<\/p>\n                                                                                                    <p>London EC4Y 0HP<\/p>\n                                                                                                    <p>+44 (0) 207 060 9110<\/p>\n                                                            <\/address>\n                        <\/div>\n                     \n                        <div class=\"location\">\n                                                            <span class=\"location-title\">Etats-Unis<\/span>\n                                                        <address>\n                                                                    <p>130 Norfolk Street<\/p>\n                                                                                                    <p>Newark, New Jersey 07103<\/p>\n                                                                                                    <p>+1 973 388 2848<\/p>\n                                                            <\/address>\n                        <\/div>\n                     \n                        <div class=\"location\">\n                                                            <span class=\"location-title\">Canada<\/span>\n                                                        <address>\n                                                                    <p>3885 Industriel BLvd<\/p>\n                                                                                                    <p>Laval, Quebec, H7L 4S3<\/p>\n                                                                                                    <p>+14506636724<\/p>\n                                                            <\/address>\n                        <\/div>\n                                    <\/div>\n            <\/div>\n            <\/div>\n<\/section>\n\n\n<section class=\"acf text-image-contact with-img\" id=\"\">\n    <div class=\"container\">\n                    <div class=\"left\">\n                <div class=\"contain-img\">\n                    <picture>\n                        <source type=\"image\/webp\"\n                            srcset=\"https:\/\/www.biotrial.com\/app\/uploads\/2022\/10\/unsplash_jbwcenourcg-400x400-c-default.webp, https:\/\/www.biotrial.com\/app\/uploads\/2022\/10\/unsplash_jbwcenourcg-400x400-c-default@2x.webp 2x\">\n                        <source type=\"image\/jpeg\"\n                            srcset=\"https:\/\/www.biotrial.com\/app\/uploads\/2022\/10\/unsplash_jbwcenourcg-400x400-c-default.jpg, https:\/\/www.biotrial.com\/app\/uploads\/2022\/10\/unsplash_jbwcenourcg-400x400-c-default@2x.jpg 2x\">\n                        <img decoding=\"async\" src=\"https:\/\/www.biotrial.com\/app\/uploads\/2022\/10\/unsplash_jbwcenourcg-400x400-c-default.jpg\" alt=\"\"\n                            width=\"400\" height=\"400\" loading=\"lazy\"\/>\n                    <\/picture>\n                <\/div>\n            <\/div>\n                <div class=\"right\">\n                            <h2>Envie de nous rejoindre ?<\/h2>\n                                        <p>Avec plus de 35 ans d&#8217;experience, Biotrial contribue \u00e0 pr\u00e9server et \u00e0 faire progresser la sant\u00e9 de millions de personnes en am\u00e9liorant le traitement des maladies. En rejoignant Biotrial dans l&#8217;un de nos sites en Europe ou en Am\u00e9rique du Nord, vous ferez partie d&#8217;une organisation fond\u00e9e sur une culture de travail compos\u00e9e d&#8217;\u00e9quipes performantes et solidaires.<\/p>\n\n                                        <a href=\"https:\/\/www.biotrial.com\/careers\/\" class=\"btn white\"><span>REJOINDRE BIOTRIAL<\/span><\/a>\n                    <\/div>\n    <\/div>\n<\/section>","protected":false},"excerpt":{"rendered":"","protected":false},"author":1,"featured_media":0,"parent":0,"menu_order":0,"comment_status":"closed","ping_status":"closed","template":"","meta":{"_acf_changed":false,"footnotes":""},"class_list":["post-7446","page","type-page","status-publish","hentry"],"acf":[],"yoast_head":"<!-- This site is optimized with the Yoast SEO plugin v27.4 - https:\/\/yoast.com\/product\/yoast-seo-wordpress\/ -->\n<title>Contactez-nous : full-service CRO | Biotrial<\/title>\n<meta name=\"description\" content=\"Si vous avez besoin de plus d&#039;informations sur nos services, veuillez nous contacter en remplissant ce formulaire.\" \/>\n<meta name=\"robots\" content=\"index, follow, max-snippet:-1, max-image-preview:large, max-video-preview:-1\" \/>\n<link rel=\"canonical\" href=\"https:\/\/www.biotrial.com\/fr-ca\/contact\/\" \/>\n<meta property=\"og:locale\" content=\"fr_CA\" \/>\n<meta property=\"og:type\" content=\"article\" \/>\n<meta property=\"og:title\" content=\"Contactez-nous : full-service CRO | Biotrial\" \/>\n<meta property=\"og:description\" content=\"Si vous avez besoin de plus d&#039;informations sur nos services, veuillez nous contacter en remplissant ce formulaire.\" \/>\n<meta property=\"og:url\" content=\"https:\/\/www.biotrial.com\/fr-ca\/contact\/\" \/>\n<meta property=\"og:site_name\" content=\"Biotrial\" \/>\n<meta property=\"article:modified_time\" content=\"2024-10-29T14:18:26+00:00\" \/>\n<meta name=\"twitter:card\" content=\"summary_large_image\" \/>\n<script type=\"application\/ld+json\" class=\"yoast-schema-graph\">{\"@context\":\"https:\\\/\\\/schema.org\",\"@graph\":[{\"@type\":\"WebPage\",\"@id\":\"https:\\\/\\\/www.biotrial.com\\\/fr-ca\\\/contact\\\/\",\"url\":\"https:\\\/\\\/www.biotrial.com\\\/fr-ca\\\/contact\\\/\",\"name\":\"Contactez-nous : full-service CRO | Biotrial\",\"isPartOf\":{\"@id\":\"https:\\\/\\\/www.biotrial.com\\\/fr-ca\\\/#website\"},\"datePublished\":\"2022-10-19T13:56:42+00:00\",\"dateModified\":\"2024-10-29T14:18:26+00:00\",\"description\":\"Si vous avez besoin de plus d'informations sur nos services, veuillez nous contacter en remplissant ce formulaire.\",\"breadcrumb\":{\"@id\":\"https:\\\/\\\/www.biotrial.com\\\/fr-ca\\\/contact\\\/#breadcrumb\"},\"inLanguage\":\"fr-CA\",\"potentialAction\":[{\"@type\":\"ReadAction\",\"target\":[\"https:\\\/\\\/www.biotrial.com\\\/fr-ca\\\/contact\\\/\"]}]},{\"@type\":\"BreadcrumbList\",\"@id\":\"https:\\\/\\\/www.biotrial.com\\\/fr-ca\\\/contact\\\/#breadcrumb\",\"itemListElement\":[{\"@type\":\"ListItem\",\"position\":1,\"name\":\"Home\",\"item\":\"https:\\\/\\\/www.biotrial.com\\\/fr-ca\\\/\"},{\"@type\":\"ListItem\",\"position\":2,\"name\":\"Contact\"}]},{\"@type\":\"WebSite\",\"@id\":\"https:\\\/\\\/www.biotrial.com\\\/fr-ca\\\/#website\",\"url\":\"https:\\\/\\\/www.biotrial.com\\\/fr-ca\\\/\",\"name\":\"Biotrial\",\"description\":\"Just another WordPress site\",\"potentialAction\":[{\"@type\":\"SearchAction\",\"target\":{\"@type\":\"EntryPoint\",\"urlTemplate\":\"https:\\\/\\\/www.biotrial.com\\\/fr-ca\\\/?s={search_term_string}\"},\"query-input\":{\"@type\":\"PropertyValueSpecification\",\"valueRequired\":true,\"valueName\":\"search_term_string\"}}],\"inLanguage\":\"fr-CA\"}]}<\/script>\n<!-- \/ Yoast SEO plugin. -->","yoast_head_json":{"title":"Contactez-nous : full-service CRO | Biotrial","description":"Si vous avez besoin de plus d'informations sur nos services, veuillez nous contacter en remplissant ce formulaire.","robots":{"index":"index","follow":"follow","max-snippet":"max-snippet:-1","max-image-preview":"max-image-preview:large","max-video-preview":"max-video-preview:-1"},"canonical":"https:\/\/www.biotrial.com\/fr-ca\/contact\/","og_locale":"fr_CA","og_type":"article","og_title":"Contactez-nous : full-service CRO | Biotrial","og_description":"Si vous avez besoin de plus d'informations sur nos services, veuillez nous contacter en remplissant ce formulaire.","og_url":"https:\/\/www.biotrial.com\/fr-ca\/contact\/","og_site_name":"Biotrial","article_modified_time":"2024-10-29T14:18:26+00:00","twitter_card":"summary_large_image","schema":{"@context":"https:\/\/schema.org","@graph":[{"@type":"WebPage","@id":"https:\/\/www.biotrial.com\/fr-ca\/contact\/","url":"https:\/\/www.biotrial.com\/fr-ca\/contact\/","name":"Contactez-nous : full-service CRO | Biotrial","isPartOf":{"@id":"https:\/\/www.biotrial.com\/fr-ca\/#website"},"datePublished":"2022-10-19T13:56:42+00:00","dateModified":"2024-10-29T14:18:26+00:00","description":"Si vous avez besoin de plus d'informations sur nos services, veuillez nous contacter en remplissant ce formulaire.","breadcrumb":{"@id":"https:\/\/www.biotrial.com\/fr-ca\/contact\/#breadcrumb"},"inLanguage":"fr-CA","potentialAction":[{"@type":"ReadAction","target":["https:\/\/www.biotrial.com\/fr-ca\/contact\/"]}]},{"@type":"BreadcrumbList","@id":"https:\/\/www.biotrial.com\/fr-ca\/contact\/#breadcrumb","itemListElement":[{"@type":"ListItem","position":1,"name":"Home","item":"https:\/\/www.biotrial.com\/fr-ca\/"},{"@type":"ListItem","position":2,"name":"Contact"}]},{"@type":"WebSite","@id":"https:\/\/www.biotrial.com\/fr-ca\/#website","url":"https:\/\/www.biotrial.com\/fr-ca\/","name":"Biotrial","description":"Just another WordPress site","potentialAction":[{"@type":"SearchAction","target":{"@type":"EntryPoint","urlTemplate":"https:\/\/www.biotrial.com\/fr-ca\/?s={search_term_string}"},"query-input":{"@type":"PropertyValueSpecification","valueRequired":true,"valueName":"search_term_string"}}],"inLanguage":"fr-CA"}]}},"_links":{"self":[{"href":"https:\/\/www.biotrial.com\/fr-ca\/wp-json\/wp\/v2\/pages\/7446","targetHints":{"allow":["GET"]}}],"collection":[{"href":"https:\/\/www.biotrial.com\/fr-ca\/wp-json\/wp\/v2\/pages"}],"about":[{"href":"https:\/\/www.biotrial.com\/fr-ca\/wp-json\/wp\/v2\/types\/page"}],"author":[{"embeddable":true,"href":"https:\/\/www.biotrial.com\/fr-ca\/wp-json\/wp\/v2\/users\/1"}],"replies":[{"embeddable":true,"href":"https:\/\/www.biotrial.com\/fr-ca\/wp-json\/wp\/v2\/comments?post=7446"}],"version-history":[{"count":11,"href":"https:\/\/www.biotrial.com\/fr-ca\/wp-json\/wp\/v2\/pages\/7446\/revisions"}],"predecessor-version":[{"id":10791,"href":"https:\/\/www.biotrial.com\/fr-ca\/wp-json\/wp\/v2\/pages\/7446\/revisions\/10791"}],"wp:attachment":[{"href":"https:\/\/www.biotrial.com\/fr-ca\/wp-json\/wp\/v2\/media?parent=7446"}],"curies":[{"name":"wp","href":"https:\/\/api.w.org\/{rel}","templated":true}]}}