{"id":7519,"date":"2023-02-07T10:49:54","date_gmt":"2023-02-07T10:49:54","guid":{"rendered":"https:\/\/www.biotrial.com?page_id=7519"},"modified":"2024-10-11T13:35:21","modified_gmt":"2024-10-11T13:35:21","slug":"services-non-glp-decouverte","status":"publish","type":"page","link":"https:\/\/www.biotrial.com\/fr-ca\/solutions-services\/bioanalyse\/services-non-glp-decouverte\/","title":{"rendered":"Services non-GLP et de d\u00e9couverte"},"content":{"rendered":"\n    <section class=\"acf anchors-depth-3 positionStickyElement\" id=\"\">\n        <div class=\"container\">\n            <div class=\"left\">\n                                    <a href=\"https:\/\/www.biotrial.com\/fr-ca\/solutions-services\/bioanalyse\/\" class=\"link return\">Retour<\/a>\n                            <\/div>\n            <div class=\"right\">\n                                    <a class=\"anchor\" href=\"#experts\">\n                        <span>Expertise en Bioanalyse<\/span>\n                    <\/a>\n                                    <a class=\"anchor\" href=\"#etude\">\n                        <span>\u00c9tudes de faisabilit\u00e9<\/span>\n                    <\/a>\n                                    <a class=\"anchor\" href=\"#blockInformation\">\n                        <span>D\u00e9couvrir \u00e9galement<\/span>\n                    <\/a>\n                            <\/div>\n        <\/div>\n    <\/section>\n\n\n\n<section class=\"acf header-depth-3\" id=\"\">\n    <div class=\"container large\">\n                    <div class=\"container\">\n                <div class=\"content\">\n                                            <h1>Services non-GLP et de d\u00e9couverte<\/h1>\n                                                                <p>Optimisez votre parcours de d\u00e9veloppement de m\u00e9dicaments avec nos services non-GLP de d\u00e9couverte et . Chez Biotrial, nous sommes conscients de l&#8217;importance des bonnes pratiques de laboratoire (BPL) pour assurer la <strong>qualit\u00e9<\/strong>, la <strong>s\u00e9curit\u00e9<\/strong> et <strong>l&#8217;efficacit\u00e9<\/strong> des compos\u00e9s pharmaceutiques. Notre \u00e9quipe de scientifiques exp\u00e9riment\u00e9s s&#8217;engage \u00e0 offrir des approches innovantes adapt\u00e9es \u00e0 vos besoins, de la recherche pr\u00e9clinique initiale aux essais cliniques.<\/p>\n<p>Nous proposons une gamme compl\u00e8te de services essentiels \u00e0 la r\u00e9ussite de votre programme de d\u00e9veloppement de m\u00e9dicaments. Nos \u00e9tudes sont men\u00e9es selon <strong>les bonnes pratiques de laboratoire<\/strong> (BPL), assurant la <strong>conformit\u00e9<\/strong> de vos compos\u00e9s aux normes de s\u00e9curit\u00e9. Nous disposons d&#8217;une exp\u00e9rience approfondie dans les essais pr\u00e9cliniques et cliniques, nous vous proposons des analyses de donn\u00e9es exhaustives et de haute qualit\u00e9.<\/p>\n\n                                    <\/div>\n            <\/div>\n                            <picture>\n                <source type=\"image\/webp\"\n                    srcset=\"https:\/\/www.biotrial.com\/app\/uploads\/2023\/05\/2211023-biotrial-pdv-reportage-01-132-1-1060x400.webp, https:\/\/www.biotrial.com\/app\/uploads\/2023\/05\/2211023-biotrial-pdv-reportage-01-132-1-1060x400@2x.webp 2x\">\n                <source type=\"image\/jpeg\"\n                    srcset=\"https:\/\/www.biotrial.com\/app\/uploads\/2023\/05\/2211023-biotrial-pdv-reportage-01-132-1-1060x400.jpg, https:\/\/www.biotrial.com\/app\/uploads\/2023\/05\/2211023-biotrial-pdv-reportage-01-132-1-1060x400@2x.jpg 2x\">\n                <img decoding=\"async\" src=\"https:\/\/www.biotrial.com\/app\/uploads\/2023\/05\/2211023-biotrial-pdv-reportage-01-132-1-1060x400.jpg\" alt=\"\"\n                    width=\"1060\" height=\"400\" loading=\"lazy\" \/>\n            <\/picture>\n            <\/div>\n<\/section>\n\n<div class=\"core core-columns\" ><div class=\"container\">\n<div class=\"wp-block-columns is-layout-flex wp-container-core-columns-is-layout-9d6595d7 wp-block-columns-is-layout-flex\">\n<div class=\"wp-block-column is-layout-flow wp-block-column-is-layout-flow\" style=\"flex-basis:100%\">\n<p><strong>La bioanalyse de d\u00e9couverte de m\u00e9dicament pr\u00e9sente des d\u00e9fis uniques. Souvent, le laboratoire n&#8217;a pas connaissance de la structure de l&#8217;analyte, n\u00e9cessitant ainsi des d\u00e9cisions cruciales pour pr\u00e9dire l&#8217;absorption et l&#8217;\u00e9limination du m\u00e9dicament lors de l&#8217;identification et du criblage des compos\u00e9s. Pour relever ces d\u00e9fis, nous adoptons une approche de qualit\u00e9 utilisant LC-MS\/MS pour une analyse rapide d\u00e8s les premi\u00e8res \u00e9tapes, permettant ainsi une classification efficace des compos\u00e9s.<\/strong><\/p>\n<\/div>\n<\/div>\n<\/div><\/div>\n\n<section class=\"core-inline core-heading\" ><div class=\"container\">\n<h2 class=\"wp-block-heading\" id=\"experts\"><a>Expertise en bioanalytique<\/a><\/h2>\n<\/div><\/section>\n\n<div class=\"core core-columns\" ><div class=\"container\">\n<div class=\"wp-block-columns is-layout-flex wp-container-core-columns-is-layout-9d6595d7 wp-block-columns-is-layout-flex\">\n<div class=\"wp-block-column is-vertically-aligned-center has-gris-clair-2-background-color has-background is-layout-flow wp-block-column-is-layout-flow\">\n<p>Notre laboratoire est \u00e9quip\u00e9 pour relever les d\u00e9fis des <strong>analyses les plus complexes<\/strong>. Nous d\u00e9veloppons des m\u00e9thodes personnalis\u00e9es pour r\u00e9pondre \u00e0 vos exigences. Face \u00e0 des techniques d&#8217;administration et d&#8217;\u00e9chantillonnage de m\u00e9dicaments inhabituelles, nous accordons la priorit\u00e9 \u00e0 la qualit\u00e9 des donn\u00e9es.<\/p>\n\n\n\n<p>En bioanalyse, nous comprenons l&#8217;importance d&#8217;une planification minutieuse pour analyser les \u00e9chantillons sans exiger de validation formelle. <strong>La m\u00e9thode LC-MS\/MS<\/strong> que nous utilisons peut offrir une analyse de 1 \u00e0 5000 ng\/mL et une large gamme d&#8217;\u00e9talonnages, garantissant des <strong>donn\u00e9es pr\u00e9cises.<\/strong><\/p>\n<\/div>\n<\/div>\n<\/div><\/div>\n\n<section class=\"core-inline core-heading\" ><div class=\"container\">\n<h2 class=\"wp-block-heading\" id=\"etude\">\u00c9tudes de faisabilit\u00e9 des m\u00e9thodes<\/h2>\n<\/div><\/section>\n\n<section class=\"core-inline core-paragraph\" ><div class=\"container\">\n<p>Il est essentiel d&#8217;\u00e9valuer la faisabilit\u00e9 de votre <strong>m\u00e9thode de quantification LC-MS\/MS<\/strong> lors du d\u00e9veloppement de m\u00e9dicaments. Nous savons qu&#8217;une bonne conception d&#8217;\u00e9tude est essentielle pour obtenir des donn\u00e9es de qualit\u00e9. Nos \u00e9valuations de faisabilit\u00e9 sont men\u00e9es avec rigueur, fournissant un rapport d\u00e9taill\u00e9 et des conclusions approfondies pour une compr\u00e9hension compl\u00e8te de votre projet.<\/p>\n<\/div><\/section>\n\n<div class=\"core core-columns\" ><div class=\"container\">\n<div class=\"wp-block-columns is-layout-flex wp-container-core-columns-is-layout-9d6595d7 wp-block-columns-is-layout-flex\">\n<div class=\"wp-block-column is-layout-flow wp-block-column-is-layout-flow\">\n<figure class=\"wp-block-image size-large is-style-rounded\"><picture><source srcset=\"https:\/\/www.biotrial.com\/app\/uploads\/2023\/10\/microsoftteams-image-45-1024x768.webp\" type=\"image\/webp\" \/><img src=\"https:\/\/www.biotrial.com\/app\/uploads\/2023\/10\/microsoftteams-image-45-1024x768.jpg\" width=\"1024\"  height=\"768\" class=\"wp-image-6417\" alt=\"Bioanalysis_biotrial\" ><\/picture><\/figure>\n<\/div>\n\n\n\n<div class=\"wp-block-column is-layout-flow wp-block-column-is-layout-flow\">\n<h4 class=\"wp-block-heading has-text-align-left has-blanc-color has-text-color\"><\/h4>\n\n\n\n<h2 class=\"wp-block-heading has-noir-color has-text-color\">L&#8217;avenir du d\u00e9veloppement de m\u00e9dicaments :<\/h2>\n\n\n\n<p><\/p>\n\n\n\n<p>Les services de bioanalyse de Biotrial adoptent des <strong>approches innovantes<\/strong> tout en garantissant la qualit\u00e9 des donn\u00e9es. Nous vous fournissons les informations n\u00e9cessaires pour prendre des d\u00e9cisions \u00e9clair\u00e9es et faire progresser votre strat\u00e9gie de d\u00e9veloppement de m\u00e9dicaments.<\/p>\n\n\n\n<p>Nous personnalisons nos services pour r\u00e9pondre \u00e0 vos exigences, que vous soyez aux d\u00e9buts du d\u00e9veloppement de m\u00e9dicaments ou que vous progressiez vers les essais cliniques. Nous nous engageons \u00e0 fournir une analyse de donn\u00e9es qui assure la s\u00e9curit\u00e9, l&#8217;efficacit\u00e9 et la conformit\u00e9 r\u00e9glementaire de vos compos\u00e9s pharmaceutiques.<\/p>\n<\/div>\n<\/div>\n<\/div><\/div>\n\n<div class=\"core core-columns\" ><div class=\"container\">\n<div class=\"wp-block-columns is-layout-flex wp-container-core-columns-is-layout-9d6595d7 wp-block-columns-is-layout-flex\">\n<div class=\"wp-block-column has-blanc-color has-vert-background-color has-text-color has-background is-layout-flow wp-block-column-is-layout-flow\">\n<h2 class=\"wp-block-heading has-text-align-left has-blanc-color has-text-color\">Essais in vitro et in vivo :<\/h2>\n\n\n\n<p><mark style=\"background-color:rgba(0, 0, 0, 0)\" class=\"has-inline-color has-blanc-color\">Chez Biotrial, nous proposons une large gamme de tests pour \u00e9valuer les effets pharmacologiques et toxicologiques de vos substances. Nos m\u00e9thodes vous offrent des donn\u00e9es fiables pour vos essais cliniques. <\/mark><\/p>\n\n\n\n<p><mark style=\"background-color:rgba(0, 0, 0, 0)\" class=\"has-inline-color has-blanc-color\">En bioanalyse, trouver le juste \u00e9quilibre entre la qualit\u00e9 des donn\u00e9es, la rapidit\u00e9 et les co\u00fbts est crucial. Nous proposons des essais, standardis\u00e9s et adapt\u00e9s \u00e0 l&#8217;objectif (RGA) non-GLP pour r\u00e9pondre efficacement \u00e0 vos exigences tout au long du processus de d\u00e9veloppement des m\u00e9dicaments.<\/mark><\/p>\n<\/div>\n\n\n\n<div class=\"wp-block-column has-bleu-marine-background-color has-background is-layout-flow wp-block-column-is-layout-flow\">\n<h2 class=\"wp-block-heading has-text-align-left has-blanc-color has-text-color\">Conformit\u00e9 aux BPL et aux exigences r\u00e9glementaires :<\/h2>\n\n\n\n<p class=\"has-blanc-color has-text-color\">Nous nous engageons \u00e0 respecter la conformit\u00e9 r\u00e9glementaire pour assurer que vos \u00e9tudes, qu&#8217;elles soient pr\u00e9cliniques ou cliniques, respectent les r\u00e9glementations et normes n\u00e9cessaires.<\/p>\n\n\n\n<p><\/p>\n\n\n\n<p class=\"has-blanc-color has-text-color\"><\/p>\n<\/div>\n<\/div>\n<\/div><\/div>\n\n\n<section class=\"acf links\" id=\"blockInformation\">\n    <div class=\"container\">\n                <div class=\"links\">\n                            <a class=\"link-slider\" href=\"https:\/\/www.biotrial.com\/fr-ca\/solutions-services\/bioanalyse\/developpement-methodes-transfert-methodes\/\">\n                                            <span class=\"label\">D\u00e9veloppement et transfert de m\u00e9thodes<\/span>\n                                    <\/a>\n                            <a class=\"link-slider\" href=\"https:\/\/www.biotrial.com\/fr-ca\/solutions-services\/bioanalyse\/analyse-dechantillons-precliniques\/\">\n                                            <span class=\"label\">Analyse d\u2019\u00c9chantillons Pr\u00e9cliniques selon les BPL<\/span>\n                                    <\/a>\n                            <a class=\"link-slider\" href=\"https:\/\/www.biotrial.com\/fr-ca\/solutions-services\/bioanalyse\/bioanalyse-quantitative-en-conformite-avec-les-bpl-utilisant-lc-ms-ms\/\">\n                                            <span class=\"label\">Bioanalyse quantitative en conformit\u00e9 avec les BPL utilisant LC-MS\/MS<\/span>\n                                    <\/a>\n                            <a class=\"link-slider\" href=\"https:\/\/www.biotrial.com\/fr-ca\/solutions-services\/bioanalyse\/gestion-et-entreposage-echantillons\/\">\n                                            <span class=\"label\">Gestion et entreposage des \u00e9chantillons<\/span>\n                                    <\/a>\n                    <\/div>\n    <\/div>\n<\/section>","protected":false},"excerpt":{"rendered":"<p>La bioanalyse de d\u00e9couverte de m\u00e9dicament pr\u00e9sente des d\u00e9fis uniques. Souvent, le laboratoire n&#8217;a pas connaissance de la structure de l&#8217;analyte, n\u00e9cessitant ainsi des d\u00e9cisions cruciales pour pr\u00e9dire l&#8217;absorption et l&#8217;\u00e9limination du m\u00e9dicament lors de l&#8217;identification et du criblage des compos\u00e9s. Pour relever ces d\u00e9fis, nous adoptons une approche de qualit\u00e9 utilisant LC-MS\/MS pour une [&hellip;]<\/p>\n","protected":false},"author":1,"featured_media":0,"parent":7449,"menu_order":2,"comment_status":"closed","ping_status":"closed","template":"","meta":{"_acf_changed":false,"footnotes":""},"class_list":["post-7519","page","type-page","status-publish","hentry"],"acf":[],"yoast_head":"<!-- This site is optimized with the Yoast SEO plugin v27.4 - https:\/\/yoast.com\/product\/yoast-seo-wordpress\/ -->\n<title>CRO | Laboratoire de bioanalyse | Drug discovery | Biotrial<\/title>\n<meta name=\"description\" content=\"Biotrial propose ses services bioanalyse conformes aux exigences r\u00e9glementaires.\" \/>\n<meta name=\"robots\" content=\"index, follow, max-snippet:-1, max-image-preview:large, max-video-preview:-1\" \/>\n<link rel=\"canonical\" href=\"https:\/\/www.biotrial.com\/fr-ca\/solutions-services\/bioanalyse\/services-non-glp-decouverte\/\" \/>\n<meta property=\"og:locale\" content=\"fr_CA\" \/>\n<meta property=\"og:type\" content=\"article\" \/>\n<meta property=\"og:title\" content=\"CRO | Laboratoire de bioanalyse | Drug discovery | Biotrial\" \/>\n<meta property=\"og:description\" content=\"Biotrial propose ses services bioanalyse conformes aux exigences r\u00e9glementaires.\" \/>\n<meta property=\"og:url\" content=\"https:\/\/www.biotrial.com\/fr-ca\/solutions-services\/bioanalyse\/services-non-glp-decouverte\/\" \/>\n<meta property=\"og:site_name\" content=\"Biotrial\" \/>\n<meta property=\"article:modified_time\" content=\"2024-10-11T13:35:21+00:00\" \/>\n<meta property=\"og:image\" content=\"https:\/\/www.biotrial.com\/app\/uploads\/2023\/10\/microsoftteams-image-45-1024x768.jpg\" \/>\n<meta name=\"twitter:card\" content=\"summary_large_image\" \/>\n<meta name=\"twitter:label1\" content=\"Est. reading time\" \/>\n\t<meta name=\"twitter:data1\" content=\"3 minutes\" \/>\n<script type=\"application\/ld+json\" class=\"yoast-schema-graph\">{\"@context\":\"https:\\\/\\\/schema.org\",\"@graph\":[{\"@type\":\"WebPage\",\"@id\":\"https:\\\/\\\/www.biotrial.com\\\/fr-ca\\\/solutions-services\\\/bioanalyse\\\/services-non-glp-decouverte\\\/\",\"url\":\"https:\\\/\\\/www.biotrial.com\\\/fr-ca\\\/solutions-services\\\/bioanalyse\\\/services-non-glp-decouverte\\\/\",\"name\":\"CRO | Laboratoire de bioanalyse | Drug discovery | Biotrial\",\"isPartOf\":{\"@id\":\"https:\\\/\\\/www.biotrial.com\\\/fr-ca\\\/#website\"},\"primaryImageOfPage\":{\"@id\":\"https:\\\/\\\/www.biotrial.com\\\/fr-ca\\\/solutions-services\\\/bioanalyse\\\/services-non-glp-decouverte\\\/#primaryimage\"},\"image\":{\"@id\":\"https:\\\/\\\/www.biotrial.com\\\/fr-ca\\\/solutions-services\\\/bioanalyse\\\/services-non-glp-decouverte\\\/#primaryimage\"},\"thumbnailUrl\":\"https:\\\/\\\/www.biotrial.com\\\/app\\\/uploads\\\/2023\\\/10\\\/microsoftteams-image-45-1024x768.jpg\",\"datePublished\":\"2023-02-07T10:49:54+00:00\",\"dateModified\":\"2024-10-11T13:35:21+00:00\",\"description\":\"Biotrial propose ses services bioanalyse conformes aux exigences r\u00e9glementaires.\",\"breadcrumb\":{\"@id\":\"https:\\\/\\\/www.biotrial.com\\\/fr-ca\\\/solutions-services\\\/bioanalyse\\\/services-non-glp-decouverte\\\/#breadcrumb\"},\"inLanguage\":\"fr-CA\",\"potentialAction\":[{\"@type\":\"ReadAction\",\"target\":[\"https:\\\/\\\/www.biotrial.com\\\/fr-ca\\\/solutions-services\\\/bioanalyse\\\/services-non-glp-decouverte\\\/\"]}]},{\"@type\":\"ImageObject\",\"inLanguage\":\"fr-CA\",\"@id\":\"https:\\\/\\\/www.biotrial.com\\\/fr-ca\\\/solutions-services\\\/bioanalyse\\\/services-non-glp-decouverte\\\/#primaryimage\",\"url\":\"https:\\\/\\\/www.biotrial.com\\\/app\\\/uploads\\\/2023\\\/10\\\/microsoftteams-image-45-1024x768.jpg\",\"contentUrl\":\"https:\\\/\\\/www.biotrial.com\\\/app\\\/uploads\\\/2023\\\/10\\\/microsoftteams-image-45-1024x768.jpg\"},{\"@type\":\"BreadcrumbList\",\"@id\":\"https:\\\/\\\/www.biotrial.com\\\/fr-ca\\\/solutions-services\\\/bioanalyse\\\/services-non-glp-decouverte\\\/#breadcrumb\",\"itemListElement\":[{\"@type\":\"ListItem\",\"position\":1,\"name\":\"Home\",\"item\":\"https:\\\/\\\/www.biotrial.com\\\/fr-ca\\\/\"},{\"@type\":\"ListItem\",\"position\":2,\"name\":\"Solutions &#038; Services\",\"item\":\"https:\\\/\\\/www.biotrial.com\\\/fr-ca\\\/solutions-services\\\/\"},{\"@type\":\"ListItem\",\"position\":3,\"name\":\"Bioanalyse\",\"item\":\"https:\\\/\\\/www.biotrial.com\\\/fr-ca\\\/solutions-services\\\/bioanalyse\\\/\"},{\"@type\":\"ListItem\",\"position\":4,\"name\":\"Services non-GLP et de d\u00e9couverte\"}]},{\"@type\":\"WebSite\",\"@id\":\"https:\\\/\\\/www.biotrial.com\\\/fr-ca\\\/#website\",\"url\":\"https:\\\/\\\/www.biotrial.com\\\/fr-ca\\\/\",\"name\":\"Biotrial\",\"description\":\"Just another WordPress site\",\"potentialAction\":[{\"@type\":\"SearchAction\",\"target\":{\"@type\":\"EntryPoint\",\"urlTemplate\":\"https:\\\/\\\/www.biotrial.com\\\/fr-ca\\\/?s={search_term_string}\"},\"query-input\":{\"@type\":\"PropertyValueSpecification\",\"valueRequired\":true,\"valueName\":\"search_term_string\"}}],\"inLanguage\":\"fr-CA\"}]}<\/script>\n<!-- \/ Yoast SEO plugin. -->","yoast_head_json":{"title":"CRO | Laboratoire de bioanalyse | Drug discovery | Biotrial","description":"Biotrial propose ses services bioanalyse conformes aux exigences r\u00e9glementaires.","robots":{"index":"index","follow":"follow","max-snippet":"max-snippet:-1","max-image-preview":"max-image-preview:large","max-video-preview":"max-video-preview:-1"},"canonical":"https:\/\/www.biotrial.com\/fr-ca\/solutions-services\/bioanalyse\/services-non-glp-decouverte\/","og_locale":"fr_CA","og_type":"article","og_title":"CRO | Laboratoire de bioanalyse | Drug discovery | Biotrial","og_description":"Biotrial propose ses services bioanalyse conformes aux exigences r\u00e9glementaires.","og_url":"https:\/\/www.biotrial.com\/fr-ca\/solutions-services\/bioanalyse\/services-non-glp-decouverte\/","og_site_name":"Biotrial","article_modified_time":"2024-10-11T13:35:21+00:00","og_image":[{"url":"https:\/\/www.biotrial.com\/app\/uploads\/2023\/10\/microsoftteams-image-45-1024x768.jpg","type":"","width":"","height":""}],"twitter_card":"summary_large_image","twitter_misc":{"Est. reading time":"3 minutes"},"schema":{"@context":"https:\/\/schema.org","@graph":[{"@type":"WebPage","@id":"https:\/\/www.biotrial.com\/fr-ca\/solutions-services\/bioanalyse\/services-non-glp-decouverte\/","url":"https:\/\/www.biotrial.com\/fr-ca\/solutions-services\/bioanalyse\/services-non-glp-decouverte\/","name":"CRO | Laboratoire de bioanalyse | Drug discovery | Biotrial","isPartOf":{"@id":"https:\/\/www.biotrial.com\/fr-ca\/#website"},"primaryImageOfPage":{"@id":"https:\/\/www.biotrial.com\/fr-ca\/solutions-services\/bioanalyse\/services-non-glp-decouverte\/#primaryimage"},"image":{"@id":"https:\/\/www.biotrial.com\/fr-ca\/solutions-services\/bioanalyse\/services-non-glp-decouverte\/#primaryimage"},"thumbnailUrl":"https:\/\/www.biotrial.com\/app\/uploads\/2023\/10\/microsoftteams-image-45-1024x768.jpg","datePublished":"2023-02-07T10:49:54+00:00","dateModified":"2024-10-11T13:35:21+00:00","description":"Biotrial propose ses services bioanalyse conformes aux exigences r\u00e9glementaires.","breadcrumb":{"@id":"https:\/\/www.biotrial.com\/fr-ca\/solutions-services\/bioanalyse\/services-non-glp-decouverte\/#breadcrumb"},"inLanguage":"fr-CA","potentialAction":[{"@type":"ReadAction","target":["https:\/\/www.biotrial.com\/fr-ca\/solutions-services\/bioanalyse\/services-non-glp-decouverte\/"]}]},{"@type":"ImageObject","inLanguage":"fr-CA","@id":"https:\/\/www.biotrial.com\/fr-ca\/solutions-services\/bioanalyse\/services-non-glp-decouverte\/#primaryimage","url":"https:\/\/www.biotrial.com\/app\/uploads\/2023\/10\/microsoftteams-image-45-1024x768.jpg","contentUrl":"https:\/\/www.biotrial.com\/app\/uploads\/2023\/10\/microsoftteams-image-45-1024x768.jpg"},{"@type":"BreadcrumbList","@id":"https:\/\/www.biotrial.com\/fr-ca\/solutions-services\/bioanalyse\/services-non-glp-decouverte\/#breadcrumb","itemListElement":[{"@type":"ListItem","position":1,"name":"Home","item":"https:\/\/www.biotrial.com\/fr-ca\/"},{"@type":"ListItem","position":2,"name":"Solutions &#038; Services","item":"https:\/\/www.biotrial.com\/fr-ca\/solutions-services\/"},{"@type":"ListItem","position":3,"name":"Bioanalyse","item":"https:\/\/www.biotrial.com\/fr-ca\/solutions-services\/bioanalyse\/"},{"@type":"ListItem","position":4,"name":"Services non-GLP et de d\u00e9couverte"}]},{"@type":"WebSite","@id":"https:\/\/www.biotrial.com\/fr-ca\/#website","url":"https:\/\/www.biotrial.com\/fr-ca\/","name":"Biotrial","description":"Just another WordPress site","potentialAction":[{"@type":"SearchAction","target":{"@type":"EntryPoint","urlTemplate":"https:\/\/www.biotrial.com\/fr-ca\/?s={search_term_string}"},"query-input":{"@type":"PropertyValueSpecification","valueRequired":true,"valueName":"search_term_string"}}],"inLanguage":"fr-CA"}]}},"_links":{"self":[{"href":"https:\/\/www.biotrial.com\/fr-ca\/wp-json\/wp\/v2\/pages\/7519","targetHints":{"allow":["GET"]}}],"collection":[{"href":"https:\/\/www.biotrial.com\/fr-ca\/wp-json\/wp\/v2\/pages"}],"about":[{"href":"https:\/\/www.biotrial.com\/fr-ca\/wp-json\/wp\/v2\/types\/page"}],"author":[{"embeddable":true,"href":"https:\/\/www.biotrial.com\/fr-ca\/wp-json\/wp\/v2\/users\/1"}],"replies":[{"embeddable":true,"href":"https:\/\/www.biotrial.com\/fr-ca\/wp-json\/wp\/v2\/comments?post=7519"}],"version-history":[{"count":27,"href":"https:\/\/www.biotrial.com\/fr-ca\/wp-json\/wp\/v2\/pages\/7519\/revisions"}],"predecessor-version":[{"id":10664,"href":"https:\/\/www.biotrial.com\/fr-ca\/wp-json\/wp\/v2\/pages\/7519\/revisions\/10664"}],"up":[{"embeddable":true,"href":"https:\/\/www.biotrial.com\/fr-ca\/wp-json\/wp\/v2\/pages\/7449"}],"wp:attachment":[{"href":"https:\/\/www.biotrial.com\/fr-ca\/wp-json\/wp\/v2\/media?parent=7519"}],"curies":[{"name":"wp","href":"https:\/\/api.w.org\/{rel}","templated":true}]}}