{"id":7603,"date":"2023-02-07T10:46:36","date_gmt":"2023-02-07T10:46:36","guid":{"rendered":"https:\/\/www.biotrial.com?page_id=7603"},"modified":"2024-09-25T13:22:34","modified_gmt":"2024-09-25T13:22:34","slug":"services-cliniques","status":"publish","type":"page","link":"https:\/\/www.biotrial.com\/fr-ca\/solutions-services\/services-cliniques\/","title":{"rendered":"Services cliniques"},"content":{"rendered":"\n<section class=\"acf header-depth-2\" id=\"\">\n    <div class=\"container large\">\n                    <h1>Services cliniques | CRO<\/h1>\n                            <div class=\"contain-text\"><p>Biotrial est une organisation de recherche sous contrat (CRO, Contract Research Organization) sp\u00e9cialis\u00e9e dans le d\u00e9veloppement clinique pr\u00e9coce. Depuis plus de trois d\u00e9cennies, nous soutenons l\u2019avanc\u00e9e des sciences m\u00e9dicales et de l&#8217;industrie biotechnologique et pharmaceutique.<\/p>\n<p>Notre \u00e9quipe d&#8217;experts offre des solutions compl\u00e8tes pour supporter le d\u00e9veloppement clinique, aidant ainsi les entreprises du m\u00e9dicament \u00e0 acc\u00e9l\u00e9rer la mise en place de leurs programmes.<\/p>\n<\/div>\n                            <div class=\"contain-links\">\n                                    <a href=\"https:\/\/www.biotrial.com\/fr-ca\/solutions-services\/services-cliniques\/phase-i-volontaires-sains\/\" class=\"link-header\"><span>Phase I \u2013 volontaires sains<\/span><\/a>\n                                    <a href=\"https:\/\/www.biotrial.com\/fr-ca\/solutions-services\/services-cliniques\/essais-cliniques-specialises-de-phase-i\/\" class=\"link-header\"><span>Essais cliniques sp\u00e9cialis\u00e9s de phase I<\/span><\/a>\n                                    <a href=\"https:\/\/www.biotrial.com\/fr-ca\/solutions-services\/services-cliniques\/gestion-dessais-en-oncologie\/\" class=\"link-header\"><span>Gestion d&#8217;essais en oncologie<\/span><\/a>\n                                    <a href=\"https:\/\/www.biotrial.com\/fr-ca\/solutions-services\/services-cliniques\/gestion-des-essais-cliniques-chez-les-patients\/\" class=\"link-header\"><span>Gestion des essais cliniques chez les patients<\/span><\/a>\n                                    <a href=\"https:\/\/www.biotrial.com\/fr-ca\/solutions-services\/services-cliniques\/suivi-clinique\/\" class=\"link-header\"><span>Suivi clinique<\/span><\/a>\n                                    <a href=\"https:\/\/www.biotrial.com\/fr-ca\/solutions-services\/services-cliniques\/pharmacovigilance-et-suivi-medical\/\" class=\"link-header\"><span>Pharmacovigilance et suivi m\u00e9dical<\/span><\/a>\n                                    <a href=\"https:\/\/www.biotrial.com\/fr-ca\/solutions-services\/services-cliniques\/services-pharmaceutiques\/\" class=\"link-header\"><span>Affaires pharmaceutiques<\/span><\/a>\n                                    <a href=\"https:\/\/www.biotrial.com\/fr-ca\/solutions-services\/services-cliniques\/affaires-reglementaires\/\" class=\"link-header\"><span>Affaires r\u00e9glementaires<\/span><\/a>\n                            <\/div>\n            <\/div>\n            <div class=\"contain-img\">\n            <picture>\n                <source type=\"image\/webp\"\n                    srcset=\"https:\/\/www.biotrial.com\/app\/uploads\/2023\/05\/2211023-biotrial-pdv-reportage-01-33-1440x420.webp, https:\/\/www.biotrial.com\/app\/uploads\/2023\/05\/2211023-biotrial-pdv-reportage-01-33-1440x420@2x.webp 2x\">\n                <source type=\"image\/jpeg\"\n                    srcset=\"https:\/\/www.biotrial.com\/app\/uploads\/2023\/05\/2211023-biotrial-pdv-reportage-01-33-1440x420.jpg, https:\/\/www.biotrial.com\/app\/uploads\/2023\/05\/2211023-biotrial-pdv-reportage-01-33-1440x420@2x.jpg 2x\">\n                <img fetchpriority=\"high\" decoding=\"async\" loading=\"eager\" src=\"https:\/\/www.biotrial.com\/app\/uploads\/2023\/05\/2211023-biotrial-pdv-reportage-01-33-1440x420.jpg\" alt=\"\"\n                    width=\"1440\" height=\"420\" \/>\n            <\/picture>\n        <\/div>\n    <\/section>\n\n\n<section class=\"core core-group\" ><div class=\"container\">\n<div class=\"wp-block-group has-gris-clair-2-background-color has-background\"><div class=\"wp-block-group__inner-container is-layout-flow wp-block-group-is-layout-flow\">\n<h2 class=\"wp-block-heading has-text-align-center\"><strong><strong>En savoir plus sur les services cliniques de Biotrial<\/strong><\/strong><\/h2>\n\n\n\n<p class=\"has-text-align-center\">Biotrial est le partenaire privil\u00e9gi\u00e9 des entreprises biotechnologiques recherchant une expertise dans la r\u00e9alisation de programmes cliniques de phase pr\u00e9coce. Nos services sont disponibles de la &#8220;Premi\u00e8re administration \u00e0 l&#8217;homme&#8221; aux essais de &#8220;Preuve de concept&#8221;. Gr\u00e2ce \u00e0 notre exp\u00e9rience et notre expertise dans la protection des volontaires sains, nous assurons l&#8217;\u00e9valuation de la s\u00e9curit\u00e9, de la tol\u00e9rabilit\u00e9 et des m\u00e9dicaments.<\/p>\n\n\n\n<div class=\"wp-block-columns is-style-marge-normale has-gris-clair-2-background-color has-background is-layout-flex wp-container-core-columns-is-layout-9d6595d7 wp-block-columns-is-layout-flex\">\n<div class=\"wp-block-column is-vertically-aligned-center has-bleu-marine-background-color has-background is-layout-flow wp-block-column-is-layout-flow\" style=\"flex-basis:33.33%\">\n<p class=\"has-blanc-color has-text-color\">Biotrial est devenu un acteur cl\u00e9 dans l&#8217;industrie biotechnologique, en collaborant avec des sponsors pharmaceutiques et biotechnologiques \u00e0 l&#8217;\u00e9chelle mondiale. Nous disposons de centres cliniques en Europe et aux \u00c9tats-Unis, d&#8217;une capacit\u00e9 totale de 260 lits. En tant que partenaire de confiance, nous fournissons aux sponsors, l&#8217;infrastructure et le soutien n\u00e9cessaires pour mener \u00e0 bien des essais cliniques de qualit\u00e9.<\/p>\n<\/div>\n\n\n\n<div class=\"wp-block-column is-layout-flow wp-block-column-is-layout-flow\" style=\"flex-basis:66.66%\">\n<figure class=\"wp-block-image size-large is-style-rounded\"><picture><source srcset=\"https:\/\/www.biotrial.com\/app\/uploads\/2023\/02\/biotrial_clinical_cpu_newark-1-1024x819.webp\" type=\"image\/webp\" \/><img src=\"https:\/\/www.biotrial.com\/app\/uploads\/2023\/02\/biotrial_clinical_cpu_newark-1-1024x819.jpg\" width=\"1024\"  height=\"819\" class=\"wp-image-1464\" alt=\"Biotrial Clinical Cpu Newark\" ><\/picture><\/figure>\n<\/div>\n<\/div>\n<\/div><\/div>\n<\/div><\/section>\n\n<div class=\"core core-columns\" ><div class=\"container\">\n<div class=\"wp-block-columns is-style-marge-large is-layout-flex wp-container-core-columns-is-layout-9d6595d7 wp-block-columns-is-layout-flex\">\n<div class=\"wp-block-column is-layout-flow wp-block-column-is-layout-flow\" style=\"flex-basis:33.33%\">\n<figure class=\"wp-block-image size-large is-style-rounded\"><picture><source srcset=\"https:\/\/www.biotrial.com\/app\/uploads\/2023\/02\/biotrial_clinical_cpu_rennes2-1-1024x682.webp\" type=\"image\/webp\" \/><img src=\"https:\/\/www.biotrial.com\/app\/uploads\/2023\/02\/biotrial_clinical_cpu_rennes2-1-1024x682.jpg\" width=\"1024\"  height=\"682\" class=\"wp-image-1468\" alt=\"Biotrial Clinical Cpu Rennes2\" ><\/picture><\/figure>\n<\/div>\n\n\n\n<div class=\"wp-block-column is-layout-flow wp-block-column-is-layout-flow\" style=\"flex-basis:66.66%\">\n<h2 class=\"wp-block-heading\"><strong><strong>CRO de pointe pour des essais <\/strong>de qualit\u00e9<\/strong><\/h2>\n\n\n\n<p>Les unit\u00e9s de phase I de Biotrial, situ\u00e9es \u00e0 proximit\u00e9 d&#8217;h\u00f4pitaux universitaires r\u00e9put\u00e9s, offrent un acc\u00e8s facile \u00e0 une <strong>expertise m\u00e9dicale et scientifique<\/strong>. Nos installations de phase I sp\u00e9cialement con\u00e7ues en France et aux \u00c9tats-Unis, se composent de 150 et 110 lits, et permettent de g\u00e9rer et r\u00e9aliser des essais cliniques de phase pr\u00e9coce. Les unit\u00e9s de Biotrial sont dot\u00e9es de services de <strong>soins d&#8217;excellence<\/strong>, comportant des chambres d&#8217;hospitalisation de diff\u00e9rentes tailles et \u00e9quip\u00e9es de mat\u00e9riels de pointe. <\/p>\n\n\n\n<p>Biotrial est reconnu pour son<strong> respect des<\/strong> <strong>d\u00e9lais stricts et sa flexibilit\u00e9<\/strong>, ce qui en fait le partenaire privil\u00e9gi\u00e9 des sponsors \u00e0 l&#8217;international. Notre engagement envers des normes et une gestion efficace des essais garantit le lancement et l&#8217;ex\u00e9cution des \u00e9tudes dans les d\u00e9lais pr\u00e9vus.  <\/p>\n<\/div>\n<\/div>\n<\/div><\/div>\n\n\n<section class=\"acf grid-content\" id=\"\">\n    <div class=\"container large\">\n                    <div class=\"left\">\n                                    <h2>Valeurs ajout\u00e9es de Biotrial<\/h2>\n                                            <\/div>\n                            <div class=\"right\">\n                                                            <div class=\"row\">\n                                        <div class=\"block\">\n                                                    <div class=\"contain-img\">\n                                <picture>\n                                    <source type=\"image\/jpeg\"\n                                        srcset=\"https:\/\/www.biotrial.com\/app\/uploads\/2023\/03\/hospital-bed.png, https:\/\/www.biotrial.com\/app\/uploads\/2023\/03\/hospital-bed@2x.png 2x\">\n                                    <img decoding=\"async\" src=\"https:\/\/www.biotrial.com\/app\/uploads\/2023\/03\/hospital-bed.png\" alt=\"\"\n                                        width=\"45\" height=\"45\" loading=\"lazy\" \/>\n                                <\/picture>\n                            <\/div>\n                                                                            <h3>260 LITS &#8211; \u00c9TATS-UNIS &#038; FRANCE<\/h3>\n                                                                            <div class=\"contain-txt\">\n                                <p>Centres de phase I \u00e0 Rennes et dans le New Jersey<\/p>\n\n                            <\/div>\n                                            <\/div>\n                                                                                                <div class=\"block\">\n                                                    <div class=\"contain-img\">\n                                <picture>\n                                    <source type=\"image\/jpeg\"\n                                        srcset=\"https:\/\/www.biotrial.com\/app\/uploads\/2023\/03\/experience.png, https:\/\/www.biotrial.com\/app\/uploads\/2023\/03\/experience@2x.png 2x\">\n                                    <img decoding=\"async\" src=\"https:\/\/www.biotrial.com\/app\/uploads\/2023\/03\/experience.png\" alt=\"\"\n                                        width=\"45\" height=\"45\" loading=\"lazy\" \/>\n                                <\/picture>\n                            <\/div>\n                                                                            <h3>exp\u00e9rience<\/h3>\n                                                                            <div class=\"contain-txt\">\n                                <p>Plus de 35 ans d&#8217;existence, avec des milliers d&#8217;\u00e9tudes de phase I r\u00e9alis\u00e9es<\/p>\n\n                            <\/div>\n                                            <\/div>\n                                            <\/div>\n                                                                                                    <div class=\"row\">\n                                        <div class=\"block\">\n                                                    <div class=\"contain-img\">\n                                <picture>\n                                    <source type=\"image\/jpeg\"\n                                        srcset=\"https:\/\/www.biotrial.com\/app\/uploads\/2023\/03\/certificate-1.png, https:\/\/www.biotrial.com\/app\/uploads\/2023\/03\/certificate-1@2x.png 2x\">\n                                    <img decoding=\"async\" src=\"https:\/\/www.biotrial.com\/app\/uploads\/2023\/03\/certificate-1.png\" alt=\"\"\n                                        width=\"45\" height=\"45\" loading=\"lazy\" \/>\n                                <\/picture>\n                            <\/div>\n                                                                            <h3>EXPERTISE<\/h3>\n                                                                            <div class=\"contain-txt\">\n                                <p>Notre personnel qualifi\u00e9 et exp\u00e9riment\u00e9 utilise les derni\u00e8res technologies pour garantir la r\u00e9ussite de votre \u00e9tude<\/p>\n\n                            <\/div>\n                                            <\/div>\n                                                                                                <div class=\"block\">\n                                                    <div class=\"contain-img\">\n                                <picture>\n                                    <source type=\"image\/jpeg\"\n                                        srcset=\"https:\/\/www.biotrial.com\/app\/uploads\/2023\/03\/circle.png, https:\/\/www.biotrial.com\/app\/uploads\/2023\/03\/circle@2x.png 2x\">\n                                    <img decoding=\"async\" src=\"https:\/\/www.biotrial.com\/app\/uploads\/2023\/03\/circle.png\" alt=\"\"\n                                        width=\"45\" height=\"45\" loading=\"lazy\" \/>\n                                <\/picture>\n                            <\/div>\n                                                                            <h3>OFFRE DE SERVICES COMPL\u00c8TE <\/h3>\n                                                                            <div class=\"contain-txt\">\n                                <p>Lancement rapide des \u00e9tudes, respect des d\u00e9lais et gestion des co\u00fbts<\/p>\n\n                            <\/div>\n                                            <\/div>\n                                            <\/div>\n                                                                    <\/div>\n            <\/div>\n<\/section>\n\n<div class=\"core core-columns\" ><div class=\"container\">\n<div class=\"wp-block-columns is-style-marge-large is-layout-flex wp-container-core-columns-is-layout-9d6595d7 wp-block-columns-is-layout-flex\">\n<div class=\"wp-block-column is-layout-flow wp-block-column-is-layout-flow\" style=\"flex-basis:33.33%\">\n<h2 class=\"wp-block-heading\" style=\"text-transform:none\"><strong>Notre \u00e9quipe<\/strong><\/h2>\n\n\n\n<p>Chez Biotrial, notre \u00e9quipe de professionnels de la recherche clinique travaille sans rel\u00e2che tout au long de la r\u00e9alisation de l&#8217;essai clinique. Des investigateurs, m\u00e9decins et infirmiers hautement qualifi\u00e9s jusqu&#8217;au statisticiens, poss\u00e8dent l&#8217;expertise n\u00e9cessaire pour proposer des <strong>services de qualit\u00e9<\/strong>.<\/p>\n\n\n\n<p>Biotrial collabore avec des sponsors \u00e0 l&#8217;international. Nous comprenons les d\u00e9fis multiples auxquels sont confront\u00e9es les entreprises et proposons des solutions adapt\u00e9es pour r\u00e9pondre \u00e0 leurs besoins sp\u00e9cifiques.<\/p>\n\n\n\n<p>Qu&#8217;il s&#8217;agisse du recrutement, de la compliance r\u00e9glementaire ou du monitoring m\u00e9dical, notre \u00e9quipe est accompagnent les <strong>sponsors pour atteindre leurs objectifs<\/strong> de recherche clinique.<\/p>\n<\/div>\n\n\n\n<div class=\"wp-block-column is-layout-flow wp-block-column-is-layout-flow\" style=\"flex-basis:66.66%\">\n<div class=\"wp-block-columns is-style-marge-normale is-layout-flex wp-container-core-columns-is-layout-9d6595d7 wp-block-columns-is-layout-flex\">\n<div class=\"wp-block-column is-layout-flow wp-block-column-is-layout-flow\">\n<p><\/p>\n\n\n\n<div style=\"height:63px\" aria-hidden=\"true\" class=\"wp-block-spacer\"><\/div>\n\n\n\n<p><\/p>\n\n\n\n<p>Rejoignez-nous pour fa\u00e7onner l&#8217;avenir de la m\u00e9decine gr\u00e2ce \u00e0 des recherches cliniques innovantes.<\/p>\n\n\n\n<div style=\"height:21px\" aria-hidden=\"true\" class=\"wp-block-spacer\"><\/div>\n\n\n\n<div class=\"wp-block-buttons is-layout-flex wp-block-buttons-is-layout-flex\">\n<div class=\"wp-block-button is-style-btn-blue\"><a class=\"wp-block-button__link wp-element-button\" href=\"https:\/\/www.biotrial.com\/fr\/rejoindre-notre-equipe\/\" target=\"_blank\" rel=\"noreferrer noopener\">Rejoignez-Nous<\/a><\/div>\n<\/div>\n<\/div>\n\n\n\n<div class=\"wp-block-column is-layout-flow wp-block-column-is-layout-flow\">\n<figure class=\"wp-block-image size-large is-style-rounded\"><picture><source srcset=\"https:\/\/www.biotrial.com\/app\/uploads\/2023\/07\/ps5.12-101-683x1024.webp\" type=\"image\/webp\" \/><img src=\"https:\/\/www.biotrial.com\/app\/uploads\/2023\/07\/ps5.12-101-683x1024.jpg\" width=\"683\"  height=\"1024\" class=\"wp-image-5958\" alt=\"biotrial_clinical_team\" loading=\"lazy\"><\/picture><\/figure>\n<\/div>\n<\/div>\n<\/div>\n<\/div>\n<\/div><\/div>","protected":false},"excerpt":{"rendered":"<p>En savoir plus sur les services cliniques de Biotrial Biotrial est le partenaire privil\u00e9gi\u00e9 des entreprises biotechnologiques recherchant une expertise dans la r\u00e9alisation de programmes cliniques de phase pr\u00e9coce. Nos services sont disponibles de la &#8220;Premi\u00e8re administration \u00e0 l&#8217;homme&#8221; aux essais de &#8220;Preuve de concept&#8221;. Gr\u00e2ce \u00e0 notre exp\u00e9rience et notre expertise dans la protection [&hellip;]<\/p>\n","protected":false},"author":1,"featured_media":0,"parent":7418,"menu_order":2,"comment_status":"closed","ping_status":"closed","template":"","meta":{"_acf_changed":false,"footnotes":""},"class_list":["post-7603","page","type-page","status-publish","hentry"],"acf":[],"yoast_head":"<!-- This site is optimized with the Yoast SEO plugin v27.3 - https:\/\/yoast.com\/product\/yoast-seo-wordpress\/ -->\n<title>CRO | Services Cliniques | Biotrial<\/title>\n<meta name=\"description\" content=\"Le groupe de d\u00e9veloppement clinique de Biotrial agit depuis plus de trois d\u00e9cennies pour initier et soutenir des programmes cliniques.\" \/>\n<meta name=\"robots\" content=\"index, follow, max-snippet:-1, max-image-preview:large, max-video-preview:-1\" \/>\n<link rel=\"canonical\" href=\"https:\/\/www.biotrial.com\/fr-ca\/solutions-services\/services-cliniques\/\" \/>\n<meta property=\"og:locale\" content=\"fr_CA\" \/>\n<meta property=\"og:type\" content=\"article\" \/>\n<meta property=\"og:title\" content=\"CRO | Services Cliniques | Biotrial\" \/>\n<meta property=\"og:description\" content=\"Le groupe de d\u00e9veloppement clinique de Biotrial agit depuis plus de trois d\u00e9cennies pour initier et soutenir des programmes cliniques.\" \/>\n<meta property=\"og:url\" content=\"https:\/\/www.biotrial.com\/fr-ca\/solutions-services\/services-cliniques\/\" \/>\n<meta property=\"og:site_name\" content=\"Biotrial\" \/>\n<meta property=\"article:modified_time\" content=\"2024-09-25T13:22:34+00:00\" \/>\n<meta property=\"og:image\" content=\"https:\/\/www.biotrial.com\/app\/uploads\/2023\/02\/biotrial_clinical_cpu_newark-1-1024x819.jpg\" \/>\n<meta name=\"twitter:card\" content=\"summary_large_image\" \/>\n<meta name=\"twitter:label1\" content=\"Est. reading time\" \/>\n\t<meta name=\"twitter:data1\" content=\"3 minutes\" \/>\n<script type=\"application\/ld+json\" class=\"yoast-schema-graph\">{\"@context\":\"https:\\\/\\\/schema.org\",\"@graph\":[{\"@type\":\"WebPage\",\"@id\":\"https:\\\/\\\/www.biotrial.com\\\/fr-ca\\\/solutions-services\\\/services-cliniques\\\/\",\"url\":\"https:\\\/\\\/www.biotrial.com\\\/fr-ca\\\/solutions-services\\\/services-cliniques\\\/\",\"name\":\"CRO | Services Cliniques | Biotrial\",\"isPartOf\":{\"@id\":\"https:\\\/\\\/www.biotrial.com\\\/fr-ca\\\/#website\"},\"primaryImageOfPage\":{\"@id\":\"https:\\\/\\\/www.biotrial.com\\\/fr-ca\\\/solutions-services\\\/services-cliniques\\\/#primaryimage\"},\"image\":{\"@id\":\"https:\\\/\\\/www.biotrial.com\\\/fr-ca\\\/solutions-services\\\/services-cliniques\\\/#primaryimage\"},\"thumbnailUrl\":\"https:\\\/\\\/www.biotrial.com\\\/app\\\/uploads\\\/2023\\\/02\\\/biotrial_clinical_cpu_newark-1-1024x819.jpg\",\"datePublished\":\"2023-02-07T10:46:36+00:00\",\"dateModified\":\"2024-09-25T13:22:34+00:00\",\"description\":\"Le groupe de d\u00e9veloppement clinique de Biotrial agit depuis plus de trois d\u00e9cennies pour initier et soutenir des programmes cliniques.\",\"breadcrumb\":{\"@id\":\"https:\\\/\\\/www.biotrial.com\\\/fr-ca\\\/solutions-services\\\/services-cliniques\\\/#breadcrumb\"},\"inLanguage\":\"fr-CA\",\"potentialAction\":[{\"@type\":\"ReadAction\",\"target\":[\"https:\\\/\\\/www.biotrial.com\\\/fr-ca\\\/solutions-services\\\/services-cliniques\\\/\"]}]},{\"@type\":\"ImageObject\",\"inLanguage\":\"fr-CA\",\"@id\":\"https:\\\/\\\/www.biotrial.com\\\/fr-ca\\\/solutions-services\\\/services-cliniques\\\/#primaryimage\",\"url\":\"https:\\\/\\\/www.biotrial.com\\\/app\\\/uploads\\\/2023\\\/02\\\/biotrial_clinical_cpu_newark-1-1024x819.jpg\",\"contentUrl\":\"https:\\\/\\\/www.biotrial.com\\\/app\\\/uploads\\\/2023\\\/02\\\/biotrial_clinical_cpu_newark-1-1024x819.jpg\"},{\"@type\":\"BreadcrumbList\",\"@id\":\"https:\\\/\\\/www.biotrial.com\\\/fr-ca\\\/solutions-services\\\/services-cliniques\\\/#breadcrumb\",\"itemListElement\":[{\"@type\":\"ListItem\",\"position\":1,\"name\":\"Home\",\"item\":\"https:\\\/\\\/www.biotrial.com\\\/fr-ca\\\/\"},{\"@type\":\"ListItem\",\"position\":2,\"name\":\"Solutions &#038; Services\",\"item\":\"https:\\\/\\\/www.biotrial.com\\\/fr-ca\\\/solutions-services\\\/\"},{\"@type\":\"ListItem\",\"position\":3,\"name\":\"Services cliniques\"}]},{\"@type\":\"WebSite\",\"@id\":\"https:\\\/\\\/www.biotrial.com\\\/fr-ca\\\/#website\",\"url\":\"https:\\\/\\\/www.biotrial.com\\\/fr-ca\\\/\",\"name\":\"Biotrial\",\"description\":\"Just another WordPress site\",\"potentialAction\":[{\"@type\":\"SearchAction\",\"target\":{\"@type\":\"EntryPoint\",\"urlTemplate\":\"https:\\\/\\\/www.biotrial.com\\\/fr-ca\\\/?s={search_term_string}\"},\"query-input\":{\"@type\":\"PropertyValueSpecification\",\"valueRequired\":true,\"valueName\":\"search_term_string\"}}],\"inLanguage\":\"fr-CA\"}]}<\/script>\n<!-- \/ Yoast SEO plugin. -->","yoast_head_json":{"title":"CRO | Services Cliniques | Biotrial","description":"Le groupe de d\u00e9veloppement clinique de Biotrial agit depuis plus de trois d\u00e9cennies pour initier et soutenir des programmes cliniques.","robots":{"index":"index","follow":"follow","max-snippet":"max-snippet:-1","max-image-preview":"max-image-preview:large","max-video-preview":"max-video-preview:-1"},"canonical":"https:\/\/www.biotrial.com\/fr-ca\/solutions-services\/services-cliniques\/","og_locale":"fr_CA","og_type":"article","og_title":"CRO | Services Cliniques | Biotrial","og_description":"Le groupe de d\u00e9veloppement clinique de Biotrial agit depuis plus de trois d\u00e9cennies pour initier et soutenir des programmes cliniques.","og_url":"https:\/\/www.biotrial.com\/fr-ca\/solutions-services\/services-cliniques\/","og_site_name":"Biotrial","article_modified_time":"2024-09-25T13:22:34+00:00","og_image":[{"url":"https:\/\/www.biotrial.com\/app\/uploads\/2023\/02\/biotrial_clinical_cpu_newark-1-1024x819.jpg","type":"","width":"","height":""}],"twitter_card":"summary_large_image","twitter_misc":{"Est. reading time":"3 minutes"},"schema":{"@context":"https:\/\/schema.org","@graph":[{"@type":"WebPage","@id":"https:\/\/www.biotrial.com\/fr-ca\/solutions-services\/services-cliniques\/","url":"https:\/\/www.biotrial.com\/fr-ca\/solutions-services\/services-cliniques\/","name":"CRO | Services Cliniques | Biotrial","isPartOf":{"@id":"https:\/\/www.biotrial.com\/fr-ca\/#website"},"primaryImageOfPage":{"@id":"https:\/\/www.biotrial.com\/fr-ca\/solutions-services\/services-cliniques\/#primaryimage"},"image":{"@id":"https:\/\/www.biotrial.com\/fr-ca\/solutions-services\/services-cliniques\/#primaryimage"},"thumbnailUrl":"https:\/\/www.biotrial.com\/app\/uploads\/2023\/02\/biotrial_clinical_cpu_newark-1-1024x819.jpg","datePublished":"2023-02-07T10:46:36+00:00","dateModified":"2024-09-25T13:22:34+00:00","description":"Le groupe de d\u00e9veloppement clinique de Biotrial agit depuis plus de trois d\u00e9cennies pour initier et soutenir des programmes cliniques.","breadcrumb":{"@id":"https:\/\/www.biotrial.com\/fr-ca\/solutions-services\/services-cliniques\/#breadcrumb"},"inLanguage":"fr-CA","potentialAction":[{"@type":"ReadAction","target":["https:\/\/www.biotrial.com\/fr-ca\/solutions-services\/services-cliniques\/"]}]},{"@type":"ImageObject","inLanguage":"fr-CA","@id":"https:\/\/www.biotrial.com\/fr-ca\/solutions-services\/services-cliniques\/#primaryimage","url":"https:\/\/www.biotrial.com\/app\/uploads\/2023\/02\/biotrial_clinical_cpu_newark-1-1024x819.jpg","contentUrl":"https:\/\/www.biotrial.com\/app\/uploads\/2023\/02\/biotrial_clinical_cpu_newark-1-1024x819.jpg"},{"@type":"BreadcrumbList","@id":"https:\/\/www.biotrial.com\/fr-ca\/solutions-services\/services-cliniques\/#breadcrumb","itemListElement":[{"@type":"ListItem","position":1,"name":"Home","item":"https:\/\/www.biotrial.com\/fr-ca\/"},{"@type":"ListItem","position":2,"name":"Solutions &#038; Services","item":"https:\/\/www.biotrial.com\/fr-ca\/solutions-services\/"},{"@type":"ListItem","position":3,"name":"Services cliniques"}]},{"@type":"WebSite","@id":"https:\/\/www.biotrial.com\/fr-ca\/#website","url":"https:\/\/www.biotrial.com\/fr-ca\/","name":"Biotrial","description":"Just another WordPress site","potentialAction":[{"@type":"SearchAction","target":{"@type":"EntryPoint","urlTemplate":"https:\/\/www.biotrial.com\/fr-ca\/?s={search_term_string}"},"query-input":{"@type":"PropertyValueSpecification","valueRequired":true,"valueName":"search_term_string"}}],"inLanguage":"fr-CA"}]}},"_links":{"self":[{"href":"https:\/\/www.biotrial.com\/fr-ca\/wp-json\/wp\/v2\/pages\/7603","targetHints":{"allow":["GET"]}}],"collection":[{"href":"https:\/\/www.biotrial.com\/fr-ca\/wp-json\/wp\/v2\/pages"}],"about":[{"href":"https:\/\/www.biotrial.com\/fr-ca\/wp-json\/wp\/v2\/types\/page"}],"author":[{"embeddable":true,"href":"https:\/\/www.biotrial.com\/fr-ca\/wp-json\/wp\/v2\/users\/1"}],"replies":[{"embeddable":true,"href":"https:\/\/www.biotrial.com\/fr-ca\/wp-json\/wp\/v2\/comments?post=7603"}],"version-history":[{"count":21,"href":"https:\/\/www.biotrial.com\/fr-ca\/wp-json\/wp\/v2\/pages\/7603\/revisions"}],"predecessor-version":[{"id":10512,"href":"https:\/\/www.biotrial.com\/fr-ca\/wp-json\/wp\/v2\/pages\/7603\/revisions\/10512"}],"up":[{"embeddable":true,"href":"https:\/\/www.biotrial.com\/fr-ca\/wp-json\/wp\/v2\/pages\/7418"}],"wp:attachment":[{"href":"https:\/\/www.biotrial.com\/fr-ca\/wp-json\/wp\/v2\/media?parent=7603"}],"curies":[{"name":"wp","href":"https:\/\/api.w.org\/{rel}","templated":true}]}}