{"id":7953,"date":"2023-02-07T13:40:03","date_gmt":"2023-02-07T13:40:03","guid":{"rendered":"https:\/\/www.biotrial.com?page_id=7953"},"modified":"2024-10-11T13:22:11","modified_gmt":"2024-10-11T13:22:11","slug":"developpement-de-modele","status":"publish","type":"page","link":"https:\/\/www.biotrial.com\/fr-ca\/solutions-services\/preclinique\/developpement-de-modele\/","title":{"rendered":"D\u00e9veloppement de mod\u00e8le"},"content":{"rendered":"\n    <section class=\"acf anchors-depth-3 positionStickyElement\" id=\"\">\n        <div class=\"container\">\n            <div class=\"left\">\n                                    <a href=\"https:\/\/www.biotrial.com\/fr-ca\/solutions-services\/preclinique\/\" class=\"link return\">Retour<\/a>\n                            <\/div>\n            <div class=\"right\">\n                                    <a class=\"anchor\" href=\"#decouvrir-egalement\">\n                        <span>D\u00e9couvrir \u00e9galement<\/span>\n                    <\/a>\n                            <\/div>\n        <\/div>\n    <\/section>\n\n\n\n<section class=\"acf header-depth-3\" id=\"\">\n    <div class=\"container large\">\n                    <div class=\"container\">\n                <div class=\"content\">\n                                            <h1>D\u00e9veloppement de mod\u00e8le<\/h1>\n                                                                <p><strong>Biotrial<\/strong> est une <strong>CRO<\/strong> offrant des services complets de d\u00e9veloppement de m\u00e9dicaments, incluant le d\u00e9veloppement de <strong>mod\u00e8les pr\u00e9cliniques<\/strong>. Notre \u00e9quipe d\u2019experts vous accompagne dans la conception de mod\u00e8les sur mesure, en lien avec vos objectifs scientifiques.<\/p>\n<p>Nous sommes conscients de l\u2019interd\u00e9pendance du <strong>d\u00e9veloppement pr\u00e9clinique<\/strong> et <strong>clinique<\/strong>. Nos \u00e9quipes travaillent conjointement pour g\u00e9n\u00e9rer des mod\u00e8les exp\u00e9rimentaux <strong>pr\u00e9dictifs<\/strong> et <strong>translationnels<\/strong>. Nous d\u00e9veloppons des outils sp\u00e9cialis\u00e9s pour \u00e9valuer l\u2019efficacit\u00e9 et la s\u00e9curit\u00e9 de vos mol\u00e9cules d\u00e8s les premiers stades de d\u00e9veloppement.<\/p>\n<p>Reconnus pour notre flexibilit\u00e9 et notre expertise scientifique, nous d\u00e9veloppons des <strong>approches exp\u00e9rimentales innovantes<\/strong>. Nous accompagnons nos sponsors tout au long du processus de d\u00e9veloppement.<\/p>\n\n                                    <\/div>\n            <\/div>\n                            <picture>\n                <source type=\"image\/webp\"\n                    srcset=\"https:\/\/www.biotrial.com\/app\/uploads\/2023\/03\/istock-1404912227-1060x400.webp, https:\/\/www.biotrial.com\/app\/uploads\/2023\/03\/istock-1404912227-1060x400@2x.webp 2x\">\n                <source type=\"image\/jpeg\"\n                    srcset=\"https:\/\/www.biotrial.com\/app\/uploads\/2023\/03\/istock-1404912227-1060x400.jpg, https:\/\/www.biotrial.com\/app\/uploads\/2023\/03\/istock-1404912227-1060x400@2x.jpg 2x\">\n                <img decoding=\"async\" src=\"https:\/\/www.biotrial.com\/app\/uploads\/2023\/03\/istock-1404912227-1060x400.jpg\" alt=\"\"\n                    width=\"1060\" height=\"400\" loading=\"lazy\" \/>\n            <\/picture>\n            <\/div>\n<\/section>\n\n<section class=\"core core-media-text\" ><div class=\"container\">\n<div class=\"wp-block-media-text alignwide has-media-on-the-right is-stacked-on-mobile is-style-img-is-rounded has-gris-clair-2-background-color has-background\" style=\"grid-template-columns:auto 44%\"><div class=\"wp-block-media-text__content\">\n<h2 class=\"wp-block-heading\">S\u00e9lection d&#8217;un mod\u00e8le pr\u00e9clinique<\/h2>\n\n\n\n<p>La s\u00e9lection d\u2019un <strong>mod\u00e8le pr\u00e9clinique<\/strong> appropri\u00e9 est une \u00e9tape strat\u00e9gique cruciale. Il est essentiel de choisir un mod\u00e8le ayant le plus de similitudes possibles \u00e0 la maladie \u00e9tudi\u00e9e chez l\u2019homme.<\/p>\n\n\n\n<p>Si aucun mod\u00e8le existant \u00e0 Biotrial ou dans la litt\u00e9rature ne convient \u00e0 votre projet, n\u2019h\u00e9sitez pas \u00e0 nous contacter pour discuter de vos besoins. Notre \u00e9quipe peut vous accompagner dans la conception et la mise en \u0153uvre d\u2019une approche exp\u00e9rimentale originale et personnalis\u00e9e. Vous b\u00e9n\u00e9ficierez de l\u2019appui de notre \u00e9quipe de pharmacologie exp\u00e9rimentale, compos\u00e9e de scientifiques exp\u00e9riment\u00e9s, et de nos laboratoires poss\u00e9dant des technologies de pointe.<\/p>\n\n\n\n<pre class=\"wp-block-preformatted\">Notre proximit\u00e9 avec l'Universit\u00e9 de Rennes et l'H\u00f4pital Universitaire Pontchaillou est un avantage unique nous permettant de renforcer notre expertise et d\u2019avoir acc\u00e8s localement \u00e0 d\u2019autres technologies et plateformes exp\u00e9rimentales.\n\n<\/pre>\n<\/div><figure class=\"wp-block-media-text__media\"><img loading=\"lazy\" decoding=\"async\" width=\"1024\" height=\"540\" src=\"https:\/\/www.biotrial.com\/app\/uploads\/2023\/03\/istock-1413600685-1024x540.jpg\" alt=\"Biotrial-preclinical-model-development\" class=\"wp-image-2357 size-full\" srcset=\"https:\/\/www.biotrial.com\/app\/uploads\/2023\/03\/istock-1413600685-1024x540.jpg 1024w, https:\/\/www.biotrial.com\/app\/uploads\/2023\/03\/istock-1413600685-300x158.jpg 300w, https:\/\/www.biotrial.com\/app\/uploads\/2023\/03\/istock-1413600685-768x405.jpg 768w, https:\/\/www.biotrial.com\/app\/uploads\/2023\/03\/istock-1413600685-1536x810.jpg 1536w, https:\/\/www.biotrial.com\/app\/uploads\/2023\/03\/istock-1413600685-2048x1080.jpg 2048w\" sizes=\"auto, (max-width: 1024px) 100vw, 1024px\" \/><\/figure><\/div>\n<\/div><\/section>\n\n<section class=\"core core-media-text\" ><div class=\"container\">\n<div class=\"wp-block-media-text alignwide has-media-on-the-right is-stacked-on-mobile\" style=\"grid-template-columns:auto 39%\"><div class=\"wp-block-media-text__content\">\n<h2 class=\"wp-block-heading\">Oncotrial<\/h2>\n\n\n\n<p><strong><strong>Approche collaborative pour le d\u00e9veloppement de mod\u00e8les innovants en oncologie<\/strong><\/strong>.<\/p>\n\n\n\n<p>Oncotrial, cr\u00e9\u00e9 en 2015, repr\u00e9sente une <strong>collaboration unique <\/strong>entre Biotrial et des chercheurs de l\u2019Universit\u00e9 de Rennes (labellis\u00e9 dans le cadre des programmes ANR Labcom). Son activit\u00e9 principale est de <strong>d\u00e9velopper <\/strong>et <strong>d\u2019exploiter <\/strong>des mod\u00e8les cellulaires et animaux pr\u00e9cliniques innovants en oncologie.<\/p>\n\n\n\n<p>Les projets d\u2019Oncotrial sont mis en place et suivis par un <strong>conseil scientifique <\/strong>r\u00e9unissant des chercheurs acad\u00e9miques et priv\u00e9s. Oncotrial a acquis une forte expertise notamment gr\u00e2ce \u00e0 des <strong>approches orthotopiques<\/strong> et le d\u00e9veloppement d&#8217;outils de pointe pour le suivi de la croissance et de la <strong>propagation des tumeurs.<\/strong><\/p>\n<\/div><figure class=\"wp-block-media-text__media\"><img loading=\"lazy\" decoding=\"async\" width=\"375\" height=\"135\" src=\"https:\/\/www.biotrial.com\/app\/uploads\/2023\/03\/biotrial_nonclinical_oncotrial.png\" alt=\"Biotrial preclinical Oncotrial\" class=\"wp-image-1820 size-full\" srcset=\"https:\/\/www.biotrial.com\/app\/uploads\/2023\/03\/biotrial_nonclinical_oncotrial.png 375w, https:\/\/www.biotrial.com\/app\/uploads\/2023\/03\/biotrial_nonclinical_oncotrial-300x108.png 300w\" sizes=\"auto, (max-width: 375px) 100vw, 375px\" \/><\/figure><\/div>\n<\/div><\/section>\n\n<section class=\"core-inline core-heading\" ><div class=\"container\">\n<h2 class=\"wp-block-heading\">Domaines th\u00e9rapeutiques pour le d\u00e9veloppement de mod\u00e8les<\/h2>\n<\/div><\/section>\n\n<section class=\"core-inline core-paragraph\" ><div class=\"container\">\n<p>Nous offrons des <strong>services de d\u00e9veloppement de mod\u00e8les pr\u00e9cliniques <\/strong>pour divers domaines th\u00e9rapeutiques dont :<\/p>\n<\/div><\/section>\n\n<div class=\"core core-columns\" ><div class=\"container\">\n<div class=\"wp-block-columns alignwide is-style-img-is-rounded has-gris-clair-2-background-color has-background is-layout-flex wp-container-core-columns-is-layout-9d6595d7 wp-block-columns-is-layout-flex\">\n<div class=\"wp-block-column is-layout-flow wp-block-column-is-layout-flow\" style=\"flex-basis:37.34%\">\n<ul class=\"wp-block-list\">\n<li>Neurosciences<\/li>\n\n\n\n<li>Oncologie<\/li>\n\n\n\n<li>Cardiologie<\/li>\n\n\n\n<li>Gastroent\u00e9rologie<\/li>\n<\/ul>\n<\/div>\n\n\n\n<div class=\"wp-block-column is-layout-flow wp-block-column-is-layout-flow\" style=\"flex-basis:29.33%\">\n<ul class=\"wp-block-list\">\n<li>Endocrinologie<\/li>\n\n\n\n<li>Immunologie<\/li>\n\n\n\n<li>H\u00e9patologie<\/li>\n\n\n\n<li>N\u00e9phrologie<\/li>\n<\/ul>\n<\/div>\n\n\n\n<div class=\"wp-block-column is-layout-flow wp-block-column-is-layout-flow\" style=\"flex-basis:33.33%\">\n<figure class=\"wp-block-image size-large is-style-rounded\"><picture><source srcset=\"https:\/\/www.biotrial.com\/app\/uploads\/2023\/09\/2211023-biotrial-pdv-reportage-01-182-1024x768.webp\" type=\"image\/webp\" \/><img src=\"https:\/\/www.biotrial.com\/app\/uploads\/2023\/09\/2211023-biotrial-pdv-reportage-01-182-1024x768.jpg\" width=\"\"  height=\"\" class=\"wp-image-6323\" alt=\"Biotrial-preclinical-team\" ><\/picture><\/figure>\n<\/div>\n<\/div>\n<\/div><\/div>\n\n<section class=\"core core-group\" ><div class=\"container\">\n<div class=\"wp-block-group\"><div class=\"wp-block-group__inner-container is-layout-constrained wp-block-group-is-layout-constrained\">\n<p>Nous avons \u00e9galement une expertise dans le <strong>d\u00e9veloppement de mod\u00e8les <\/strong>pour des domaines tels que :<\/p>\n\n\n\n<ul class=\"wp-block-list\">\n<li>L&#8217;immuno-oncologie<\/li>\n\n\n\n<li>La th\u00e9rapie g\u00e9nique<\/li>\n\n\n\n<li>La th\u00e9rapie cellulaire<\/li>\n<\/ul>\n<\/div><\/div>\n<\/div><\/section>\n\n<section class=\"core-inline core-spacer\" ><div class=\"container\">\n<div style=\"height:49px\" aria-hidden=\"true\" class=\"wp-block-spacer\"><\/div>\n<\/div><\/section>\n\n\n<section class=\"acf text-rounded-image\" style=\"background-color:#f4c361\" id=\"\">\n    <div class=\"container\">\n                    <div class=\"left\">\n                <picture>\n                    <source type=\"image\/webp\"\n                        srcset=\"https:\/\/www.biotrial.com\/app\/uploads\/2023\/03\/biotrial_nonclinical_model_development-540x540-c-default.webp, https:\/\/www.biotrial.com\/app\/uploads\/2023\/03\/biotrial_nonclinical_model_development-540x540-c-default@2x.webp 2x\">\n                    <source type=\"image\/jpeg\"\n                        srcset=\"https:\/\/www.biotrial.com\/app\/uploads\/2023\/03\/biotrial_nonclinical_model_development-540x540-c-default.jpg, https:\/\/www.biotrial.com\/app\/uploads\/2023\/03\/biotrial_nonclinical_model_development-540x540-c-default@2x.jpg 2x\">\n                    <img decoding=\"async\" loading=\"lazy\" src=\"https:\/\/www.biotrial.com\/app\/uploads\/2023\/03\/biotrial_nonclinical_model_development-540x540-c-default.jpg\" alt=\"\"\n                        width=\"540\" height=\"540\" \/>\n                <\/picture>\n            <\/div>\n                <div class=\"right\">\n                            <h2>Valeurs ajout\u00e9es<\/h2>\n                                        <ul data-sourcepos=\"5:1-10:0\">\n<li>Une collaboration \u00e9troite : Biotrial travaille en collaboration avec ses sponsors tout au <strong>long du processus<\/strong> de d\u00e9veloppement de mod\u00e8les pr\u00e9cliniques.<\/li>\n<li>Pour les mod\u00e8les en canc\u00e9rologie, une <strong>expertise approfondie<\/strong> de l\u2019environnement tumoral et du syst\u00e8me immunitaire : des connaissances pr\u00e9cieuses pour le d\u00e9veloppement de mod\u00e8les <strong>pr\u00e9cliniques<\/strong> en <strong>immuno-oncologie<\/strong>.<\/li>\n<li>Une exp\u00e9rience dans de nombreuses <strong>aires\u00a0th\u00e9rapeutiques<\/strong> : Biotrial a d\u00e9velopp\u00e9 de nombreux mod\u00e8les pr\u00e9cliniques pour \u00e9valuer des petites mol\u00e9cules, des produits biologiques, des th\u00e9rapies g\u00e9niques et des th\u00e9rapies cellulaires.<\/li>\n<li>Un acc\u00e8s \u00e0 des <strong>laboratoires de pointe<\/strong> pour compl\u00e9menter nos propres installations : pour l\u2019histologie, l\u2019imagerie et la cytom\u00e9trie en flux par exemple.<\/li>\n<li>Une proximit\u00e9 avec l\u2019Universit\u00e9 de Rennes et l\u2019h\u00f4pital Universitaire Pontchaillou procure \u00e0 Biotrial un acc\u00e8s \u00e0 <strong>l\u2019expertise<\/strong> et aux <strong>ressources<\/strong> <strong>acad\u00e9miques<\/strong>.<\/li>\n<\/ul>\n\n                    <\/div>\n    <\/div>\n<\/section>\n\n\n<section class=\"acf links\" id=\"decouvrir-egalement\">\n    <div class=\"container\">\n                    <h2>D\u00e9couvrir \u00e9galement<\/h2>\n                <div class=\"links\">\n                            <a class=\"link-slider\" href=\"https:\/\/www.biotrial.com\/fr-ca\/solutions-services\/preclinique\/securite\/\">\n                                            <span class=\"label\">S\u00e9curit\u00e9 des m\u00e9dicaments<\/span>\n                                    <\/a>\n                            <a class=\"link-slider\" href=\"https:\/\/www.biotrial.com\/fr-ca\/solutions-services\/preclinique\/efficacite\/\">\n                                            <span class=\"label\">Efficacit\u00e9 des m\u00e9dicaments<\/span>\n                                    <\/a>\n                            <a class=\"link-slider\" href=\"https:\/\/www.biotrial.com\/fr-ca\/solutions-services\/preclinique\/etudes-de-pk\/\">\n                                            <span class=\"label\">\u00c9tudes de PK<\/span>\n                                    <\/a>\n                    <\/div>\n    <\/div>\n<\/section>","protected":false},"excerpt":{"rendered":"<p>S\u00e9lection d&#8217;un mod\u00e8le pr\u00e9clinique La s\u00e9lection d\u2019un mod\u00e8le pr\u00e9clinique appropri\u00e9 est une \u00e9tape strat\u00e9gique cruciale. Il est essentiel de choisir un mod\u00e8le ayant le plus de similitudes possibles \u00e0 la maladie \u00e9tudi\u00e9e chez l\u2019homme. Si aucun mod\u00e8le existant \u00e0 Biotrial ou dans la litt\u00e9rature ne convient \u00e0 votre projet, n\u2019h\u00e9sitez pas \u00e0 nous contacter pour [&hellip;]<\/p>\n","protected":false},"author":1,"featured_media":0,"parent":7898,"menu_order":3,"comment_status":"closed","ping_status":"closed","template":"","meta":{"_acf_changed":false,"footnotes":""},"class_list":["post-7953","page","type-page","status-publish","hentry"],"acf":[],"yoast_head":"<!-- This site is optimized with the Yoast SEO plugin v27.4 - https:\/\/yoast.com\/product\/yoast-seo-wordpress\/ -->\n<title>CRO | Services preclinique | D\u00e9veloppement de mod\u00e8le | Biotrial<\/title>\n<meta name=\"description\" content=\"Nos experts pr\u00e9clinique vous accompagnent dans le d\u00e9veloppement de mod\u00e8le sur mesure.\" \/>\n<meta name=\"robots\" content=\"index, follow, max-snippet:-1, max-image-preview:large, max-video-preview:-1\" \/>\n<link rel=\"canonical\" href=\"https:\/\/www.biotrial.com\/fr-ca\/solutions-services\/preclinique\/developpement-de-modele\/\" \/>\n<meta property=\"og:locale\" content=\"fr_CA\" \/>\n<meta property=\"og:type\" content=\"article\" \/>\n<meta property=\"og:title\" content=\"CRO | Services preclinique | D\u00e9veloppement de mod\u00e8le | Biotrial\" \/>\n<meta property=\"og:description\" content=\"Nos experts pr\u00e9clinique vous accompagnent dans le d\u00e9veloppement de mod\u00e8le sur mesure.\" \/>\n<meta property=\"og:url\" content=\"https:\/\/www.biotrial.com\/fr-ca\/solutions-services\/preclinique\/developpement-de-modele\/\" \/>\n<meta property=\"og:site_name\" content=\"Biotrial\" \/>\n<meta property=\"article:modified_time\" content=\"2024-10-11T13:22:11+00:00\" \/>\n<meta property=\"og:image\" content=\"https:\/\/www.biotrial.com\/app\/uploads\/2023\/03\/istock-1413600685-1024x540.jpg\" \/>\n<meta name=\"twitter:card\" content=\"summary_large_image\" \/>\n<meta name=\"twitter:label1\" content=\"Est. reading time\" \/>\n\t<meta name=\"twitter:data1\" content=\"2 minutes\" \/>\n<script type=\"application\/ld+json\" class=\"yoast-schema-graph\">{\"@context\":\"https:\\\/\\\/schema.org\",\"@graph\":[{\"@type\":\"WebPage\",\"@id\":\"https:\\\/\\\/www.biotrial.com\\\/fr-ca\\\/solutions-services\\\/preclinique\\\/developpement-de-modele\\\/\",\"url\":\"https:\\\/\\\/www.biotrial.com\\\/fr-ca\\\/solutions-services\\\/preclinique\\\/developpement-de-modele\\\/\",\"name\":\"CRO | Services preclinique | D\u00e9veloppement de mod\u00e8le | Biotrial\",\"isPartOf\":{\"@id\":\"https:\\\/\\\/www.biotrial.com\\\/fr-ca\\\/#website\"},\"primaryImageOfPage\":{\"@id\":\"https:\\\/\\\/www.biotrial.com\\\/fr-ca\\\/solutions-services\\\/preclinique\\\/developpement-de-modele\\\/#primaryimage\"},\"image\":{\"@id\":\"https:\\\/\\\/www.biotrial.com\\\/fr-ca\\\/solutions-services\\\/preclinique\\\/developpement-de-modele\\\/#primaryimage\"},\"thumbnailUrl\":\"https:\\\/\\\/www.biotrial.com\\\/app\\\/uploads\\\/2023\\\/03\\\/istock-1413600685-1024x540.jpg\",\"datePublished\":\"2023-02-07T13:40:03+00:00\",\"dateModified\":\"2024-10-11T13:22:11+00:00\",\"description\":\"Nos experts pr\u00e9clinique vous accompagnent dans le d\u00e9veloppement de mod\u00e8le sur mesure.\",\"breadcrumb\":{\"@id\":\"https:\\\/\\\/www.biotrial.com\\\/fr-ca\\\/solutions-services\\\/preclinique\\\/developpement-de-modele\\\/#breadcrumb\"},\"inLanguage\":\"fr-CA\",\"potentialAction\":[{\"@type\":\"ReadAction\",\"target\":[\"https:\\\/\\\/www.biotrial.com\\\/fr-ca\\\/solutions-services\\\/preclinique\\\/developpement-de-modele\\\/\"]}]},{\"@type\":\"ImageObject\",\"inLanguage\":\"fr-CA\",\"@id\":\"https:\\\/\\\/www.biotrial.com\\\/fr-ca\\\/solutions-services\\\/preclinique\\\/developpement-de-modele\\\/#primaryimage\",\"url\":\"https:\\\/\\\/www.biotrial.com\\\/app\\\/uploads\\\/2023\\\/03\\\/istock-1413600685-1024x540.jpg\",\"contentUrl\":\"https:\\\/\\\/www.biotrial.com\\\/app\\\/uploads\\\/2023\\\/03\\\/istock-1413600685-1024x540.jpg\"},{\"@type\":\"BreadcrumbList\",\"@id\":\"https:\\\/\\\/www.biotrial.com\\\/fr-ca\\\/solutions-services\\\/preclinique\\\/developpement-de-modele\\\/#breadcrumb\",\"itemListElement\":[{\"@type\":\"ListItem\",\"position\":1,\"name\":\"Home\",\"item\":\"https:\\\/\\\/www.biotrial.com\\\/fr-ca\\\/\"},{\"@type\":\"ListItem\",\"position\":2,\"name\":\"Solutions &#038; Services\",\"item\":\"https:\\\/\\\/www.biotrial.com\\\/fr-ca\\\/solutions-services\\\/\"},{\"@type\":\"ListItem\",\"position\":3,\"name\":\"Pr\u00e9clinique\",\"item\":\"https:\\\/\\\/www.biotrial.com\\\/fr-ca\\\/solutions-services\\\/preclinique\\\/\"},{\"@type\":\"ListItem\",\"position\":4,\"name\":\"D\u00e9veloppement de mod\u00e8le\"}]},{\"@type\":\"WebSite\",\"@id\":\"https:\\\/\\\/www.biotrial.com\\\/fr-ca\\\/#website\",\"url\":\"https:\\\/\\\/www.biotrial.com\\\/fr-ca\\\/\",\"name\":\"Biotrial\",\"description\":\"Just another WordPress site\",\"potentialAction\":[{\"@type\":\"SearchAction\",\"target\":{\"@type\":\"EntryPoint\",\"urlTemplate\":\"https:\\\/\\\/www.biotrial.com\\\/fr-ca\\\/?s={search_term_string}\"},\"query-input\":{\"@type\":\"PropertyValueSpecification\",\"valueRequired\":true,\"valueName\":\"search_term_string\"}}],\"inLanguage\":\"fr-CA\"}]}<\/script>\n<!-- \/ Yoast SEO plugin. -->","yoast_head_json":{"title":"CRO | Services preclinique | D\u00e9veloppement de mod\u00e8le | Biotrial","description":"Nos experts pr\u00e9clinique vous accompagnent dans le d\u00e9veloppement de mod\u00e8le sur mesure.","robots":{"index":"index","follow":"follow","max-snippet":"max-snippet:-1","max-image-preview":"max-image-preview:large","max-video-preview":"max-video-preview:-1"},"canonical":"https:\/\/www.biotrial.com\/fr-ca\/solutions-services\/preclinique\/developpement-de-modele\/","og_locale":"fr_CA","og_type":"article","og_title":"CRO | Services preclinique | D\u00e9veloppement de mod\u00e8le | Biotrial","og_description":"Nos experts pr\u00e9clinique vous accompagnent dans le d\u00e9veloppement de mod\u00e8le sur mesure.","og_url":"https:\/\/www.biotrial.com\/fr-ca\/solutions-services\/preclinique\/developpement-de-modele\/","og_site_name":"Biotrial","article_modified_time":"2024-10-11T13:22:11+00:00","og_image":[{"url":"https:\/\/www.biotrial.com\/app\/uploads\/2023\/03\/istock-1413600685-1024x540.jpg","type":"","width":"","height":""}],"twitter_card":"summary_large_image","twitter_misc":{"Est. reading time":"2 minutes"},"schema":{"@context":"https:\/\/schema.org","@graph":[{"@type":"WebPage","@id":"https:\/\/www.biotrial.com\/fr-ca\/solutions-services\/preclinique\/developpement-de-modele\/","url":"https:\/\/www.biotrial.com\/fr-ca\/solutions-services\/preclinique\/developpement-de-modele\/","name":"CRO | Services preclinique | D\u00e9veloppement de mod\u00e8le | Biotrial","isPartOf":{"@id":"https:\/\/www.biotrial.com\/fr-ca\/#website"},"primaryImageOfPage":{"@id":"https:\/\/www.biotrial.com\/fr-ca\/solutions-services\/preclinique\/developpement-de-modele\/#primaryimage"},"image":{"@id":"https:\/\/www.biotrial.com\/fr-ca\/solutions-services\/preclinique\/developpement-de-modele\/#primaryimage"},"thumbnailUrl":"https:\/\/www.biotrial.com\/app\/uploads\/2023\/03\/istock-1413600685-1024x540.jpg","datePublished":"2023-02-07T13:40:03+00:00","dateModified":"2024-10-11T13:22:11+00:00","description":"Nos experts pr\u00e9clinique vous accompagnent dans le d\u00e9veloppement de mod\u00e8le sur mesure.","breadcrumb":{"@id":"https:\/\/www.biotrial.com\/fr-ca\/solutions-services\/preclinique\/developpement-de-modele\/#breadcrumb"},"inLanguage":"fr-CA","potentialAction":[{"@type":"ReadAction","target":["https:\/\/www.biotrial.com\/fr-ca\/solutions-services\/preclinique\/developpement-de-modele\/"]}]},{"@type":"ImageObject","inLanguage":"fr-CA","@id":"https:\/\/www.biotrial.com\/fr-ca\/solutions-services\/preclinique\/developpement-de-modele\/#primaryimage","url":"https:\/\/www.biotrial.com\/app\/uploads\/2023\/03\/istock-1413600685-1024x540.jpg","contentUrl":"https:\/\/www.biotrial.com\/app\/uploads\/2023\/03\/istock-1413600685-1024x540.jpg"},{"@type":"BreadcrumbList","@id":"https:\/\/www.biotrial.com\/fr-ca\/solutions-services\/preclinique\/developpement-de-modele\/#breadcrumb","itemListElement":[{"@type":"ListItem","position":1,"name":"Home","item":"https:\/\/www.biotrial.com\/fr-ca\/"},{"@type":"ListItem","position":2,"name":"Solutions &#038; Services","item":"https:\/\/www.biotrial.com\/fr-ca\/solutions-services\/"},{"@type":"ListItem","position":3,"name":"Pr\u00e9clinique","item":"https:\/\/www.biotrial.com\/fr-ca\/solutions-services\/preclinique\/"},{"@type":"ListItem","position":4,"name":"D\u00e9veloppement de mod\u00e8le"}]},{"@type":"WebSite","@id":"https:\/\/www.biotrial.com\/fr-ca\/#website","url":"https:\/\/www.biotrial.com\/fr-ca\/","name":"Biotrial","description":"Just another WordPress site","potentialAction":[{"@type":"SearchAction","target":{"@type":"EntryPoint","urlTemplate":"https:\/\/www.biotrial.com\/fr-ca\/?s={search_term_string}"},"query-input":{"@type":"PropertyValueSpecification","valueRequired":true,"valueName":"search_term_string"}}],"inLanguage":"fr-CA"}]}},"_links":{"self":[{"href":"https:\/\/www.biotrial.com\/fr-ca\/wp-json\/wp\/v2\/pages\/7953","targetHints":{"allow":["GET"]}}],"collection":[{"href":"https:\/\/www.biotrial.com\/fr-ca\/wp-json\/wp\/v2\/pages"}],"about":[{"href":"https:\/\/www.biotrial.com\/fr-ca\/wp-json\/wp\/v2\/types\/page"}],"author":[{"embeddable":true,"href":"https:\/\/www.biotrial.com\/fr-ca\/wp-json\/wp\/v2\/users\/1"}],"replies":[{"embeddable":true,"href":"https:\/\/www.biotrial.com\/fr-ca\/wp-json\/wp\/v2\/comments?post=7953"}],"version-history":[{"count":34,"href":"https:\/\/www.biotrial.com\/fr-ca\/wp-json\/wp\/v2\/pages\/7953\/revisions"}],"predecessor-version":[{"id":10660,"href":"https:\/\/www.biotrial.com\/fr-ca\/wp-json\/wp\/v2\/pages\/7953\/revisions\/10660"}],"up":[{"embeddable":true,"href":"https:\/\/www.biotrial.com\/fr-ca\/wp-json\/wp\/v2\/pages\/7898"}],"wp:attachment":[{"href":"https:\/\/www.biotrial.com\/fr-ca\/wp-json\/wp\/v2\/media?parent=7953"}],"curies":[{"name":"wp","href":"https:\/\/api.w.org\/{rel}","templated":true}]}}