{"id":8035,"date":"2022-10-11T07:44:52","date_gmt":"2022-10-11T07:44:52","guid":{"rendered":"https:\/\/www.biotrial.com?page_id=8035"},"modified":"2025-04-03T12:25:59","modified_gmt":"2025-04-03T12:25:59","slug":"mentions-legales","status":"publish","type":"page","link":"https:\/\/www.biotrial.com\/fr-ca\/mentions-legales\/","title":{"rendered":"Biotrial\u2019s Privacy Policy"},"content":{"rendered":"<section class=\"core core-group\" ><div class=\"container\">\n<div class=\"wp-block-group\"><div class=\"wp-block-group__inner-container is-layout-constrained wp-block-group-is-layout-constrained\">\n<h1 class=\"wp-block-heading\"><strong>Politique de confidentialit\u00e9 de Biotrial<\/strong><\/h1>\n\n\n\n<p><strong>Cette politique de confidentialit\u00e9 explique comment notre organisation utilise les donn\u00e9es personnelles que nous collectons.<\/strong><\/p>\n\n\n\n<p id=\"E218\"><strong>Sujets<\/strong> <strong>:<\/strong><\/p>\n\n\n\n<ul class=\"wp-block-list\">\n<li>Quelles donn\u00e9es collectons-nous ?<\/li>\n\n\n\n<li>Comment collectons-nous vos donn\u00e9es ?<\/li>\n\n\n\n<li>Comment utiliserons-nous vos donn\u00e9es ?<\/li>\n\n\n\n<li>Comment stockons-nous vos donn\u00e9es ?<\/li>\n\n\n\n<li>Marketing<\/li>\n\n\n\n<li>Quels sont vos droits en mati\u00e8re de protection des donn\u00e9es ?<\/li>\n\n\n\n<li>Quels sont les cookies ?<\/li>\n\n\n\n<li>Comment utilisons-nous les cookies ?<\/li>\n\n\n\n<li>Quels types de cookies utilisons-nous ?<\/li>\n\n\n\n<li>Comment g\u00e9rer vos cookies<\/li>\n\n\n\n<li>Politiques de confidentialit\u00e9 d&#8217;autres sites web<\/li>\n\n\n\n<li>Modifications de notre politique de confidentialit\u00e9<\/li>\n\n\n\n<li>Comment nous contacter<\/li>\n<\/ul>\n<\/div><\/div>\n<\/div><\/section>\n\n<section class=\"core core-group\" ><div class=\"container\">\n<div class=\"wp-block-group\"><div class=\"wp-block-group__inner-container is-layout-constrained wp-block-group-is-layout-constrained\">\n<h2 class=\"wp-block-heading\" id=\"collect\"><strong>Quelles informations recueillons-nous ?<\/strong><\/h2>\n\n\n\n<p>Biotrial collecte les donn\u00e9es suivantes :<\/p>\n\n\n\n<ul class=\"wp-block-list\">\n<li>Informations d&#8217;identification personnelles (Nom, adresse e-mail, num\u00e9ro de t\u00e9l\u00e9phone, etc.)<\/li>\n<\/ul>\n<\/div><\/div>\n<\/div><\/section>\n\n<section class=\"core core-group\" ><div class=\"container\">\n<div class=\"wp-block-group\"><div class=\"wp-block-group__inner-container is-layout-constrained wp-block-group-is-layout-constrained\">\n<h2 class=\"wp-block-heading\"><strong>Comment recueillons-nous vos donn\u00e9es ?<\/strong><\/h2>\n\n\n\n<p>Vous fournissez directement \u00e0 Biotrial la plupart des donn\u00e9es que nous collectons. Nous recueillons des donn\u00e9es et les traitons lorsque vous :<\/p>\n\n\n\n<ul class=\"wp-block-list\">\n<li>Remplissez volontairement le formulaire de contact.<\/li>\n\n\n\n<li>Utilisez ou consultez notre site Web via les cookies de votre navigateur.<\/li>\n<\/ul>\n<\/div><\/div>\n<\/div><\/section>\n\n<section class=\"core core-group\" ><div class=\"container\">\n<div class=\"wp-block-group\"><div class=\"wp-block-group__inner-container is-layout-constrained wp-block-group-is-layout-constrained\">\n<h2 class=\"wp-block-heading\"><strong>Comment utiliserons-nous vos donn\u00e9es ?<\/strong><\/h2>\n\n\n\n<p>Biotrial collecte vos donn\u00e9es afin de :<\/p>\n\n\n\n<ul class=\"wp-block-list\">\n<li>Vous envoyer des e-mails avec des services que nous pensons susceptibles de vous int\u00e9resser.<\/li>\n\n\n\n<li>Utiliser vos donn\u00e9es dans le cadre de votre candidature \u00e0 un poste.<\/li>\n<\/ul>\n<\/div><\/div>\n<\/div><\/section>\n\n<section class=\"core core-group\" ><div class=\"container\">\n<div class=\"wp-block-group\"><div class=\"wp-block-group__inner-container is-layout-constrained wp-block-group-is-layout-constrained\">\n<h2 class=\"wp-block-heading\"><strong>Comment stockons-nous vos donn\u00e9es ?<\/strong><\/h2>\n\n\n\n<p>Biotrial stocke vos donn\u00e9es de mani\u00e8re s\u00e9curis\u00e9e chez OVH 2 rue Kellermann \u2013 BP 80157 59053 ROUBAIX CEDEX 1.<\/p>\n\n\n\n<p>Pour les utilisateurs qui s&#8217;inscrivent sur notre site Web, nous stockons \u00e9galement les donn\u00e9es personnelles indiqu\u00e9es dans leur profil. Tous les utilisateurs peuvent voir, modifier ou supprimer leurs donn\u00e9es personnelles \u00e0 tout moment (sauf leur nom d&#8217;utilisateur). Les gestionnaires du site Web peuvent \u00e9galement voir et modifier ces informations.<\/p>\n<\/div><\/div>\n<\/div><\/section>\n\n<section class=\"core core-group\" ><div class=\"container\">\n<div class=\"wp-block-group\"><div class=\"wp-block-group__inner-container is-layout-constrained wp-block-group-is-layout-constrained\">\n<h2 class=\"wp-block-heading\">Marketing<\/h2>\n\n\n\n<p>Biotrial pourrait vous envoyer des informations sur des services que nous pensons susceptibles de vous int\u00e9resser.<\/p>\n\n\n\n<p>Si vous avez accept\u00e9 de recevoir des informations marketing&#8230;, vous pouvez toujours choisir de vous d\u00e9sinscrire ult\u00e9rieurement.<\/p>\n<\/div><\/div>\n<\/div><\/section>\n\n<section class=\"core core-group\" ><div class=\"container\">\n<div class=\"wp-block-group\"><div class=\"wp-block-group__inner-container is-layout-constrained wp-block-group-is-layout-constrained\">\n<h2 class=\"wp-block-heading\"><strong>Quels sont vos droits en mati\u00e8re de protection des donn\u00e9es ?<\/strong><\/h2>\n\n\n\n<p>Biotrial tient \u00e0 vous informer pleinement de tous vos droits en mati\u00e8re de protection des donn\u00e9es. Chaque utilisateur a droit aux \u00e9l\u00e9ments suivants :<\/p>\n\n\n\n<p><strong>Le droit d&#8217;acc\u00e8s<\/strong> &#8211; Vous avez le droit de demander \u00e0 Biotrial des copies de vos donn\u00e9es personnelles.<\/p>\n\n\n\n<p><strong>Le droit de rectification<\/strong> &#8211; Vous avez le droit de demander \u00e0 Biotrial de corriger toute information que vous estimez inexacte. Vous avez \u00e9galement le droit de demander \u00e0 Biotrial de compl\u00e9ter les informations que vous estimez incompl\u00e8tes.<\/p>\n\n\n\n<p><strong>Le droit \u00e0 l&#8217;effacement<\/strong> &#8211; Vous avez le droit de demander \u00e0 Biotrial d&#8217;effacer vos donn\u00e9es personnelles, dans certaines conditions.<\/p>\n\n\n\n<p id=\"E859\"><strong>Le droit \u00e0 la limitation du traitement<\/strong> &#8211; Vous avez le droit de demander \u00e0 Biotrial de limiter le traitement de vos donn\u00e9es personnelles, dans certaines conditions.<\/p>\n\n\n\n<p id=\"E890\"><strong>Le droit d&#8217;opposition au traitement<\/strong> &#8211; Vous avez le droit de vous opposer au traitement de vos donn\u00e9es personnelles par Biotrial, dans certaines conditions.<\/p>\n\n\n\n<p id=\"E925\"><strong>Le droit \u00e0 la portabilit\u00e9 des donn\u00e9es<\/strong> &#8211; Vous avez le droit de demander \u00e0 Biotrial de transf\u00e9rer les donn\u00e9es que nous avons collect\u00e9es \u00e0 une autre organisation, ou directement \u00e0 vous, dans certaines conditions.<\/p>\n\n\n\n<p>Si vous formulez une demande, nous avons un mois pour vous r\u00e9pondre. Si vous souhaitez exercer l&#8217;un de ces droits, veuillez nous contacter :<\/p>\n\n\n\n<p>Envoyez-nous un e-mail \u00e0 : <a href=\"mailto:Bastien.Jego@biotrial.com\">Bastien.Jego@biotrial.com<\/a><\/p>\n\n\n\n<p>Ou \u00e9crivez-nous \u00e0 : Bastien Jego, 7-9 Rue Jean-Louis Bertrand, 35000 Rennes, France.<\/p>\n<\/div><\/div>\n<\/div><\/section>\n\n<section class=\"core core-group\" ><div class=\"container\">\n<div class=\"wp-block-group\"><div class=\"wp-block-group__inner-container is-layout-constrained wp-block-group-is-layout-constrained\">\n<h2 class=\"wp-block-heading\"><strong>Qu&#8217;est-ce que les cookies ?<\/strong><\/h2>\n\n\n\n<p id=\"E1016\">Les cookies sont des fichiers texte plac\u00e9s sur votre ordinateur pour collecter des informations standard de connexion Internet et des informations sur le comportement des visiteurs. Lorsque vous visitez nos sites Web, nous pouvons collecter automatiquement des informations vous concernant gr\u00e2ce \u00e0 des cookies ou des technologies similaires.<\/p>\n<\/div><\/div>\n<\/div><\/section>\n\n<section class=\"core core-group\" ><div class=\"container\">\n<div class=\"wp-block-group\"><div class=\"wp-block-group__inner-container is-layout-constrained wp-block-group-is-layout-constrained\">\n<h2 class=\"wp-block-heading\"><strong>Comment utilisons-nous les cookies ?<\/strong><\/h2>\n\n\n\n<p>Biotrial utilise les cookies de diff\u00e9rentes mani\u00e8res pour am\u00e9liorer votre exp\u00e9rience sur notre site Web, notamment :<\/p>\n\n\n\n<ul class=\"wp-block-list\">\n<li>Vous maintenir connect\u00e9<\/li>\n\n\n\n<li>Comprendre comment vous utilisez notre site Web<\/li>\n<\/ul>\n<\/div><\/div>\n<\/div><\/section>\n\n<section class=\"core core-group\" ><div class=\"container\">\n<div class=\"wp-block-group\"><div class=\"wp-block-group__inner-container is-layout-constrained wp-block-group-is-layout-constrained\">\n<h2 class=\"wp-block-heading\"><strong>Quels types de cookies utilisons-nous ?<\/strong><\/h2>\n\n\n\n<p id=\"E1147\">Il existe plusieurs types de cookies diff\u00e9rents, cependant, notre site Web utilise :<\/p>\n\n\n\n<ul class=\"wp-block-list\">\n<li>Fonctionnalit\u00e9 &#8211; Biotrial utilise ces cookies afin de vous reconna\u00eetre sur notre site Web et de se souvenir de vos pr\u00e9f\u00e9rences pr\u00e9c\u00e9demment s\u00e9lectionn\u00e9es. Cela pourrait inclure la langue que vous pr\u00e9f\u00e9rez et votre emplacement. Nous utilisons un m\u00e9lange de cookies propri\u00e9taires et tiers.<\/li>\n\n\n\n<li>Publicit\u00e9 &#8211; Biotrial utilise ces cookies pour collecter des informations sur votre visite sur notre site Web, le contenu que vous avez consult\u00e9, les liens que vous avez suivis, ainsi que des informations sur votre navigateur, votre appareil et votre adresse IP.<\/li>\n<\/ul>\n<\/div><\/div>\n<\/div><\/section>\n\n<section class=\"core core-group\" ><div class=\"container\">\n<div class=\"wp-block-group\"><div class=\"wp-block-group__inner-container is-layout-constrained wp-block-group-is-layout-constrained\">\n<h2 class=\"wp-block-heading\" id=\"E1228\"><strong>Comment g\u00e9rer les cookies<\/strong><\/h2>\n\n\n\n<p id=\"E1237\">Vous pouvez configurer votre navigateur pour qu&#8217;il n&#8217;accepte pas les cookies, et le site Web ci-dessus vous indique comment supprimer les cookies de votre navigateur. Cependant, dans quelques cas, certaines fonctionnalit\u00e9s de notre site Web peuvent ne pas fonctionner en cons\u00e9quence.<\/p>\n\n\n\n<div class=\"wp-block-buttons is-layout-flex wp-block-buttons-is-layout-flex\">\n<div class=\"wp-block-button\"><a class=\"wp-block-button__link wp-element-button\" href=\"#tarteaucitron\"><strong><mark style=\"background-color:rgba(0, 0, 0, 0)\" class=\"has-inline-color has-blanc-color\">CONSULTER\/CUSTOMISER VOS COOKIES<\/mark><\/strong><\/a><\/div>\n<\/div>\n<\/div><\/div>\n<\/div><\/section>\n\n<section class=\"core core-group\" ><div class=\"container\">\n<div class=\"wp-block-group\"><div class=\"wp-block-group__inner-container is-layout-constrained wp-block-group-is-layout-constrained\">\n<h2 class=\"wp-block-heading\" id=\"E1274\"><strong>Politiques de confidentialit\u00e9 des autres sites Web<\/strong><\/h2>\n\n\n\n<p id=\"E1284\">Le site Web de Biotrial contient des liens vers d&#8217;autres sites Web. Notre politique de confidentialit\u00e9 s&#8217;applique uniquement \u00e0 notre site Web. Par cons\u00e9quent, si vous cliquez sur un lien vers un autre site Web, vous devez lire leur politique de confidentialit\u00e9.<\/p>\n<\/div><\/div>\n<\/div><\/section>\n\n<section class=\"core core-group\" ><div class=\"container\">\n<div class=\"wp-block-group\"><div class=\"wp-block-group__inner-container is-layout-constrained wp-block-group-is-layout-constrained\">\n<h2 class=\"wp-block-heading\" id=\"E1309\"><strong>\u00c9volution de notre politique de confidentialit\u00e9<\/strong><\/h2>\n\n\n\n<p id=\"E1319\">Biotrial examine r\u00e9guli\u00e8rement sa politique de confidentialit\u00e9 et publie toutes les mises \u00e0 jour sur cette page web. Cette politique de confidentialit\u00e9 a \u00e9t\u00e9 mise \u00e0 jour pour la derni\u00e8re fois le 21 avril 2023.<\/p>\n<\/div><\/div>\n<\/div><\/section>\n\n<section class=\"core core-group\" ><div class=\"container\">\n<div class=\"wp-block-group\"><div class=\"wp-block-group__inner-container is-layout-constrained wp-block-group-is-layout-constrained\">\n<h2 class=\"wp-block-heading\" id=\"E1344\"><strong>Comment nous contacter<\/strong><\/h2>\n\n\n\n<p>Si vous avez des questions concernant la politique de confidentialit\u00e9 de Biotrial, les donn\u00e9es que nous d\u00e9tenons \u00e0 votre sujet, ou si vous souhaitez exercer l&#8217;un de vos droits en mati\u00e8re de protection des donn\u00e9es, n&#8217;h\u00e9sitez pas \u00e0 nous contacter.<\/p>\n\n\n\n<p>Envoyez-nous un e-mail \u00e0 : contact@biotrial.com<\/p>\n\n\n\n<p>Appelez-nous au : +33 (0)2 99 59 91 91<\/p>\n\n\n\n<p>Ou \u00e9crivez-nous \u00e0 l&#8217;adresse suivante : 7-9 Rue Jean-Louis Bertrand, 35000 Rennes, France<\/p>\n<\/div><\/div>\n<\/div><\/section>","protected":false},"excerpt":{"rendered":"<p>Politique de confidentialit\u00e9 de Biotrial Cette politique de confidentialit\u00e9 explique comment notre organisation utilise les donn\u00e9es personnelles que nous collectons. Sujets : Quelles informations recueillons-nous ? Biotrial collecte les donn\u00e9es suivantes : Comment recueillons-nous vos donn\u00e9es ? Vous fournissez directement \u00e0 Biotrial la plupart des donn\u00e9es que nous collectons. Nous recueillons des donn\u00e9es et les [&hellip;]<\/p>\n","protected":false},"author":1,"featured_media":0,"parent":0,"menu_order":0,"comment_status":"closed","ping_status":"closed","template":"","meta":{"_acf_changed":false,"footnotes":""},"class_list":["post-8035","page","type-page","status-publish","hentry"],"acf":[],"yoast_head":"<!-- This site is optimized with the Yoast SEO plugin v27.3 - https:\/\/yoast.com\/product\/yoast-seo-wordpress\/ -->\n<title>Biotrial\u2019s Privacy Policy | Biotrial<\/title>\n<meta name=\"robots\" content=\"index, follow, max-snippet:-1, max-image-preview:large, max-video-preview:-1\" \/>\n<link rel=\"canonical\" href=\"https:\/\/www.biotrial.com\/fr-ca\/mentions-legales\/\" \/>\n<meta property=\"og:locale\" content=\"fr_CA\" \/>\n<meta property=\"og:type\" content=\"article\" \/>\n<meta property=\"og:title\" content=\"Biotrial\u2019s Privacy Policy | Biotrial\" \/>\n<meta property=\"og:description\" content=\"Politique de confidentialit\u00e9 de Biotrial Cette politique de confidentialit\u00e9 explique comment notre organisation utilise les donn\u00e9es personnelles que nous collectons. Sujets : Quelles informations recueillons-nous ? Biotrial collecte les donn\u00e9es suivantes : Comment recueillons-nous vos donn\u00e9es ? Vous fournissez directement \u00e0 Biotrial la plupart des donn\u00e9es que nous collectons. Nous recueillons des donn\u00e9es et les [&hellip;]\" \/>\n<meta property=\"og:url\" content=\"https:\/\/www.biotrial.com\/fr-ca\/mentions-legales\/\" \/>\n<meta property=\"og:site_name\" content=\"Biotrial\" \/>\n<meta property=\"article:modified_time\" content=\"2025-04-03T12:25:59+00:00\" \/>\n<meta name=\"twitter:card\" content=\"summary_large_image\" \/>\n<meta name=\"twitter:label1\" content=\"Est. reading time\" \/>\n\t<meta name=\"twitter:data1\" content=\"4 minutes\" \/>\n<script type=\"application\/ld+json\" class=\"yoast-schema-graph\">{\"@context\":\"https:\\\/\\\/schema.org\",\"@graph\":[{\"@type\":\"WebPage\",\"@id\":\"https:\\\/\\\/www.biotrial.com\\\/fr-ca\\\/mentions-legales\\\/\",\"url\":\"https:\\\/\\\/www.biotrial.com\\\/fr-ca\\\/mentions-legales\\\/\",\"name\":\"Biotrial\u2019s Privacy Policy | Biotrial\",\"isPartOf\":{\"@id\":\"https:\\\/\\\/www.biotrial.com\\\/fr-ca\\\/#website\"},\"datePublished\":\"2022-10-11T07:44:52+00:00\",\"dateModified\":\"2025-04-03T12:25:59+00:00\",\"breadcrumb\":{\"@id\":\"https:\\\/\\\/www.biotrial.com\\\/fr-ca\\\/mentions-legales\\\/#breadcrumb\"},\"inLanguage\":\"fr-CA\",\"potentialAction\":[{\"@type\":\"ReadAction\",\"target\":[\"https:\\\/\\\/www.biotrial.com\\\/fr-ca\\\/mentions-legales\\\/\"]}]},{\"@type\":\"BreadcrumbList\",\"@id\":\"https:\\\/\\\/www.biotrial.com\\\/fr-ca\\\/mentions-legales\\\/#breadcrumb\",\"itemListElement\":[{\"@type\":\"ListItem\",\"position\":1,\"name\":\"Home\",\"item\":\"https:\\\/\\\/www.biotrial.com\\\/fr-ca\\\/\"},{\"@type\":\"ListItem\",\"position\":2,\"name\":\"Biotrial\u2019s Privacy Policy\"}]},{\"@type\":\"WebSite\",\"@id\":\"https:\\\/\\\/www.biotrial.com\\\/fr-ca\\\/#website\",\"url\":\"https:\\\/\\\/www.biotrial.com\\\/fr-ca\\\/\",\"name\":\"Biotrial\",\"description\":\"Just another WordPress site\",\"potentialAction\":[{\"@type\":\"SearchAction\",\"target\":{\"@type\":\"EntryPoint\",\"urlTemplate\":\"https:\\\/\\\/www.biotrial.com\\\/fr-ca\\\/?s={search_term_string}\"},\"query-input\":{\"@type\":\"PropertyValueSpecification\",\"valueRequired\":true,\"valueName\":\"search_term_string\"}}],\"inLanguage\":\"fr-CA\"}]}<\/script>\n<!-- \/ Yoast SEO plugin. -->","yoast_head_json":{"title":"Biotrial\u2019s Privacy Policy | Biotrial","robots":{"index":"index","follow":"follow","max-snippet":"max-snippet:-1","max-image-preview":"max-image-preview:large","max-video-preview":"max-video-preview:-1"},"canonical":"https:\/\/www.biotrial.com\/fr-ca\/mentions-legales\/","og_locale":"fr_CA","og_type":"article","og_title":"Biotrial\u2019s Privacy Policy | Biotrial","og_description":"Politique de confidentialit\u00e9 de Biotrial Cette politique de confidentialit\u00e9 explique comment notre organisation utilise les donn\u00e9es personnelles que nous collectons. Sujets : Quelles informations recueillons-nous ? Biotrial collecte les donn\u00e9es suivantes : Comment recueillons-nous vos donn\u00e9es ? Vous fournissez directement \u00e0 Biotrial la plupart des donn\u00e9es que nous collectons. Nous recueillons des donn\u00e9es et les [&hellip;]","og_url":"https:\/\/www.biotrial.com\/fr-ca\/mentions-legales\/","og_site_name":"Biotrial","article_modified_time":"2025-04-03T12:25:59+00:00","twitter_card":"summary_large_image","twitter_misc":{"Est. reading time":"4 minutes"},"schema":{"@context":"https:\/\/schema.org","@graph":[{"@type":"WebPage","@id":"https:\/\/www.biotrial.com\/fr-ca\/mentions-legales\/","url":"https:\/\/www.biotrial.com\/fr-ca\/mentions-legales\/","name":"Biotrial\u2019s Privacy Policy | Biotrial","isPartOf":{"@id":"https:\/\/www.biotrial.com\/fr-ca\/#website"},"datePublished":"2022-10-11T07:44:52+00:00","dateModified":"2025-04-03T12:25:59+00:00","breadcrumb":{"@id":"https:\/\/www.biotrial.com\/fr-ca\/mentions-legales\/#breadcrumb"},"inLanguage":"fr-CA","potentialAction":[{"@type":"ReadAction","target":["https:\/\/www.biotrial.com\/fr-ca\/mentions-legales\/"]}]},{"@type":"BreadcrumbList","@id":"https:\/\/www.biotrial.com\/fr-ca\/mentions-legales\/#breadcrumb","itemListElement":[{"@type":"ListItem","position":1,"name":"Home","item":"https:\/\/www.biotrial.com\/fr-ca\/"},{"@type":"ListItem","position":2,"name":"Biotrial\u2019s Privacy Policy"}]},{"@type":"WebSite","@id":"https:\/\/www.biotrial.com\/fr-ca\/#website","url":"https:\/\/www.biotrial.com\/fr-ca\/","name":"Biotrial","description":"Just another WordPress site","potentialAction":[{"@type":"SearchAction","target":{"@type":"EntryPoint","urlTemplate":"https:\/\/www.biotrial.com\/fr-ca\/?s={search_term_string}"},"query-input":{"@type":"PropertyValueSpecification","valueRequired":true,"valueName":"search_term_string"}}],"inLanguage":"fr-CA"}]}},"_links":{"self":[{"href":"https:\/\/www.biotrial.com\/fr-ca\/wp-json\/wp\/v2\/pages\/8035","targetHints":{"allow":["GET"]}}],"collection":[{"href":"https:\/\/www.biotrial.com\/fr-ca\/wp-json\/wp\/v2\/pages"}],"about":[{"href":"https:\/\/www.biotrial.com\/fr-ca\/wp-json\/wp\/v2\/types\/page"}],"author":[{"embeddable":true,"href":"https:\/\/www.biotrial.com\/fr-ca\/wp-json\/wp\/v2\/users\/1"}],"replies":[{"embeddable":true,"href":"https:\/\/www.biotrial.com\/fr-ca\/wp-json\/wp\/v2\/comments?post=8035"}],"version-history":[{"count":3,"href":"https:\/\/www.biotrial.com\/fr-ca\/wp-json\/wp\/v2\/pages\/8035\/revisions"}],"predecessor-version":[{"id":10946,"href":"https:\/\/www.biotrial.com\/fr-ca\/wp-json\/wp\/v2\/pages\/8035\/revisions\/10946"}],"wp:attachment":[{"href":"https:\/\/www.biotrial.com\/fr-ca\/wp-json\/wp\/v2\/media?parent=8035"}],"curies":[{"name":"wp","href":"https:\/\/api.w.org\/{rel}","templated":true}]}}